{"id":1527,"date":"2022-12-12T10:21:53","date_gmt":"2022-12-12T09:21:53","guid":{"rendered":"https:\/\/www.campingsersirant.fr\/toerisme-grenoble\/"},"modified":"2022-12-12T17:04:22","modified_gmt":"2022-12-12T16:04:22","slug":"toerisme-grenoble","status":"publish","type":"page","link":"https:\/\/www.campingsersirant.fr\/nl\/toerisme-grenoble\/","title":{"rendered":"Grenoble"},"content":{"rendered":"<section id=\"ls-section-block_a6398a74ea55ad93c6d2fe993fc7ff87\" class=\"ls-section  has-p-t p-t-14\" >\n        <div class=\"container \">\n        \n\n<h1 class=\"ls__heading has-text-align-center feuille-deco wp-block-heading\">Bezoek Grenoble, een innovatieve stad<\/h1>\n\n\n    <\/div>\n<\/section>\n\n<section id=\"ls-section-block_10714bffcbe7e2bdae508501afbfd8e2\" class=\"ls-section  page-one has-p-b p-b-14\" >\n        <div class=\"container container--wide\">\n        \n\n<div class=\"wp-block-columns is-layout-flex wp-container-core-columns-is-layout-9d6595d7 wp-block-columns-is-layout-flex\">\n<div class=\"wp-block-column is-vertically-aligned-center is-layout-flow wp-block-column-is-layout-flow\" style=\"flex-basis:33.33%\">\n<h2 class=\"ls__heading deco-gauche wp-block-heading\">Activiteiten in Grenoble<\/h2>\n\n\n\n<p class=\"ls-paragraph\">Als toeristische familiebestemming biedt <a href=\"https:\/\/www.grenoble.fr\/\" target=\"_blank\" rel=\"noreferrer noopener nofollow\">Grenoble<\/a> een breed scala aan activiteiten voor vakantiegangers die in de buurt van <a href=\"\/nl\/\">camping Saint Th\u00e9offrey<\/a> verblijven. De zomerrodelbaan is het hele jaar geopend, wintersport is slechts 20 minuten van het stadscentrum verwijderd, en klimmen en wandelen zijn mogelijk in de zomer.<\/p>\n\n\n\n<p class=\"ls-paragraph\"><strong>Watersporten<\/strong> zijn alomtegenwoordig, op de Is\u00e8re en de Drac, maar ook op het meer van Taillat ten oosten van de stad.<\/p>\n\n\n\n<p class=\"ls-paragraph\">Voor gezinnen kan de stad worden bezocht dankzij een levensgroot ontsnappingsspel, een avonturenparcours of het toeristentreintje van Grenoble. Er zijn ook hoogwaardige <strong>sportfaciliteiten<\/strong>, van het aquacentrum tot de ijsbaan en de golfbaan.<\/p>\n<\/div>\n\n\n\n<div class=\"wp-block-column is-layout-flow wp-block-column-is-layout-flow\" style=\"flex-basis:66.66%\">\n<figure class=\"wp-block-image size-full arrondi-bas-gauche animated slideInRight delay-200ms slow\"><img decoding=\"async\" width=\"856\" height=\"586\" src=\"https:\/\/www.campingsersirant.fr\/wp-content\/uploads\/2022\/11\/escape-game.jpg\" alt=\"ontsnappingsspel\" class=\"wp-image-977\" title=\"\" srcset=\"https:\/\/www.campingsersirant.fr\/wp-content\/uploads\/2022\/11\/escape-game.jpg 856w, https:\/\/www.campingsersirant.fr\/wp-content\/uploads\/2022\/11\/escape-game-300x205.jpg 300w, https:\/\/www.campingsersirant.fr\/wp-content\/uploads\/2022\/11\/escape-game-768x526.jpg 768w\" sizes=\"(max-width: 856px) 100vw, 856px\" \/><\/figure>\n<\/div>\n<\/div>\n\n\n    <\/div>\n<\/section>\n\n<section id=\"ls-section-block_9be256cf42139f22b5ae9f47d4461763\" class=\"ls-section  page-five has-background has-color-5-background-color has-p-t p-t-14 has-p-b p-b-14\" >\n        <div class=\"container container--wide\">\n        \n\n<div class=\"wp-block-columns is-layout-flex wp-container-core-columns-is-layout-9d6595d7 wp-block-columns-is-layout-flex\">\n<div class=\"wp-block-column is-layout-flow wp-block-column-is-layout-flow\">\n<figure class=\"wp-block-image size-full arrondi-haut-gauche has-m-b m-b-8 animated slideInRight delay-200ms slow\"><img decoding=\"async\" width=\"856\" height=\"586\" src=\"https:\/\/www.campingsersirant.fr\/wp-content\/uploads\/2022\/11\/grenoble.jpg\" alt=\"camping grenoble\" class=\"wp-image-922\" srcset=\"https:\/\/www.campingsersirant.fr\/wp-content\/uploads\/2022\/11\/grenoble.jpg 856w, https:\/\/www.campingsersirant.fr\/wp-content\/uploads\/2022\/11\/grenoble-300x205.jpg 300w, https:\/\/www.campingsersirant.fr\/wp-content\/uploads\/2022\/11\/grenoble-768x526.jpg 768w\" sizes=\"(max-width: 856px) 100vw, 856px\" \/><\/figure>\n\n\n\n<h2 class=\"ls__heading has-m-l m-l-10 deco-gauche wp-block-heading\">Gastronomische specialiteiten<\/h2>\n\n\n\n<p class=\"ls-paragraph\">De <strong>gastronomische cultuur<\/strong> maakt integraal deel uit van het erfgoed en het toerisme van Grenoble.<\/p>\n\n\n\n<p class=\"ls-paragraph\">Uw vakantie in Is\u00e8re zal een gelegenheid zijn om <strong>lokale specialiteiten<\/strong> en producten te ontdekken in de gastronomische winkels van het stadscentrum, in de kraampjes van de Halles Sainte-Claire, in restaurants en bij de producenten in de omgeving.<\/p>\n\n\n\n<p class=\"ls-paragraph\">Tot de <strong>emblematische producten van Grenoble<\/strong> behoren de beroemde walnoten, de basis van vele recepten, maar ook de Vercors Sassenage blauwe kaas, de Saint-Marcellin, de Royans ravioli, de Matheysine mur\u00e7on, de mythische Chartreuse en de Grenoble wijnen.<\/p>\n<\/div>\n\n\n\n<div class=\"wp-block-column is-vertically-aligned-center is-layout-flow wp-block-column-is-layout-flow\">\n<h2 class=\"ls__heading has-m-l m-l-10 deco-gauche wp-block-heading\">Niet te missen culturele bezoeken<\/h2>\n\n\n\n<p class=\"ls-paragraph\">Tot de toeristische trekpleisters in Grenoble behoren verschillende <strong>boeiende musea<\/strong> voor alle leeftijden: het Ancien \u00c9v\u00each\u00e9, het Beaux-Arts, het Archeologisch, het Dauphinois en het Natuurhistorisch museum.<\/p>\n\n\n\n<p class=\"ls-paragraph\">Het Bastille fort, een must-see tijdens uw verblijf in Grenoble, kan worden bereikt met de emblematische ei kabelbaan. De site biedt een uniek uitzicht op de hele stad.<\/p>\n\n\n\n<p class=\"ls-paragraph\">Tijdens een wandeling door het stadscentrum ontdekt u ook de <strong>erfgoedschatten<\/strong> van Grenoble, waaronder het voormalige Parlementspaleis, het Sainte-C\u00e9cile-klooster, de Sainte-Marie d&#8217;en Haut-kapel, de Halles Sainte-Claire, de Perret-toren en de Isle-toren.<\/p>\n\n\n\n<figure class=\"wp-block-image size-full arrondi-bas-droite has-m-t m-t-8 animated slideInLeft delay-200ms slow\"><img decoding=\"async\" width=\"856\" height=\"586\" src=\"https:\/\/www.campingsersirant.fr\/wp-content\/uploads\/2022\/11\/vins-grenoble.jpg\" alt=\"wijnen grenoble\" class=\"wp-image-980\" srcset=\"https:\/\/www.campingsersirant.fr\/wp-content\/uploads\/2022\/11\/vins-grenoble.jpg 856w, https:\/\/www.campingsersirant.fr\/wp-content\/uploads\/2022\/11\/vins-grenoble-300x205.jpg 300w, https:\/\/www.campingsersirant.fr\/wp-content\/uploads\/2022\/11\/vins-grenoble-768x526.jpg 768w\" sizes=\"(max-width: 856px) 100vw, 856px\" \/><\/figure>\n<\/div>\n<\/div>\n\n\n    <\/div>\n<\/section>\n\n<section id=\"ls-section-block_db8ab88f8ac0e36613c3f9ceefb6cea0\" class=\"ls-section  page-maillage has-p-t p-t-14 has-p-b p-b-14\" >\n        <div class=\"container container--wide\">\n        \n\n<div id=\"ls-heading ls-titre-div-block_ba4c8dbbc573c6997ca190adfac0fa8f\" class=\"ls-titre-div aligncenter h2-like\" >\n    Ontdek de activiteiten van onze camping en de omgeving.<\/div>\n\n\n<div id=\"ls-maillage-block_3ad1030a1a6c45f11f92d8cfaa7e53bb\" class=\"ls-maillage cta-style-normal has-p-t p-t-8\" data-rows=\"3\">\n    <div class=\"wp-block-columns\"><div class=\"wp-block-column\">\n\n<a href=\"https:\/\/www.campingsersirant.fr\/nl\/camping-animaties-saint-theoffrey\/\" target=\"\" rel=\"noopener\" class=\"ls-cta__link\">\n\n\t<div class=\"ls-cta__image\"><img decoding=\"async\" src=\"https:\/\/www.campingsersirant.fr\/wp-content\/uploads\/2022\/11\/animations-camping.jpg\" alt=\"animation camping\"><\/div>\n\t<div class=\"ls-cta__title\">\n\t\tAnimaties en activiteiten\t<\/div>\n\n\t\t\n<\/a><\/div><div class=\"wp-block-column\">\n\n<a href=\"https:\/\/www.campingsersirant.fr\/nl\/toerisme-auvergne\/\" target=\"\" rel=\"noopener\" class=\"ls-cta__link\">\n\n\t<div class=\"ls-cta__image\"><img decoding=\"async\" src=\"https:\/\/www.campingsersirant.fr\/wp-content\/uploads\/2023\/02\/viister-isere.jpg\" alt=\"viister isere\"><\/div>\n\t<div class=\"ls-cta__title\">\n\t\tOnze regio\t<\/div>\n\n\t\t\n<\/a><\/div><div class=\"wp-block-column\">\n\n<a href=\"https:\/\/www.campingsersirant.fr\/nl\/camping-lakeside-saint-theoffrey\/\" target=\"\" rel=\"noopener\" class=\"ls-cta__link\">\n\n\t<div class=\"ls-cta__image\"><img decoding=\"async\" src=\"https:\/\/www.campingsersirant.fr\/wp-content\/uploads\/2022\/11\/camping-ser-sirant-sports-aquatiques-en-isere-768x576.jpg\" alt=\"camping ser sirant\"><\/div>\n\t<div class=\"ls-cta__title\">\n\t\tLakeside\t<\/div>\n\n\t\t\n<\/a><\/div><\/div><\/div>\n\n    <\/div>\n<\/section>","protected":false},"excerpt":{"rendered":"","protected":false},"author":1,"featured_media":1389,"parent":0,"menu_order":0,"comment_status":"closed","ping_status":"closed","template":"","meta":{"_acf_changed":false,"footnotes":""},"sujet":[],"class_list":["post-1527","page","type-page","status-publish","has-post-thumbnail","hentry"],"acf":[],"yoast_head":"<!-- This site is optimized with the Yoast SEO plugin v25.3 - https:\/\/yoast.com\/wordpress\/plugins\/seo\/ -->\n<title>Toerisme in Grenoble | Verblijf in Grenoble | Bezoek aan Grenoble<\/title>\n<meta name=\"robots\" content=\"index, follow, max-snippet:-1, max-image-preview:large, max-video-preview:-1\" \/>\n<link rel=\"canonical\" href=\"https:\/\/www.campingsersirant.fr\/nl\/toerisme-grenoble\/\" \/>\n<meta property=\"og:locale\" content=\"nl_NL\" \/>\n<meta property=\"og:type\" content=\"article\" \/>\n<meta property=\"og:title\" content=\"Toerisme in Grenoble | Verblijf in Grenoble | Bezoek aan Grenoble\" \/>\n<meta property=\"og:url\" content=\"https:\/\/www.campingsersirant.fr\/nl\/toerisme-grenoble\/\" \/>\n<meta property=\"og:site_name\" content=\"Camping Ser Sirant\" \/>\n<meta property=\"article:modified_time\" content=\"2022-12-12T16:04:22+00:00\" \/>\n<meta property=\"og:image\" content=\"https:\/\/www.campingsersirant.fr\/wp-content\/uploads\/2022\/11\/grenoble-panoramique.jpg\" \/>\n\t<meta property=\"og:image:width\" content=\"1920\" \/>\n\t<meta property=\"og:image:height\" content=\"703\" \/>\n\t<meta property=\"og:image:type\" content=\"image\/jpeg\" \/>\n<meta name=\"twitter:card\" content=\"summary_large_image\" \/>\n<meta name=\"twitter:label1\" content=\"Geschatte leestijd\" \/>\n\t<meta name=\"twitter:data1\" content=\"3 minuten\" \/>\n<script type=\"application\/ld+json\" class=\"yoast-schema-graph\">{\"@context\":\"https:\/\/schema.org\",\"@graph\":[{\"@type\":\"WebPage\",\"@id\":\"https:\/\/www.campingsersirant.fr\/nl\/toerisme-grenoble\/\",\"url\":\"https:\/\/www.campingsersirant.fr\/nl\/toerisme-grenoble\/\",\"name\":\"Toerisme in Grenoble | Verblijf in Grenoble | Bezoek aan Grenoble\",\"isPartOf\":{\"@id\":\"https:\/\/www.campingsersirant.fr\/#website\"},\"primaryImageOfPage\":{\"@id\":\"https:\/\/www.campingsersirant.fr\/nl\/toerisme-grenoble\/#primaryimage\"},\"image\":{\"@id\":\"https:\/\/www.campingsersirant.fr\/nl\/toerisme-grenoble\/#primaryimage\"},\"thumbnailUrl\":\"https:\/\/www.campingsersirant.fr\/wp-content\/uploads\/2022\/11\/grenoble-panoramique.jpg\",\"datePublished\":\"2022-12-12T09:21:53+00:00\",\"dateModified\":\"2022-12-12T16:04:22+00:00\",\"breadcrumb\":{\"@id\":\"https:\/\/www.campingsersirant.fr\/nl\/toerisme-grenoble\/#breadcrumb\"},\"inLanguage\":\"nl-NL\",\"potentialAction\":[{\"@type\":\"ReadAction\",\"target\":[\"https:\/\/www.campingsersirant.fr\/nl\/toerisme-grenoble\/\"]}]},{\"@type\":\"ImageObject\",\"inLanguage\":\"nl-NL\",\"@id\":\"https:\/\/www.campingsersirant.fr\/nl\/toerisme-grenoble\/#primaryimage\",\"url\":\"https:\/\/www.campingsersirant.fr\/wp-content\/uploads\/2022\/11\/grenoble-panoramique.jpg\",\"contentUrl\":\"https:\/\/www.campingsersirant.fr\/wp-content\/uploads\/2022\/11\/grenoble-panoramique.jpg\",\"width\":1920,\"height\":703,\"caption\":\"grenoble panoramique\"},{\"@type\":\"BreadcrumbList\",\"@id\":\"https:\/\/www.campingsersirant.fr\/nl\/toerisme-grenoble\/#breadcrumb\",\"itemListElement\":[{\"@type\":\"ListItem\",\"position\":1,\"name\":\"Camping Ser Sirant\",\"item\":\"https:\/\/www.campingsersirant.fr\/nl\/\"},{\"@type\":\"ListItem\",\"position\":2,\"name\":\"Toerisme in Grenoble\"}]},{\"@type\":\"WebSite\",\"@id\":\"https:\/\/www.campingsersirant.fr\/#website\",\"url\":\"https:\/\/www.campingsersirant.fr\/\",\"name\":\"Camping Ser Sirant\",\"description\":\"\",\"publisher\":{\"@id\":\"https:\/\/www.campingsersirant.fr\/#organization\"},\"potentialAction\":[{\"@type\":\"SearchAction\",\"target\":{\"@type\":\"EntryPoint\",\"urlTemplate\":\"https:\/\/www.campingsersirant.fr\/?s={search_term_string}\"},\"query-input\":{\"@type\":\"PropertyValueSpecification\",\"valueRequired\":true,\"valueName\":\"search_term_string\"}}],\"inLanguage\":\"nl-NL\"},{\"@type\":\"Organization\",\"@id\":\"https:\/\/www.campingsersirant.fr\/#organization\",\"name\":\"Camping Ser Sirant\",\"url\":\"https:\/\/www.campingsersirant.fr\/\",\"logo\":{\"@type\":\"ImageObject\",\"inLanguage\":\"nl-NL\",\"@id\":\"https:\/\/www.campingsersirant.fr\/#\/schema\/logo\/image\/\",\"url\":\"https:\/\/www.campingsersirant.fr\/wp-content\/uploads\/2022\/11\/logo-camping-ser-sirant.png\",\"contentUrl\":\"https:\/\/www.campingsersirant.fr\/wp-content\/uploads\/2022\/11\/logo-camping-ser-sirant.png\",\"width\":262,\"height\":186,\"caption\":\"Camping Ser Sirant\"},\"image\":{\"@id\":\"https:\/\/www.campingsersirant.fr\/#\/schema\/logo\/image\/\"}}]}<\/script>\n<!-- \/ Yoast SEO plugin. -->","yoast_head_json":{"title":"Toerisme in Grenoble | Verblijf in Grenoble | Bezoek aan Grenoble","robots":{"index":"index","follow":"follow","max-snippet":"max-snippet:-1","max-image-preview":"max-image-preview:large","max-video-preview":"max-video-preview:-1"},"canonical":"https:\/\/www.campingsersirant.fr\/nl\/toerisme-grenoble\/","og_locale":"nl_NL","og_type":"article","og_title":"Toerisme in Grenoble | Verblijf in Grenoble | Bezoek aan Grenoble","og_url":"https:\/\/www.campingsersirant.fr\/nl\/toerisme-grenoble\/","og_site_name":"Camping Ser Sirant","article_modified_time":"2022-12-12T16:04:22+00:00","og_image":[{"width":1920,"height":703,"url":"https:\/\/www.campingsersirant.fr\/wp-content\/uploads\/2022\/11\/grenoble-panoramique.jpg","type":"image\/jpeg"}],"twitter_card":"summary_large_image","twitter_misc":{"Geschatte leestijd":"3 minuten"},"schema":{"@context":"https:\/\/schema.org","@graph":[{"@type":"WebPage","@id":"https:\/\/www.campingsersirant.fr\/nl\/toerisme-grenoble\/","url":"https:\/\/www.campingsersirant.fr\/nl\/toerisme-grenoble\/","name":"Toerisme in Grenoble | Verblijf in Grenoble | Bezoek aan Grenoble","isPartOf":{"@id":"https:\/\/www.campingsersirant.fr\/#website"},"primaryImageOfPage":{"@id":"https:\/\/www.campingsersirant.fr\/nl\/toerisme-grenoble\/#primaryimage"},"image":{"@id":"https:\/\/www.campingsersirant.fr\/nl\/toerisme-grenoble\/#primaryimage"},"thumbnailUrl":"https:\/\/www.campingsersirant.fr\/wp-content\/uploads\/2022\/11\/grenoble-panoramique.jpg","datePublished":"2022-12-12T09:21:53+00:00","dateModified":"2022-12-12T16:04:22+00:00","breadcrumb":{"@id":"https:\/\/www.campingsersirant.fr\/nl\/toerisme-grenoble\/#breadcrumb"},"inLanguage":"nl-NL","potentialAction":[{"@type":"ReadAction","target":["https:\/\/www.campingsersirant.fr\/nl\/toerisme-grenoble\/"]}]},{"@type":"ImageObject","inLanguage":"nl-NL","@id":"https:\/\/www.campingsersirant.fr\/nl\/toerisme-grenoble\/#primaryimage","url":"https:\/\/www.campingsersirant.fr\/wp-content\/uploads\/2022\/11\/grenoble-panoramique.jpg","contentUrl":"https:\/\/www.campingsersirant.fr\/wp-content\/uploads\/2022\/11\/grenoble-panoramique.jpg","width":1920,"height":703,"caption":"grenoble panoramique"},{"@type":"BreadcrumbList","@id":"https:\/\/www.campingsersirant.fr\/nl\/toerisme-grenoble\/#breadcrumb","itemListElement":[{"@type":"ListItem","position":1,"name":"Camping Ser Sirant","item":"https:\/\/www.campingsersirant.fr\/nl\/"},{"@type":"ListItem","position":2,"name":"Toerisme in Grenoble"}]},{"@type":"WebSite","@id":"https:\/\/www.campingsersirant.fr\/#website","url":"https:\/\/www.campingsersirant.fr\/","name":"Camping Ser Sirant","description":"","publisher":{"@id":"https:\/\/www.campingsersirant.fr\/#organization"},"potentialAction":[{"@type":"SearchAction","target":{"@type":"EntryPoint","urlTemplate":"https:\/\/www.campingsersirant.fr\/?s={search_term_string}"},"query-input":{"@type":"PropertyValueSpecification","valueRequired":true,"valueName":"search_term_string"}}],"inLanguage":"nl-NL"},{"@type":"Organization","@id":"https:\/\/www.campingsersirant.fr\/#organization","name":"Camping Ser Sirant","url":"https:\/\/www.campingsersirant.fr\/","logo":{"@type":"ImageObject","inLanguage":"nl-NL","@id":"https:\/\/www.campingsersirant.fr\/#\/schema\/logo\/image\/","url":"https:\/\/www.campingsersirant.fr\/wp-content\/uploads\/2022\/11\/logo-camping-ser-sirant.png","contentUrl":"https:\/\/www.campingsersirant.fr\/wp-content\/uploads\/2022\/11\/logo-camping-ser-sirant.png","width":262,"height":186,"caption":"Camping Ser Sirant"},"image":{"@id":"https:\/\/www.campingsersirant.fr\/#\/schema\/logo\/image\/"}}]}},"_links":{"self":[{"href":"https:\/\/www.campingsersirant.fr\/nl\/wp-json\/wp\/v2\/pages\/1527","targetHints":{"allow":["GET"]}}],"collection":[{"href":"https:\/\/www.campingsersirant.fr\/nl\/wp-json\/wp\/v2\/pages"}],"about":[{"href":"https:\/\/www.campingsersirant.fr\/nl\/wp-json\/wp\/v2\/types\/page"}],"author":[{"embeddable":true,"href":"https:\/\/www.campingsersirant.fr\/nl\/wp-json\/wp\/v2\/users\/1"}],"replies":[{"embeddable":true,"href":"https:\/\/www.campingsersirant.fr\/nl\/wp-json\/wp\/v2\/comments?post=1527"}],"version-history":[{"count":5,"href":"https:\/\/www.campingsersirant.fr\/nl\/wp-json\/wp\/v2\/pages\/1527\/revisions"}],"predecessor-version":[{"id":1877,"href":"https:\/\/www.campingsersirant.fr\/nl\/wp-json\/wp\/v2\/pages\/1527\/revisions\/1877"}],"wp:featuredmedia":[{"embeddable":true,"href":"https:\/\/www.campingsersirant.fr\/nl\/wp-json\/wp\/v2\/media\/1389"}],"wp:attachment":[{"href":"https:\/\/www.campingsersirant.fr\/nl\/wp-json\/wp\/v2\/media?parent=1527"}],"wp:term":[{"taxonomy":"sujet","embeddable":true,"href":"https:\/\/www.campingsersirant.fr\/nl\/wp-json\/wp\/v2\/sujet?post=1527"}],"curies":[{"name":"wp","href":"https:\/\/api.w.org\/{rel}","templated":true}]}}