{"id":1475,"date":"2022-12-08T16:24:51","date_gmt":"2022-12-08T15:24:51","guid":{"rendered":"https:\/\/www.campingsersirant.fr\/legal-notices\/"},"modified":"2022-12-12T12:24:26","modified_gmt":"2022-12-12T11:24:26","slug":"legal-notices","status":"publish","type":"page","link":"https:\/\/www.campingsersirant.fr\/en\/legal-notices\/","title":{"rendered":"Legal Notice"},"content":{"rendered":"<section id=\"ls-section-block_5d0a53f8abf899045d0a368d242e3b03\" class=\"ls-section \" >\n        <div class=\"container container--wide\">\n        \n\n<h1 class=\"ls__heading has-text-align-center feuille-deco wp-block-heading\">Legal Notice<\/h1>\n\n\n\n<h2 class=\"ls-heading wp-block-heading\">Website editor<\/h2>\n\n\n\n<p class=\"ls-paragraph\"><strong>CAMPSITE SER SIRANT<\/strong><br>This website is owned and operated by Camping de Ser Sirant (siret: 75082552300012), whose<br>The head office is located at PETICHET LAC DE LAFFREY &#8211; 38119 SAINT THEOFFREY (France).<br>Manager(s) of the establishment : Riccardo PES (Function : MANAGER)<br>NAF Code: 5530Z &#8211; CAMPING GROUNDS AND PARKS FOR CARAVANS OR LEISURE VEHICLES<br><br>Identity card of the establishment :<br>Brand : CAMPING SER SIRANT<br>Siret 75082552300012 RCS Grenoble<br>Legal form: SARL Name: Sarl Ser Sirant Vacances<br>Share capital : 10.000\u20ac.<br>Intra VAT : FR 05 75 0825523<br>Member of the F\u00e9d\u00e9ration Nationale de l&#8217;H\u00f4tellerie de Plein Air and of the FRHPA Rh\u00f4ne Alpes<\/p>\n\n\n\n<h2 class=\"ls-heading wp-block-heading\">REALIZATION<\/h2>\n\n\n\n<p class=\"ls-paragraph\"><strong>GEEK TONIC<\/strong><br>Represented by Mr. Yohan Darmayan in his capacity as Manager<br>Registered office : 1 ALL PIERRE GEORGES LATECOERE 64200 BIARRITZ<br>T\u00e9l : 05 32 74 11 52<br>E-mail : support@geek-tonic.com<br>Website: <a href=\"https:\/\/www.geek-tonic.com\/\">www.geek-tonic.com<\/a><br>SIRET : 79078282500034<br>APE : 6201Z<\/p>\n\n\n\n<h2 class=\"ls-heading wp-block-heading\">COPYRIGHT AND COPYRIGHTS<\/h2>\n\n\n\n<p class=\"ls-paragraph\">The entire content of this site is subject to copyright and intellectual property rights under French law. Any reproduction (including photos, icons and downloadable documents) is prohibited without prior agreement from GEEK TONIC. Reproduction on an electronic medium of all or part of the site in paper or electronic format is prohibited. GEEK TONIC is not responsible for the content of the website. GEEK TONIC also declines all responsibility for external links to this site.<\/p>\n\n\n\n<h2 class=\"ls-heading wp-block-heading\" id=\"m-t-6\">PERSONAL DATA AND NOMINATIVE INFORMATION<\/h2>\n\n\n\n<p class=\"ls-paragraph\">You have the right to access, modify, rectify and delete data concerning you in accordance with Article 34 of the French Data Protection Act (Loi &#8221; Informatique et Libert\u00e9s &#8221; n\u00b0 78-17 of 6 January 1978, modified on 6 August 2018). To exercise this right of access, you may make a written request to the site editor.<\/p>\n\n\n\n<h2 class=\"ls-heading wp-block-heading\">LEGISLATION<\/h2>\n\n\n\n<p class=\"ls-paragraph\">According to the law of 11 March 1957 (art. 41) and the intellectual property code of 1 July 1992, it is forbidden to reproduce partially or totally any part of the site without prior authorisation from the site editor. The logos, visuals, photos, videos, graphic charts and texts are the property of their respective owners. This site may, without its knowledge, have been linked to other sites through hypermedia links. The site editor declines all responsibility for the information presented on these other sites. The Internet user acknowledges that the use of this site is governed by French law.<\/p>\n\n\n    <\/div>\n<\/section>","protected":false},"excerpt":{"rendered":"","protected":false},"author":1,"featured_media":0,"parent":0,"menu_order":0,"comment_status":"closed","ping_status":"closed","template":"","meta":{"_acf_changed":false,"footnotes":""},"sujet":[],"class_list":["post-1475","page","type-page","status-publish","hentry"],"acf":[],"yoast_head":"<!-- This site is optimized with the Yoast SEO plugin v25.3 - https:\/\/yoast.com\/wordpress\/plugins\/seo\/ -->\n<title>Legal Notice - Camping Ser Sirant<\/title>\n<meta name=\"robots\" content=\"noindex, nofollow\" \/>\n<meta property=\"og:locale\" content=\"en_US\" \/>\n<meta property=\"og:type\" content=\"article\" \/>\n<meta property=\"og:title\" content=\"Legal Notice - Camping Ser Sirant\" \/>\n<meta property=\"og:url\" content=\"https:\/\/www.campingsersirant.fr\/en\/legal-notices\/\" \/>\n<meta property=\"og:site_name\" content=\"Camping Ser Sirant\" \/>\n<meta property=\"article:modified_time\" content=\"2022-12-12T11:24:26+00:00\" \/>\n<meta name=\"twitter:card\" content=\"summary_large_image\" \/>\n<meta name=\"twitter:label1\" content=\"Est. reading time\" \/>\n\t<meta name=\"twitter:data1\" content=\"2 minutes\" \/>\n<script type=\"application\/ld+json\" class=\"yoast-schema-graph\">{\"@context\":\"https:\/\/schema.org\",\"@graph\":[{\"@type\":\"WebPage\",\"@id\":\"https:\/\/www.campingsersirant.fr\/en\/legal-notices\/\",\"url\":\"https:\/\/www.campingsersirant.fr\/en\/legal-notices\/\",\"name\":\"Legal Notice - Camping Ser Sirant\",\"isPartOf\":{\"@id\":\"https:\/\/www.campingsersirant.fr\/#website\"},\"datePublished\":\"2022-12-08T15:24:51+00:00\",\"dateModified\":\"2022-12-12T11:24:26+00:00\",\"breadcrumb\":{\"@id\":\"https:\/\/www.campingsersirant.fr\/en\/legal-notices\/#breadcrumb\"},\"inLanguage\":\"en-US\",\"potentialAction\":[{\"@type\":\"ReadAction\",\"target\":[\"https:\/\/www.campingsersirant.fr\/en\/legal-notices\/\"]}]},{\"@type\":\"BreadcrumbList\",\"@id\":\"https:\/\/www.campingsersirant.fr\/en\/legal-notices\/#breadcrumb\",\"itemListElement\":[{\"@type\":\"ListItem\",\"position\":1,\"name\":\"Camping Ser Sirant\",\"item\":\"https:\/\/www.campingsersirant.fr\/en\/\"},{\"@type\":\"ListItem\",\"position\":2,\"name\":\"Legal Notice\"}]},{\"@type\":\"WebSite\",\"@id\":\"https:\/\/www.campingsersirant.fr\/#website\",\"url\":\"https:\/\/www.campingsersirant.fr\/\",\"name\":\"Camping Ser Sirant\",\"description\":\"\",\"publisher\":{\"@id\":\"https:\/\/www.campingsersirant.fr\/#organization\"},\"potentialAction\":[{\"@type\":\"SearchAction\",\"target\":{\"@type\":\"EntryPoint\",\"urlTemplate\":\"https:\/\/www.campingsersirant.fr\/?s={search_term_string}\"},\"query-input\":{\"@type\":\"PropertyValueSpecification\",\"valueRequired\":true,\"valueName\":\"search_term_string\"}}],\"inLanguage\":\"en-US\"},{\"@type\":\"Organization\",\"@id\":\"https:\/\/www.campingsersirant.fr\/#organization\",\"name\":\"Camping Ser Sirant\",\"url\":\"https:\/\/www.campingsersirant.fr\/\",\"logo\":{\"@type\":\"ImageObject\",\"inLanguage\":\"en-US\",\"@id\":\"https:\/\/www.campingsersirant.fr\/#\/schema\/logo\/image\/\",\"url\":\"https:\/\/www.campingsersirant.fr\/wp-content\/uploads\/2022\/11\/logo-camping-ser-sirant.png\",\"contentUrl\":\"https:\/\/www.campingsersirant.fr\/wp-content\/uploads\/2022\/11\/logo-camping-ser-sirant.png\",\"width\":262,\"height\":186,\"caption\":\"Camping Ser Sirant\"},\"image\":{\"@id\":\"https:\/\/www.campingsersirant.fr\/#\/schema\/logo\/image\/\"}}]}<\/script>\n<!-- \/ Yoast SEO plugin. -->","yoast_head_json":{"title":"Legal Notice - Camping Ser Sirant","robots":{"index":"noindex","follow":"nofollow"},"og_locale":"en_US","og_type":"article","og_title":"Legal Notice - Camping Ser Sirant","og_url":"https:\/\/www.campingsersirant.fr\/en\/legal-notices\/","og_site_name":"Camping Ser Sirant","article_modified_time":"2022-12-12T11:24:26+00:00","twitter_card":"summary_large_image","twitter_misc":{"Est. reading time":"2 minutes"},"schema":{"@context":"https:\/\/schema.org","@graph":[{"@type":"WebPage","@id":"https:\/\/www.campingsersirant.fr\/en\/legal-notices\/","url":"https:\/\/www.campingsersirant.fr\/en\/legal-notices\/","name":"Legal Notice - Camping Ser Sirant","isPartOf":{"@id":"https:\/\/www.campingsersirant.fr\/#website"},"datePublished":"2022-12-08T15:24:51+00:00","dateModified":"2022-12-12T11:24:26+00:00","breadcrumb":{"@id":"https:\/\/www.campingsersirant.fr\/en\/legal-notices\/#breadcrumb"},"inLanguage":"en-US","potentialAction":[{"@type":"ReadAction","target":["https:\/\/www.campingsersirant.fr\/en\/legal-notices\/"]}]},{"@type":"BreadcrumbList","@id":"https:\/\/www.campingsersirant.fr\/en\/legal-notices\/#breadcrumb","itemListElement":[{"@type":"ListItem","position":1,"name":"Camping Ser Sirant","item":"https:\/\/www.campingsersirant.fr\/en\/"},{"@type":"ListItem","position":2,"name":"Legal Notice"}]},{"@type":"WebSite","@id":"https:\/\/www.campingsersirant.fr\/#website","url":"https:\/\/www.campingsersirant.fr\/","name":"Camping Ser Sirant","description":"","publisher":{"@id":"https:\/\/www.campingsersirant.fr\/#organization"},"potentialAction":[{"@type":"SearchAction","target":{"@type":"EntryPoint","urlTemplate":"https:\/\/www.campingsersirant.fr\/?s={search_term_string}"},"query-input":{"@type":"PropertyValueSpecification","valueRequired":true,"valueName":"search_term_string"}}],"inLanguage":"en-US"},{"@type":"Organization","@id":"https:\/\/www.campingsersirant.fr\/#organization","name":"Camping Ser Sirant","url":"https:\/\/www.campingsersirant.fr\/","logo":{"@type":"ImageObject","inLanguage":"en-US","@id":"https:\/\/www.campingsersirant.fr\/#\/schema\/logo\/image\/","url":"https:\/\/www.campingsersirant.fr\/wp-content\/uploads\/2022\/11\/logo-camping-ser-sirant.png","contentUrl":"https:\/\/www.campingsersirant.fr\/wp-content\/uploads\/2022\/11\/logo-camping-ser-sirant.png","width":262,"height":186,"caption":"Camping Ser Sirant"},"image":{"@id":"https:\/\/www.campingsersirant.fr\/#\/schema\/logo\/image\/"}}]}},"_links":{"self":[{"href":"https:\/\/www.campingsersirant.fr\/en\/wp-json\/wp\/v2\/pages\/1475","targetHints":{"allow":["GET"]}}],"collection":[{"href":"https:\/\/www.campingsersirant.fr\/en\/wp-json\/wp\/v2\/pages"}],"about":[{"href":"https:\/\/www.campingsersirant.fr\/en\/wp-json\/wp\/v2\/types\/page"}],"author":[{"embeddable":true,"href":"https:\/\/www.campingsersirant.fr\/en\/wp-json\/wp\/v2\/users\/1"}],"replies":[{"embeddable":true,"href":"https:\/\/www.campingsersirant.fr\/en\/wp-json\/wp\/v2\/comments?post=1475"}],"version-history":[{"count":2,"href":"https:\/\/www.campingsersirant.fr\/en\/wp-json\/wp\/v2\/pages\/1475\/revisions"}],"predecessor-version":[{"id":1635,"href":"https:\/\/www.campingsersirant.fr\/en\/wp-json\/wp\/v2\/pages\/1475\/revisions\/1635"}],"wp:attachment":[{"href":"https:\/\/www.campingsersirant.fr\/en\/wp-json\/wp\/v2\/media?parent=1475"}],"wp:term":[{"taxonomy":"sujet","embeddable":true,"href":"https:\/\/www.campingsersirant.fr\/en\/wp-json\/wp\/v2\/sujet?post=1475"}],"curies":[{"name":"wp","href":"https:\/\/api.w.org\/{rel}","templated":true}]}}