{"id":1471,"date":"2022-12-08T16:21:29","date_gmt":"2022-12-08T15:21:29","guid":{"rendered":"https:\/\/www.campingsersirant.fr\/tourism-grenoble\/"},"modified":"2022-12-12T17:04:49","modified_gmt":"2022-12-12T16:04:49","slug":"tourism-grenoble","status":"publish","type":"page","link":"https:\/\/www.campingsersirant.fr\/en\/tourism-grenoble\/","title":{"rendered":"Grenoble"},"content":{"rendered":"<section id=\"ls-section-block_e46243a21946d581452c9bbf3df4a345\" class=\"ls-section  has-p-t p-t-14\" >\n        <div class=\"container \">\n        \n\n<h1 class=\"ls__heading has-text-align-center feuille-deco wp-block-heading\">Visit Grenoble, an innovative city<\/h1>\n\n\n    <\/div>\n<\/section>\n\n<section id=\"ls-section-block_e30e816e9b00e57539dde894bfbbef2d\" class=\"ls-section  page-one has-p-b p-b-14\" >\n        <div class=\"container container--wide\">\n        \n\n<div class=\"wp-block-columns is-layout-flex wp-container-core-columns-is-layout-9d6595d7 wp-block-columns-is-layout-flex\">\n<div class=\"wp-block-column is-vertically-aligned-center is-layout-flow wp-block-column-is-layout-flow\" style=\"flex-basis:33.33%\">\n<h2 class=\"ls__heading deco-gauche wp-block-heading\">Things to do in Grenoble<\/h2>\n\n\n\n<p class=\"ls-paragraph\">A family tourist destination, <a href=\"https:\/\/www.grenoble.fr\/\" target=\"_blank\" rel=\"noreferrer noopener nofollow\">Grenoble<\/a> offers a wide range of activities for holidaymakers staying in the vicinity of the <a href=\"\/en\/\">Saint Th\u00e9offrey campsite<\/a>. You can go tobogganing all year round on the summer run, practice winter sports 20 minutes from the city centre, climb and hike in the summer.<\/p>\n\n\n\n<p class=\"ls-paragraph\"><strong>Water sports<\/strong> are omnipresent, on the Is\u00e8re and Drac rivers, but also on Lake Taillat to the east of the city.<\/p>\n\n\n\n<p class=\"ls-paragraph\">For families, the city can be visited thanks to a life-size escape game, an adventure course or the little Grenoble tourist train. <strong>High-quality sports<\/strong> facilities also await you, from the aquatic centre to the ice rink and the golf course.<\/p>\n<\/div>\n\n\n\n<div class=\"wp-block-column is-layout-flow wp-block-column-is-layout-flow\" style=\"flex-basis:66.66%\">\n<figure class=\"wp-block-image size-full arrondi-bas-gauche animated slideInRight delay-200ms slow\"><img decoding=\"async\" width=\"856\" height=\"586\" src=\"https:\/\/www.campingsersirant.fr\/wp-content\/uploads\/2022\/11\/escape-game.jpg\" alt=\"escape game\" class=\"wp-image-977\" title=\"\" srcset=\"https:\/\/www.campingsersirant.fr\/wp-content\/uploads\/2022\/11\/escape-game.jpg 856w, https:\/\/www.campingsersirant.fr\/wp-content\/uploads\/2022\/11\/escape-game-300x205.jpg 300w, https:\/\/www.campingsersirant.fr\/wp-content\/uploads\/2022\/11\/escape-game-768x526.jpg 768w\" sizes=\"(max-width: 856px) 100vw, 856px\" \/><\/figure>\n<\/div>\n<\/div>\n\n\n    <\/div>\n<\/section>\n\n<section id=\"ls-section-block_fa809362a059c823564f4d503649ea9c\" class=\"ls-section  page-five has-background has-color-5-background-color has-p-t p-t-14 has-p-b p-b-14\" >\n        <div class=\"container container--wide\">\n        \n\n<div class=\"wp-block-columns is-layout-flex wp-container-core-columns-is-layout-9d6595d7 wp-block-columns-is-layout-flex\">\n<div class=\"wp-block-column is-layout-flow wp-block-column-is-layout-flow\">\n<figure class=\"wp-block-image size-full arrondi-haut-gauche has-m-b m-b-8 animated slideInRight delay-200ms slow\"><img decoding=\"async\" width=\"856\" height=\"586\" src=\"https:\/\/www.campingsersirant.fr\/wp-content\/uploads\/2022\/11\/grenoble.jpg\" alt=\"campsite grenoble\" class=\"wp-image-922\" srcset=\"https:\/\/www.campingsersirant.fr\/wp-content\/uploads\/2022\/11\/grenoble.jpg 856w, https:\/\/www.campingsersirant.fr\/wp-content\/uploads\/2022\/11\/grenoble-300x205.jpg 300w, https:\/\/www.campingsersirant.fr\/wp-content\/uploads\/2022\/11\/grenoble-768x526.jpg 768w\" sizes=\"(max-width: 856px) 100vw, 856px\" \/><\/figure>\n\n\n\n<h2 class=\"ls__heading has-m-l m-l-10 deco-gauche wp-block-heading\">Gastronomic specialities<\/h2>\n\n\n\n<p class=\"ls-paragraph\"><strong>Gastronomic culture<\/strong> is an integral part of Grenoble&#8217;s heritage and tourism.<\/p>\n\n\n\n<p class=\"ls-paragraph\">Your holiday in Is\u00e8re will be an opportunity to discover <strong>local specialities<\/strong> and products in gourmet shops in the town centre, on the stalls of the Halles Sainte-Claire, in restaurants and with local producers.<\/p>\n\n\n\n<p class=\"ls-paragraph\">Among the <strong>emblematic products of the Grenoble region<\/strong> are the famous walnuts, the basis of many recipes, but also the Vercors Sassenage blue cheese, the Saint-Marcellin, the Royans ravioles, the Matheysine mur\u00e7on, the mythical Chartreuse and the Grenoble wines.<\/p>\n<\/div>\n\n\n\n<div class=\"wp-block-column is-vertically-aligned-center is-layout-flow wp-block-column-is-layout-flow\">\n<h2 class=\"ls__heading has-m-l m-l-10 deco-gauche wp-block-heading\">Cultural visits not to be missed<\/h2>\n\n\n\n<p class=\"ls-paragraph\">Among the must-see tourist attractions in Grenoble are several <strong>exciting museums<\/strong> for all ages: the Ancien \u00c9v\u00each\u00e9, the Beaux-Arts, the Archaeological, the Dauphinois and the Natural History Museums.<\/p>\n\n\n\n<p class=\"ls-paragraph\">A must-see during your stay in Grenoble, the Bastille fort can be reached by the emblematic egg cable car. The site offers a unique view of the entire city.<\/p>\n\n\n\n<p class=\"ls-paragraph\">Strolling through the city centre, you will also discover Grenoble&#8217;s <strong>heritage treasures<\/strong>, including the former Parliament Palace, the Sainte-C\u00e9cile Convent, the Sainte-Marie d&#8217;en Haut Chapel, the Halles Sainte-Claire, the Perret Tower and the Isle Tower.<\/p>\n\n\n\n<figure class=\"wp-block-image size-full arrondi-bas-droite has-m-t m-t-8 animated slideInLeft delay-200ms slow\"><img decoding=\"async\" width=\"856\" height=\"586\" src=\"https:\/\/www.campingsersirant.fr\/wp-content\/uploads\/2022\/11\/vins-grenoble.jpg\" alt=\"wines grenoble\" class=\"wp-image-980\" srcset=\"https:\/\/www.campingsersirant.fr\/wp-content\/uploads\/2022\/11\/vins-grenoble.jpg 856w, https:\/\/www.campingsersirant.fr\/wp-content\/uploads\/2022\/11\/vins-grenoble-300x205.jpg 300w, https:\/\/www.campingsersirant.fr\/wp-content\/uploads\/2022\/11\/vins-grenoble-768x526.jpg 768w\" sizes=\"(max-width: 856px) 100vw, 856px\" \/><\/figure>\n<\/div>\n<\/div>\n\n\n    <\/div>\n<\/section>\n\n<section id=\"ls-section-block_34ee49af0001da69da88fd59576b7195\" class=\"ls-section  page-maillage has-p-t p-t-14 has-p-b p-b-14\" >\n        <div class=\"container container--wide\">\n        \n\n<div id=\"ls-heading ls-titre-div-block_5e31d1fe656a2f6cac3dd6a2b8a765cb\" class=\"ls-titre-div aligncenter h2-like\" >\n    Discover the activities of our campsite and the surrounding area.<\/div>\n\n\n<div id=\"ls-maillage-block_e04251d125d6e6ae6e899250079b960c\" class=\"ls-maillage cta-style-normal has-p-t p-t-8\" data-rows=\"3\">\n    <div class=\"wp-block-columns\"><div class=\"wp-block-column\">\n\n<a href=\"https:\/\/www.campingsersirant.fr\/en\/camping-activities-saint-theoffrey\/\" target=\"\" rel=\"noopener\" class=\"ls-cta__link\">\n\n\t<div class=\"ls-cta__image\"><img decoding=\"async\" src=\"https:\/\/www.campingsersirant.fr\/wp-content\/uploads\/2022\/11\/animations-camping.jpg\" alt=\"animation camping\"><\/div>\n\t<div class=\"ls-cta__title\">\n\t\tAnimations and activities\t<\/div>\n\n\t\t\n<\/a><\/div><div class=\"wp-block-column\">\n\n<a href=\"https:\/\/www.campingsersirant.fr\/en\/tourism-auvergne\/\" target=\"\" rel=\"noopener\" class=\"ls-cta__link\">\n\n\t<div class=\"ls-cta__image\"><img decoding=\"async\" src=\"https:\/\/www.campingsersirant.fr\/wp-content\/uploads\/2023\/02\/viister-isere.jpg\" alt=\"viister isere\"><\/div>\n\t<div class=\"ls-cta__title\">\n\t\tOur region\t<\/div>\n\n\t\t\n<\/a><\/div><div class=\"wp-block-column\">\n\n<a href=\"https:\/\/www.campingsersirant.fr\/en\/lakeside-camping-saint-theoffrey\/\" target=\"\" rel=\"noopener\" class=\"ls-cta__link\">\n\n\t<div class=\"ls-cta__image\"><img decoding=\"async\" src=\"https:\/\/www.campingsersirant.fr\/wp-content\/uploads\/2022\/11\/camping-ser-sirant-sports-aquatiques-en-isere-768x576.jpg\" alt=\"camping ser sirant\"><\/div>\n\t<div class=\"ls-cta__title\">\n\t\tLakeside\t<\/div>\n\n\t\t\n<\/a><\/div><\/div><\/div>\n\n    <\/div>\n<\/section>","protected":false},"excerpt":{"rendered":"","protected":false},"author":1,"featured_media":975,"parent":0,"menu_order":0,"comment_status":"closed","ping_status":"closed","template":"","meta":{"_acf_changed":false,"footnotes":""},"sujet":[],"class_list":["post-1471","page","type-page","status-publish","has-post-thumbnail","hentry"],"acf":[],"yoast_head":"<!-- This site is optimized with the Yoast SEO plugin v25.3 - https:\/\/yoast.com\/wordpress\/plugins\/seo\/ -->\n<title>Tourism in Grenoble | Staying in Grenoble | Visiting Grenoble<\/title>\n<meta name=\"robots\" content=\"index, follow, max-snippet:-1, max-image-preview:large, max-video-preview:-1\" \/>\n<link rel=\"canonical\" href=\"https:\/\/www.campingsersirant.fr\/en\/tourism-grenoble\/\" \/>\n<meta property=\"og:locale\" content=\"en_US\" \/>\n<meta property=\"og:type\" content=\"article\" \/>\n<meta property=\"og:title\" content=\"Tourism in Grenoble | Staying in Grenoble | Visiting Grenoble\" \/>\n<meta property=\"og:url\" content=\"https:\/\/www.campingsersirant.fr\/en\/tourism-grenoble\/\" \/>\n<meta property=\"og:site_name\" content=\"Camping Ser Sirant\" \/>\n<meta property=\"article:modified_time\" content=\"2022-12-12T16:04:49+00:00\" \/>\n<meta property=\"og:image\" content=\"https:\/\/www.campingsersirant.fr\/wp-content\/uploads\/2022\/11\/grenoble-panoramique.jpg\" \/>\n\t<meta property=\"og:image:width\" content=\"1920\" \/>\n\t<meta property=\"og:image:height\" content=\"703\" \/>\n\t<meta property=\"og:image:type\" content=\"image\/jpeg\" \/>\n<meta name=\"twitter:card\" content=\"summary_large_image\" \/>\n<meta name=\"twitter:label1\" content=\"Est. reading time\" \/>\n\t<meta name=\"twitter:data1\" content=\"3 minutes\" \/>\n<script type=\"application\/ld+json\" class=\"yoast-schema-graph\">{\"@context\":\"https:\/\/schema.org\",\"@graph\":[{\"@type\":\"WebPage\",\"@id\":\"https:\/\/www.campingsersirant.fr\/en\/tourism-grenoble\/\",\"url\":\"https:\/\/www.campingsersirant.fr\/en\/tourism-grenoble\/\",\"name\":\"Tourism in Grenoble | Staying in Grenoble | Visiting Grenoble\",\"isPartOf\":{\"@id\":\"https:\/\/www.campingsersirant.fr\/#website\"},\"primaryImageOfPage\":{\"@id\":\"https:\/\/www.campingsersirant.fr\/en\/tourism-grenoble\/#primaryimage\"},\"image\":{\"@id\":\"https:\/\/www.campingsersirant.fr\/en\/tourism-grenoble\/#primaryimage\"},\"thumbnailUrl\":\"https:\/\/www.campingsersirant.fr\/wp-content\/uploads\/2022\/11\/grenoble-panoramique.jpg\",\"datePublished\":\"2022-12-08T15:21:29+00:00\",\"dateModified\":\"2022-12-12T16:04:49+00:00\",\"breadcrumb\":{\"@id\":\"https:\/\/www.campingsersirant.fr\/en\/tourism-grenoble\/#breadcrumb\"},\"inLanguage\":\"en-US\",\"potentialAction\":[{\"@type\":\"ReadAction\",\"target\":[\"https:\/\/www.campingsersirant.fr\/en\/tourism-grenoble\/\"]}]},{\"@type\":\"ImageObject\",\"inLanguage\":\"en-US\",\"@id\":\"https:\/\/www.campingsersirant.fr\/en\/tourism-grenoble\/#primaryimage\",\"url\":\"https:\/\/www.campingsersirant.fr\/wp-content\/uploads\/2022\/11\/grenoble-panoramique.jpg\",\"contentUrl\":\"https:\/\/www.campingsersirant.fr\/wp-content\/uploads\/2022\/11\/grenoble-panoramique.jpg\",\"width\":1920,\"height\":703,\"caption\":\"grenoble panoramique\"},{\"@type\":\"BreadcrumbList\",\"@id\":\"https:\/\/www.campingsersirant.fr\/en\/tourism-grenoble\/#breadcrumb\",\"itemListElement\":[{\"@type\":\"ListItem\",\"position\":1,\"name\":\"Camping Ser Sirant\",\"item\":\"https:\/\/www.campingsersirant.fr\/en\/\"},{\"@type\":\"ListItem\",\"position\":2,\"name\":\"Tourism in Grenoble\"}]},{\"@type\":\"WebSite\",\"@id\":\"https:\/\/www.campingsersirant.fr\/#website\",\"url\":\"https:\/\/www.campingsersirant.fr\/\",\"name\":\"Camping Ser Sirant\",\"description\":\"\",\"publisher\":{\"@id\":\"https:\/\/www.campingsersirant.fr\/#organization\"},\"potentialAction\":[{\"@type\":\"SearchAction\",\"target\":{\"@type\":\"EntryPoint\",\"urlTemplate\":\"https:\/\/www.campingsersirant.fr\/?s={search_term_string}\"},\"query-input\":{\"@type\":\"PropertyValueSpecification\",\"valueRequired\":true,\"valueName\":\"search_term_string\"}}],\"inLanguage\":\"en-US\"},{\"@type\":\"Organization\",\"@id\":\"https:\/\/www.campingsersirant.fr\/#organization\",\"name\":\"Camping Ser Sirant\",\"url\":\"https:\/\/www.campingsersirant.fr\/\",\"logo\":{\"@type\":\"ImageObject\",\"inLanguage\":\"en-US\",\"@id\":\"https:\/\/www.campingsersirant.fr\/#\/schema\/logo\/image\/\",\"url\":\"https:\/\/www.campingsersirant.fr\/wp-content\/uploads\/2022\/11\/logo-camping-ser-sirant.png\",\"contentUrl\":\"https:\/\/www.campingsersirant.fr\/wp-content\/uploads\/2022\/11\/logo-camping-ser-sirant.png\",\"width\":262,\"height\":186,\"caption\":\"Camping Ser Sirant\"},\"image\":{\"@id\":\"https:\/\/www.campingsersirant.fr\/#\/schema\/logo\/image\/\"}}]}<\/script>\n<!-- \/ Yoast SEO plugin. -->","yoast_head_json":{"title":"Tourism in Grenoble | Staying in Grenoble | Visiting Grenoble","robots":{"index":"index","follow":"follow","max-snippet":"max-snippet:-1","max-image-preview":"max-image-preview:large","max-video-preview":"max-video-preview:-1"},"canonical":"https:\/\/www.campingsersirant.fr\/en\/tourism-grenoble\/","og_locale":"en_US","og_type":"article","og_title":"Tourism in Grenoble | Staying in Grenoble | Visiting Grenoble","og_url":"https:\/\/www.campingsersirant.fr\/en\/tourism-grenoble\/","og_site_name":"Camping Ser Sirant","article_modified_time":"2022-12-12T16:04:49+00:00","og_image":[{"width":1920,"height":703,"url":"https:\/\/www.campingsersirant.fr\/wp-content\/uploads\/2022\/11\/grenoble-panoramique.jpg","type":"image\/jpeg"}],"twitter_card":"summary_large_image","twitter_misc":{"Est. reading time":"3 minutes"},"schema":{"@context":"https:\/\/schema.org","@graph":[{"@type":"WebPage","@id":"https:\/\/www.campingsersirant.fr\/en\/tourism-grenoble\/","url":"https:\/\/www.campingsersirant.fr\/en\/tourism-grenoble\/","name":"Tourism in Grenoble | Staying in Grenoble | Visiting Grenoble","isPartOf":{"@id":"https:\/\/www.campingsersirant.fr\/#website"},"primaryImageOfPage":{"@id":"https:\/\/www.campingsersirant.fr\/en\/tourism-grenoble\/#primaryimage"},"image":{"@id":"https:\/\/www.campingsersirant.fr\/en\/tourism-grenoble\/#primaryimage"},"thumbnailUrl":"https:\/\/www.campingsersirant.fr\/wp-content\/uploads\/2022\/11\/grenoble-panoramique.jpg","datePublished":"2022-12-08T15:21:29+00:00","dateModified":"2022-12-12T16:04:49+00:00","breadcrumb":{"@id":"https:\/\/www.campingsersirant.fr\/en\/tourism-grenoble\/#breadcrumb"},"inLanguage":"en-US","potentialAction":[{"@type":"ReadAction","target":["https:\/\/www.campingsersirant.fr\/en\/tourism-grenoble\/"]}]},{"@type":"ImageObject","inLanguage":"en-US","@id":"https:\/\/www.campingsersirant.fr\/en\/tourism-grenoble\/#primaryimage","url":"https:\/\/www.campingsersirant.fr\/wp-content\/uploads\/2022\/11\/grenoble-panoramique.jpg","contentUrl":"https:\/\/www.campingsersirant.fr\/wp-content\/uploads\/2022\/11\/grenoble-panoramique.jpg","width":1920,"height":703,"caption":"grenoble panoramique"},{"@type":"BreadcrumbList","@id":"https:\/\/www.campingsersirant.fr\/en\/tourism-grenoble\/#breadcrumb","itemListElement":[{"@type":"ListItem","position":1,"name":"Camping Ser Sirant","item":"https:\/\/www.campingsersirant.fr\/en\/"},{"@type":"ListItem","position":2,"name":"Tourism in Grenoble"}]},{"@type":"WebSite","@id":"https:\/\/www.campingsersirant.fr\/#website","url":"https:\/\/www.campingsersirant.fr\/","name":"Camping Ser Sirant","description":"","publisher":{"@id":"https:\/\/www.campingsersirant.fr\/#organization"},"potentialAction":[{"@type":"SearchAction","target":{"@type":"EntryPoint","urlTemplate":"https:\/\/www.campingsersirant.fr\/?s={search_term_string}"},"query-input":{"@type":"PropertyValueSpecification","valueRequired":true,"valueName":"search_term_string"}}],"inLanguage":"en-US"},{"@type":"Organization","@id":"https:\/\/www.campingsersirant.fr\/#organization","name":"Camping Ser Sirant","url":"https:\/\/www.campingsersirant.fr\/","logo":{"@type":"ImageObject","inLanguage":"en-US","@id":"https:\/\/www.campingsersirant.fr\/#\/schema\/logo\/image\/","url":"https:\/\/www.campingsersirant.fr\/wp-content\/uploads\/2022\/11\/logo-camping-ser-sirant.png","contentUrl":"https:\/\/www.campingsersirant.fr\/wp-content\/uploads\/2022\/11\/logo-camping-ser-sirant.png","width":262,"height":186,"caption":"Camping Ser Sirant"},"image":{"@id":"https:\/\/www.campingsersirant.fr\/#\/schema\/logo\/image\/"}}]}},"_links":{"self":[{"href":"https:\/\/www.campingsersirant.fr\/en\/wp-json\/wp\/v2\/pages\/1471","targetHints":{"allow":["GET"]}}],"collection":[{"href":"https:\/\/www.campingsersirant.fr\/en\/wp-json\/wp\/v2\/pages"}],"about":[{"href":"https:\/\/www.campingsersirant.fr\/en\/wp-json\/wp\/v2\/types\/page"}],"author":[{"embeddable":true,"href":"https:\/\/www.campingsersirant.fr\/en\/wp-json\/wp\/v2\/users\/1"}],"replies":[{"embeddable":true,"href":"https:\/\/www.campingsersirant.fr\/en\/wp-json\/wp\/v2\/comments?post=1471"}],"version-history":[{"count":5,"href":"https:\/\/www.campingsersirant.fr\/en\/wp-json\/wp\/v2\/pages\/1471\/revisions"}],"predecessor-version":[{"id":1879,"href":"https:\/\/www.campingsersirant.fr\/en\/wp-json\/wp\/v2\/pages\/1471\/revisions\/1879"}],"wp:featuredmedia":[{"embeddable":true,"href":"https:\/\/www.campingsersirant.fr\/en\/wp-json\/wp\/v2\/media\/975"}],"wp:attachment":[{"href":"https:\/\/www.campingsersirant.fr\/en\/wp-json\/wp\/v2\/media?parent=1471"}],"wp:term":[{"taxonomy":"sujet","embeddable":true,"href":"https:\/\/www.campingsersirant.fr\/en\/wp-json\/wp\/v2\/sujet?post=1471"}],"curies":[{"name":"wp","href":"https:\/\/api.w.org\/{rel}","templated":true}]}}