{"id":1459,"date":"2022-12-08T16:10:43","date_gmt":"2022-12-08T15:10:43","guid":{"rendered":"https:\/\/www.campingsersirant.fr\/tourism-auvergne\/"},"modified":"2025-01-16T13:46:41","modified_gmt":"2025-01-16T12:46:41","slug":"tourism-auvergne","status":"publish","type":"page","link":"https:\/\/www.campingsersirant.fr\/en\/tourism-auvergne\/","title":{"rendered":"Our region"},"content":{"rendered":"<section id=\"ls-section-block_a8a8b8b12de59a6395ca6185ed2385bf\" class=\"ls-section  has-p-t p-t-14\" >\n        <div class=\"container \">\n        \n\n<h1 class=\"ls__heading wp-block-heading has-text-align-center feuille-deco\">Is\u00e8re: plenty of places to visit<\/h1>\n\n\n    <\/div>\n<\/section><section id=\"ls-section-block_9ffadc0705a7dfbac0bcca8b0419bebf\" class=\"ls-section  page-five has-background has-color-5-background-color has-p-t p-t-14 has-p-b p-b-14\" >\n        <div class=\"container container--wide\">\n        \n\n<div class=\"wp-block-columns is-layout-flex wp-container-core-columns-is-layout-9d6595d7 wp-block-columns-is-layout-flex\">\n<div class=\"wp-block-column is-layout-flow wp-block-column-is-layout-flow\">\n<figure class=\"wp-block-image size-full arrondi-haut-gauche has-m-b m-b-8 animated slideInRight delay-200ms slow\"><img decoding=\"async\" width=\"1920\" height=\"1080\" src=\"https:\/\/www.campingsersirant.fr\/wp-content\/uploads\/2025\/01\/pierre-percee_matheysine-tourisme.webp\" alt=\"\" class=\"wp-image-2064\" srcset=\"https:\/\/www.campingsersirant.fr\/wp-content\/uploads\/2025\/01\/pierre-percee_matheysine-tourisme.webp 1920w, https:\/\/www.campingsersirant.fr\/wp-content\/uploads\/2025\/01\/pierre-percee_matheysine-tourisme-300x169.webp 300w, https:\/\/www.campingsersirant.fr\/wp-content\/uploads\/2025\/01\/pierre-percee_matheysine-tourisme-1024x576.webp 1024w, https:\/\/www.campingsersirant.fr\/wp-content\/uploads\/2025\/01\/pierre-percee_matheysine-tourisme-768x432.webp 768w, https:\/\/www.campingsersirant.fr\/wp-content\/uploads\/2025\/01\/pierre-percee_matheysine-tourisme-1536x864.webp 1536w\" sizes=\"(max-width: 1920px) 100vw, 1920px\" \/><\/figure>\n\n\n\n<h2 class=\"ls__heading wp-block-heading has-m-l m-l-10 deco-gauche\">Activities for all your family<\/h2>\n\n\n\n<p class=\"ls-paragraph\">Between lakes, white water, mountains, historic cities and vineyards, tourism in Auvergne-Rh\u00f4ne-Alpes takes many forms<\/p>\n\n\n\n<p class=\"ls-paragraph\">There are many <strong>outdoor activities<\/strong>, from water sports on the lake, sensational river sports, climbing, hiking, cycling and aerial sports.<\/p>\n\n\n\n<p class=\"ls-paragraph\">A family destination par excellence, the Auvergne-Rh\u00f4ne-Alpes region is full of great natural sites and treasures to visit, such as the Choranche caves, the Mine Museum in La Mure, Notre-Dame-de-la-Salette and the gardens of the Ch\u00e2teau de Vizille<\/p>\n\n\n\n<p class=\"ls-paragraph\"> Markets, restaurants and local farms invite you to discover unique local specialities such as mur\u00e7on, a sausage cooked with caraway, tourte muroise or walnut pie.<\/p>\n<\/div>\n\n\n\n<div class=\"wp-block-column is-vertically-aligned-center is-layout-flow wp-block-column-is-layout-flow\">\n<h2 class=\"ls__heading wp-block-heading has-m-l m-l-10 deco-gauche\">Sublime landscapes to see in Is\u00e8re<\/h2>\n\n\n\n<p class=\"ls-paragraph\">Discover the <strong>uniquelandscapes <\/strong>and major tourist sites of Is\u00e8re during your lakeside holiday at the Ser Sirant campsite. Hikes will take you to the Ecrins Park, to discover endemic fauna and flora and sublime panoramas.<\/p>\n\n\n\n<p class=\"ls-paragraph\">The paths of the Grand Serre massif will guide you to Lake Fourchu, perched on the side of the Taillefer massif. Magnificent landscapes can also be discovered without tiring thanks to the little train of the Alps, which takes you from La Mure to the Grand Balcon viewpoint above the lake of Notre-Dame de Commiers.<\/p>\n\n\n<div class=\"wp-block-image arrondi-bas-droite has-m-t m-t-8 animated slideInLeft delay-200ms slow\">\n<figure class=\"alignright size-full\"><img decoding=\"async\" width=\"1920\" height=\"2560\" src=\"https:\/\/www.campingsersirant.fr\/wp-content\/uploads\/2025\/01\/Canyoning-Ser-Sirant.webp\" alt=\"\" class=\"wp-image-2068\" style=\"aspect-ratio:3\/2;object-fit:cover\" srcset=\"https:\/\/www.campingsersirant.fr\/wp-content\/uploads\/2025\/01\/Canyoning-Ser-Sirant.webp 1920w, https:\/\/www.campingsersirant.fr\/wp-content\/uploads\/2025\/01\/Canyoning-Ser-Sirant-225x300.webp 225w, https:\/\/www.campingsersirant.fr\/wp-content\/uploads\/2025\/01\/Canyoning-Ser-Sirant-768x1024.webp 768w, https:\/\/www.campingsersirant.fr\/wp-content\/uploads\/2025\/01\/Canyoning-Ser-Sirant-1152x1536.webp 1152w, https:\/\/www.campingsersirant.fr\/wp-content\/uploads\/2025\/01\/Canyoning-Ser-Sirant-1536x2048.webp 1536w\" sizes=\"(max-width: 1920px) 100vw, 1920px\" \/><\/figure>\n<\/div><\/div>\n<\/div>\n\n\n    <\/div>\n<\/section><section id=\"ls-section-block_77c554b7ed0e4d6ea6f5094907c92291\" class=\"ls-section  page-one has-p-b p-b-14\" >\n        <div class=\"container container--wide\">\n        \n\n<div class=\"wp-block-columns is-layout-flex wp-container-core-columns-is-layout-9d6595d7 wp-block-columns-is-layout-flex\">\n<div class=\"wp-block-column is-vertically-aligned-center is-layout-flow wp-block-column-is-layout-flow\" style=\"flex-basis:33.33%\">\n<h2 class=\"ls__heading wp-block-heading deco-gauche\">Must-see cities in Auvergne-Rh\u00f4ne-Alpes<\/h2>\n\n\n\n<p class=\"ls-paragraph\">Le <a href=\"\/\">camping Ser Sirant<\/a> est id\u00e9alement situ\u00e9 pour d\u00e9couvrir les hauts lieux du tourisme en <a href=\"https:\/\/www.isere-tourisme.com\/\" target=\"_blank\" rel=\"noreferrer noopener nofollow\">Is\u00e8re<\/a>.<\/p>\n\n\n\n<p class=\"ls-paragraph\">Take advantage of your <strong>stay by the lake<\/strong> to visit Grenoble at the foot of the mountains, take the cable car to the top of the Bastille, visit its museums and explore the vats of Sassenage.<\/p>\n\n\n\n<p class=\"ls-paragraph\">Further north, the city of Lyon is worth a day trip to discover the emblematic traboules, the film museum and the Fourvi\u00e8re basilica.<\/p>\n\n\n\n<p class=\"ls-paragraph\">In Valence, Porte du Midi and capital of the Dr\u00f4me, you will admire the Saint-Apollinaire cathedral and the incredible sculpted fa\u00e7ade of the Maison des T\u00eates.<\/p>\n<\/div>\n\n\n\n<div class=\"wp-block-column is-vertically-aligned-center is-layout-flow wp-block-column-is-layout-flow\" style=\"flex-basis:66.66%\">\n<figure class=\"wp-block-image size-full arrondi-bas-gauche animated slideInRight delay-200ms slow\"><img decoding=\"async\" width=\"856\" height=\"586\" src=\"https:\/\/www.campingsersirant.fr\/wp-content\/uploads\/2022\/11\/grenoble.jpg\" alt=\"campsite grenoble\" class=\"wp-image-922\" title=\"\" srcset=\"https:\/\/www.campingsersirant.fr\/wp-content\/uploads\/2022\/11\/grenoble.jpg 856w, https:\/\/www.campingsersirant.fr\/wp-content\/uploads\/2022\/11\/grenoble-300x205.jpg 300w, https:\/\/www.campingsersirant.fr\/wp-content\/uploads\/2022\/11\/grenoble-768x526.jpg 768w\" sizes=\"(max-width: 856px) 100vw, 856px\" \/><\/figure>\n<\/div>\n<\/div>\n\n\n    <\/div>\n<\/section><section id=\"ls-section-block_40c1f491fc9dd263ee5ef54955187343\" class=\"ls-section  page-maillage has-p-t p-t-14 has-p-b p-b-14\" >\n        <div class=\"container container--wide\">\n        \n\n<div id=\"ls-heading ls-titre-div-block_e21056596469db3251fbd13e1a92286c\" class=\"ls-titre-div aligncenter h2-like\" >\n     Discover the activities, services and rentals of our campsite.<\/div>\n\n\n<div id=\"ls-maillage-block_8aabee8c4ca87c5cca440a3ca0da597a\" class=\"ls-maillage cta-style-normal has-p-t p-t-8\" data-rows=\"3\">\n    <div class=\"wp-block-columns\"><div class=\"wp-block-column\">\n\n<a href=\"https:\/\/www.campingsersirant.fr\/en\/location-mobil-home-saint-theoffrey\/\" target=\"\" rel=\"noopener\" class=\"ls-cta__link\">\n\n\t<div class=\"ls-cta__image\"><img decoding=\"async\" src=\"https:\/\/www.campingsersirant.fr\/wp-content\/uploads\/2022\/11\/mobil-home-ser-sirant-768x526.jpg\" alt=\"mobil home ser sirant\"><\/div>\n\t<div class=\"ls-cta__title\">\n\t\tOur mobile homes\t<\/div>\n\n\t\t\n<\/a><\/div><div class=\"wp-block-column\">\n\n<a href=\"https:\/\/www.campingsersirant.fr\/en\/cheap-campsite-saint-theoffrey\/\" target=\"\" rel=\"noopener\" class=\"ls-cta__link\">\n\n\t<div class=\"ls-cta__image\"><img decoding=\"async\" src=\"https:\/\/www.campingsersirant.fr\/wp-content\/uploads\/2022\/11\/tarifs-768x526.jpg\" alt=\"tarifs\"><\/div>\n\t<div class=\"ls-cta__title\">\n\t\tOur rates\t<\/div>\n\n\t\t\n<\/a><\/div><div class=\"wp-block-column\">\n\n<a href=\"https:\/\/www.campingsersirant.fr\/en\/restaurant-saint-theoffrey\/\" target=\"\" rel=\"noopener\" class=\"ls-cta__link\">\n\n\t<div class=\"ls-cta__image\"><img decoding=\"async\" src=\"https:\/\/www.campingsersirant.fr\/wp-content\/uploads\/2022\/11\/restaurant-ser-sirant-768x526.jpg\" alt=\"restaurant ser sirant\"><\/div>\n\t<div class=\"ls-cta__title\">\n\t\tRestaurant\t<\/div>\n\n\t\t\n<\/a><\/div><\/div><\/div>\n\n    <\/div>\n<\/section>","protected":false},"excerpt":{"rendered":"","protected":false},"author":1,"featured_media":2061,"parent":0,"menu_order":0,"comment_status":"closed","ping_status":"closed","template":"","meta":{"_acf_changed":false,"footnotes":""},"sujet":[],"class_list":["post-1459","page","type-page","status-publish","has-post-thumbnail","hentry"],"acf":[],"yoast_head":"<!-- This site is optimized with the Yoast SEO plugin v25.3 - https:\/\/yoast.com\/wordpress\/plugins\/seo\/ -->\n<title>Tourism in Auvergne | Visits in Auvergne<\/title>\n<meta name=\"robots\" content=\"index, follow, max-snippet:-1, max-image-preview:large, max-video-preview:-1\" \/>\n<link rel=\"canonical\" href=\"https:\/\/www.campingsersirant.fr\/en\/tourism-auvergne\/\" \/>\n<meta property=\"og:locale\" content=\"en_US\" \/>\n<meta property=\"og:type\" content=\"article\" \/>\n<meta property=\"og:title\" content=\"Tourism in Auvergne | Visits in Auvergne\" \/>\n<meta property=\"og:url\" content=\"https:\/\/www.campingsersirant.fr\/en\/tourism-auvergne\/\" \/>\n<meta property=\"og:site_name\" content=\"Camping Ser Sirant\" \/>\n<meta property=\"article:modified_time\" content=\"2025-01-16T12:46:41+00:00\" \/>\n<meta property=\"og:image\" content=\"https:\/\/www.campingsersirant.fr\/wp-content\/uploads\/2025\/01\/afaire-ban.webp\" \/>\n\t<meta property=\"og:image:width\" content=\"1920\" \/>\n\t<meta property=\"og:image:height\" content=\"725\" \/>\n\t<meta property=\"og:image:type\" content=\"image\/webp\" \/>\n<meta name=\"twitter:card\" content=\"summary_large_image\" \/>\n<meta name=\"twitter:label1\" content=\"Est. reading time\" \/>\n\t<meta name=\"twitter:data1\" content=\"3 minutes\" \/>\n<script type=\"application\/ld+json\" class=\"yoast-schema-graph\">{\"@context\":\"https:\/\/schema.org\",\"@graph\":[{\"@type\":\"WebPage\",\"@id\":\"https:\/\/www.campingsersirant.fr\/en\/tourism-auvergne\/\",\"url\":\"https:\/\/www.campingsersirant.fr\/en\/tourism-auvergne\/\",\"name\":\"Tourism in Auvergne | Visits in Auvergne\",\"isPartOf\":{\"@id\":\"https:\/\/www.campingsersirant.fr\/#website\"},\"primaryImageOfPage\":{\"@id\":\"https:\/\/www.campingsersirant.fr\/en\/tourism-auvergne\/#primaryimage\"},\"image\":{\"@id\":\"https:\/\/www.campingsersirant.fr\/en\/tourism-auvergne\/#primaryimage\"},\"thumbnailUrl\":\"https:\/\/www.campingsersirant.fr\/wp-content\/uploads\/2025\/01\/afaire-ban.webp\",\"datePublished\":\"2022-12-08T15:10:43+00:00\",\"dateModified\":\"2025-01-16T12:46:41+00:00\",\"breadcrumb\":{\"@id\":\"https:\/\/www.campingsersirant.fr\/en\/tourism-auvergne\/#breadcrumb\"},\"inLanguage\":\"en-US\",\"potentialAction\":[{\"@type\":\"ReadAction\",\"target\":[\"https:\/\/www.campingsersirant.fr\/en\/tourism-auvergne\/\"]}]},{\"@type\":\"ImageObject\",\"inLanguage\":\"en-US\",\"@id\":\"https:\/\/www.campingsersirant.fr\/en\/tourism-auvergne\/#primaryimage\",\"url\":\"https:\/\/www.campingsersirant.fr\/wp-content\/uploads\/2025\/01\/afaire-ban.webp\",\"contentUrl\":\"https:\/\/www.campingsersirant.fr\/wp-content\/uploads\/2025\/01\/afaire-ban.webp\",\"width\":1920,\"height\":725},{\"@type\":\"BreadcrumbList\",\"@id\":\"https:\/\/www.campingsersirant.fr\/en\/tourism-auvergne\/#breadcrumb\",\"itemListElement\":[{\"@type\":\"ListItem\",\"position\":1,\"name\":\"Camping Ser Sirant\",\"item\":\"https:\/\/www.campingsersirant.fr\/en\/\"},{\"@type\":\"ListItem\",\"position\":2,\"name\":\"Tourism in Auvergne\"}]},{\"@type\":\"WebSite\",\"@id\":\"https:\/\/www.campingsersirant.fr\/#website\",\"url\":\"https:\/\/www.campingsersirant.fr\/\",\"name\":\"Camping Ser Sirant\",\"description\":\"\",\"publisher\":{\"@id\":\"https:\/\/www.campingsersirant.fr\/#organization\"},\"potentialAction\":[{\"@type\":\"SearchAction\",\"target\":{\"@type\":\"EntryPoint\",\"urlTemplate\":\"https:\/\/www.campingsersirant.fr\/?s={search_term_string}\"},\"query-input\":{\"@type\":\"PropertyValueSpecification\",\"valueRequired\":true,\"valueName\":\"search_term_string\"}}],\"inLanguage\":\"en-US\"},{\"@type\":\"Organization\",\"@id\":\"https:\/\/www.campingsersirant.fr\/#organization\",\"name\":\"Camping Ser Sirant\",\"url\":\"https:\/\/www.campingsersirant.fr\/\",\"logo\":{\"@type\":\"ImageObject\",\"inLanguage\":\"en-US\",\"@id\":\"https:\/\/www.campingsersirant.fr\/#\/schema\/logo\/image\/\",\"url\":\"https:\/\/www.campingsersirant.fr\/wp-content\/uploads\/2022\/11\/logo-camping-ser-sirant.png\",\"contentUrl\":\"https:\/\/www.campingsersirant.fr\/wp-content\/uploads\/2022\/11\/logo-camping-ser-sirant.png\",\"width\":262,\"height\":186,\"caption\":\"Camping Ser Sirant\"},\"image\":{\"@id\":\"https:\/\/www.campingsersirant.fr\/#\/schema\/logo\/image\/\"}}]}<\/script>\n<!-- \/ Yoast SEO plugin. -->","yoast_head_json":{"title":"Tourism in Auvergne | Visits in Auvergne","robots":{"index":"index","follow":"follow","max-snippet":"max-snippet:-1","max-image-preview":"max-image-preview:large","max-video-preview":"max-video-preview:-1"},"canonical":"https:\/\/www.campingsersirant.fr\/en\/tourism-auvergne\/","og_locale":"en_US","og_type":"article","og_title":"Tourism in Auvergne | Visits in Auvergne","og_url":"https:\/\/www.campingsersirant.fr\/en\/tourism-auvergne\/","og_site_name":"Camping Ser Sirant","article_modified_time":"2025-01-16T12:46:41+00:00","og_image":[{"width":1920,"height":725,"url":"https:\/\/www.campingsersirant.fr\/wp-content\/uploads\/2025\/01\/afaire-ban.webp","type":"image\/webp"}],"twitter_card":"summary_large_image","twitter_misc":{"Est. reading time":"3 minutes"},"schema":{"@context":"https:\/\/schema.org","@graph":[{"@type":"WebPage","@id":"https:\/\/www.campingsersirant.fr\/en\/tourism-auvergne\/","url":"https:\/\/www.campingsersirant.fr\/en\/tourism-auvergne\/","name":"Tourism in Auvergne | Visits in Auvergne","isPartOf":{"@id":"https:\/\/www.campingsersirant.fr\/#website"},"primaryImageOfPage":{"@id":"https:\/\/www.campingsersirant.fr\/en\/tourism-auvergne\/#primaryimage"},"image":{"@id":"https:\/\/www.campingsersirant.fr\/en\/tourism-auvergne\/#primaryimage"},"thumbnailUrl":"https:\/\/www.campingsersirant.fr\/wp-content\/uploads\/2025\/01\/afaire-ban.webp","datePublished":"2022-12-08T15:10:43+00:00","dateModified":"2025-01-16T12:46:41+00:00","breadcrumb":{"@id":"https:\/\/www.campingsersirant.fr\/en\/tourism-auvergne\/#breadcrumb"},"inLanguage":"en-US","potentialAction":[{"@type":"ReadAction","target":["https:\/\/www.campingsersirant.fr\/en\/tourism-auvergne\/"]}]},{"@type":"ImageObject","inLanguage":"en-US","@id":"https:\/\/www.campingsersirant.fr\/en\/tourism-auvergne\/#primaryimage","url":"https:\/\/www.campingsersirant.fr\/wp-content\/uploads\/2025\/01\/afaire-ban.webp","contentUrl":"https:\/\/www.campingsersirant.fr\/wp-content\/uploads\/2025\/01\/afaire-ban.webp","width":1920,"height":725},{"@type":"BreadcrumbList","@id":"https:\/\/www.campingsersirant.fr\/en\/tourism-auvergne\/#breadcrumb","itemListElement":[{"@type":"ListItem","position":1,"name":"Camping Ser Sirant","item":"https:\/\/www.campingsersirant.fr\/en\/"},{"@type":"ListItem","position":2,"name":"Tourism in Auvergne"}]},{"@type":"WebSite","@id":"https:\/\/www.campingsersirant.fr\/#website","url":"https:\/\/www.campingsersirant.fr\/","name":"Camping Ser Sirant","description":"","publisher":{"@id":"https:\/\/www.campingsersirant.fr\/#organization"},"potentialAction":[{"@type":"SearchAction","target":{"@type":"EntryPoint","urlTemplate":"https:\/\/www.campingsersirant.fr\/?s={search_term_string}"},"query-input":{"@type":"PropertyValueSpecification","valueRequired":true,"valueName":"search_term_string"}}],"inLanguage":"en-US"},{"@type":"Organization","@id":"https:\/\/www.campingsersirant.fr\/#organization","name":"Camping Ser Sirant","url":"https:\/\/www.campingsersirant.fr\/","logo":{"@type":"ImageObject","inLanguage":"en-US","@id":"https:\/\/www.campingsersirant.fr\/#\/schema\/logo\/image\/","url":"https:\/\/www.campingsersirant.fr\/wp-content\/uploads\/2022\/11\/logo-camping-ser-sirant.png","contentUrl":"https:\/\/www.campingsersirant.fr\/wp-content\/uploads\/2022\/11\/logo-camping-ser-sirant.png","width":262,"height":186,"caption":"Camping Ser Sirant"},"image":{"@id":"https:\/\/www.campingsersirant.fr\/#\/schema\/logo\/image\/"}}]}},"_links":{"self":[{"href":"https:\/\/www.campingsersirant.fr\/en\/wp-json\/wp\/v2\/pages\/1459","targetHints":{"allow":["GET"]}}],"collection":[{"href":"https:\/\/www.campingsersirant.fr\/en\/wp-json\/wp\/v2\/pages"}],"about":[{"href":"https:\/\/www.campingsersirant.fr\/en\/wp-json\/wp\/v2\/types\/page"}],"author":[{"embeddable":true,"href":"https:\/\/www.campingsersirant.fr\/en\/wp-json\/wp\/v2\/users\/1"}],"replies":[{"embeddable":true,"href":"https:\/\/www.campingsersirant.fr\/en\/wp-json\/wp\/v2\/comments?post=1459"}],"version-history":[{"count":9,"href":"https:\/\/www.campingsersirant.fr\/en\/wp-json\/wp\/v2\/pages\/1459\/revisions"}],"predecessor-version":[{"id":2082,"href":"https:\/\/www.campingsersirant.fr\/en\/wp-json\/wp\/v2\/pages\/1459\/revisions\/2082"}],"wp:featuredmedia":[{"embeddable":true,"href":"https:\/\/www.campingsersirant.fr\/en\/wp-json\/wp\/v2\/media\/2061"}],"wp:attachment":[{"href":"https:\/\/www.campingsersirant.fr\/en\/wp-json\/wp\/v2\/media?parent=1459"}],"wp:term":[{"taxonomy":"sujet","embeddable":true,"href":"https:\/\/www.campingsersirant.fr\/en\/wp-json\/wp\/v2\/sujet?post=1459"}],"curies":[{"name":"wp","href":"https:\/\/api.w.org\/{rel}","templated":true}]}}