{"id":1610,"date":"2022-12-12T12:05:01","date_gmt":"2022-12-12T11:05:01","guid":{"rendered":"https:\/\/www.campingsersirant.fr\/camping-familie-heilige-offrey\/"},"modified":"2022-12-13T09:42:11","modified_gmt":"2022-12-13T08:42:11","slug":"camping-familie-heilige-offrey","status":"publish","type":"page","link":"https:\/\/www.campingsersirant.fr\/de\/camping-familie-heilige-offrey\/","title":{"rendered":"Dienste"},"content":{"rendered":"<section id=\"ls-section-block_8c64eeae1779683580168c72d82752e3\" class=\"ls-section  has-p-t p-t-14\" >\n        <div class=\"container \">\n        \n\n<h1 class=\"ls__heading has-text-align-center feuille-deco wp-block-heading\">Ihr Urlaub auf einem Familiencampingplatz<br> in Saint-Th\u00e9offrey<\/h1>\n\n\n    <\/div>\n<\/section>\n\n<section id=\"ls-section-block_71a63e41121b0781f60a5d7ce3849e3e\" class=\"ls-section  page-one has-p-b p-b-14\" >\n        <div class=\"container container--wide\">\n        \n\n<div class=\"wp-block-columns is-layout-flex wp-container-core-columns-is-layout-9d6595d7 wp-block-columns-is-layout-flex\">\n<div class=\"wp-block-column is-vertically-aligned-center is-layout-flow wp-block-column-is-layout-flow\" style=\"flex-basis:33.33%\">\n<h2 class=\"ls__heading deco-gauche wp-block-heading\">Alle Dienstleistungen unseres Campingplatzes<\/h2>\n\n\n\n<h3 class=\"ls-heading wp-block-heading\">Unser Team empf\u00e4ngt Sie<\/h3>\n\n\n\n<p class=\"ls-paragraph\">Das Team des <a href=\"\/de\/\">Campingplatzes Ser Sirant<\/a> freut sich, Sie begr\u00fc\u00dfen zu d\u00fcrfen, und garantiert Ihnen einen au\u00dfergew\u00f6hnlichen Aufenthalt in der Auvergne. Wir empfangen Sie in unseren Mobilheimen ab dem 28. April und auf unseren Stellpl\u00e4tzen ab dem 13. Mai bis zum 23. September abends.<\/p>\n\n\n\n<p class=\"ls-paragraph\">Die Rezeption des Campingplatzes ist in der Hauptsaison von 8:30 bis 20:00 Uhr und in der Nebensaison von 8:30 bis 11:00 Uhr und von 15:00 bis 19:00 Uhr ge\u00f6ffnet.<\/p>\n\n\n\n<p class=\"ls-paragraph\">Auf einem 4 ha gro\u00dfen Grundst\u00fcck mit B\u00e4umen sind wir sicher, dass Sie einen angenehmen Familienurlaub verbringen werden.<\/p>\n<\/div>\n\n\n\n<div class=\"wp-block-column is-layout-flow wp-block-column-is-layout-flow\" style=\"flex-basis:66.66%\">\n<figure class=\"wp-block-image size-full arrondi-bas-gauche animated slideInRight delay-200ms slow\"><img decoding=\"async\" width=\"850\" height=\"582\" src=\"https:\/\/www.campingsersirant.fr\/wp-content\/uploads\/2022\/11\/camping-ser-sirant-terrain-arbore-en-isere.jpg\" alt=\"familienfreundlicher Campingplatz mit Dienstleistungen \" class=\"wp-image-609\" title=\"\" srcset=\"https:\/\/www.campingsersirant.fr\/wp-content\/uploads\/2022\/11\/camping-ser-sirant-terrain-arbore-en-isere.jpg 850w, https:\/\/www.campingsersirant.fr\/wp-content\/uploads\/2022\/11\/camping-ser-sirant-terrain-arbore-en-isere-300x205.jpg 300w, https:\/\/www.campingsersirant.fr\/wp-content\/uploads\/2022\/11\/camping-ser-sirant-terrain-arbore-en-isere-768x526.jpg 768w\" sizes=\"(max-width: 850px) 100vw, 850px\" \/><\/figure>\n<\/div>\n<\/div>\n\n\n    <\/div>\n<\/section>\n\n<section id=\"ls-section-block_d953d0aab5606cc81c3b5d6721f1ac89\" class=\"ls-section  page-three\" >\n        <div class=\"container container--full\">\n        \n\n<div class=\"wp-block-columns is-layout-flex wp-container-core-columns-is-layout-9d6595d7 wp-block-columns-is-layout-flex\">\n<div class=\"wp-block-column is-layout-flow wp-block-column-is-layout-flow\" style=\"flex-basis:20%\"><\/div>\n\n\n\n<div class=\"wp-block-column is-layout-flow wp-block-column-is-layout-flow\" style=\"flex-basis:30%\">\n<h3 class=\"ls__heading has-text-align-center wp-block-heading\">Bleiben Sie in Verbindung<\/h3>\n\n\n\n<p class=\"ls-paragraph has-text-align-center\">Auf unserem gesamten Campingplatz ist der WLAN-Anschluss kostenlos. Ob am Seeufer oder in Ihrem Mietobjekt, Sie werden sich jederzeit mit Ihren Lieben unterhalten und die wunderbaren Momente, die Sie erleben, mit ihnen teilen.<\/p>\n<\/div>\n\n\n\n<div class=\"wp-block-column is-layout-flow wp-block-column-is-layout-flow\" style=\"flex-basis:30%\">\n<h3 class=\"ls__heading has-text-align-center wp-block-heading\">Der Waschsalon auf dem Campingplatz<\/h3>\n\n\n\n<p class=\"ls-paragraph has-text-align-center\">Auf dem Campingplatz finden Sie unseren Waschsalon mit W\u00e4schetrockner, B\u00fcgelbrett und B\u00fcgeleisen zur Verf\u00fcgung. Der Einheitspreis betr\u00e4gt 4\u20ac.<\/p>\n<\/div>\n\n\n\n<div class=\"wp-block-column is-layout-flow wp-block-column-is-layout-flow\" style=\"flex-basis:20%\"><\/div>\n<\/div>\n\n\n    <\/div>\n<\/section>\n\n<section id=\"ls-section-block_3c5095ace5e449d4cfcab6c162806c0a\" class=\"ls-section  page-four feuille-droite has-p-t p-t-14 has-p-b p-b-14\" >\n        <div class=\"container container--wide\">\n        \n\n<div class=\"wp-block-columns is-layout-flex wp-container-core-columns-is-layout-9d6595d7 wp-block-columns-is-layout-flex\">\n<div class=\"wp-block-column is-layout-flow wp-block-column-is-layout-flow\" style=\"flex-basis:25%\"><\/div>\n\n\n\n<div class=\"wp-block-column is-layout-flow wp-block-column-is-layout-flow\" style=\"flex-basis:50%\">\n<h3 class=\"ls__heading has-text-align-center wp-block-heading\">Ausr\u00fcstungsgegenst\u00e4nde zum Ausleihen<\/h3>\n\n\n\n<p class=\"ls-paragraph\">Buchen Sie Ihre Mietausr\u00fcstung f\u00fcr Ihren Urlaub :<\/p>\n\n\n\n<ul class=\"ls-list wp-block-list\">\n<li>Elektrisches Mountainbike<\/li>\n\n\n\n<li>Bettw\u00e4sche und Handt\u00fccher 12\u20ac pro Person<\/li>\n\n\n\n<li>Kinderstuhl und Kinderbett f\u00fcr 5\u20ac \/ Tag oder 25\u20ac pro Woche <\/li>\n\n\n\n<li>K\u00fchlschr\u00e4nke f\u00fcr 35\u20ac pro Woche \/ 10\u20ac pro Tag, dann degressiver Tarif<\/li>\n\n\n\n<li>Gasgrill kostenlos f\u00fcr Mietunterk\u00fcnfte \/ 7\u20ac inkl. Gas kostenpflichtig f\u00fcr Stellpl\u00e4tze<\/li>\n\n\n\n<li>Zwei Geschirrsp\u00fcler werden kostenlos zur Verf\u00fcgung gestellt<\/li>\n<\/ul>\n<\/div>\n\n\n\n<div class=\"wp-block-column is-layout-flow wp-block-column-is-layout-flow\" style=\"flex-basis:25%\">\n<figure class=\"wp-block-image size-large feuille\"><img decoding=\"async\" width=\"605\" height=\"1024\" src=\"https:\/\/www.campingsersirant.fr\/wp-content\/uploads\/2022\/12\/feuille-605x1024.jpg\" alt=\"Blatt\" class=\"wp-image-1151\" srcset=\"https:\/\/www.campingsersirant.fr\/wp-content\/uploads\/2022\/12\/feuille-605x1024.jpg 605w, https:\/\/www.campingsersirant.fr\/wp-content\/uploads\/2022\/12\/feuille-177x300.jpg 177w, https:\/\/www.campingsersirant.fr\/wp-content\/uploads\/2022\/12\/feuille-768x1300.jpg 768w, https:\/\/www.campingsersirant.fr\/wp-content\/uploads\/2022\/12\/feuille-908x1536.jpg 908w, https:\/\/www.campingsersirant.fr\/wp-content\/uploads\/2022\/12\/feuille-1210x2048.jpg 1210w, https:\/\/www.campingsersirant.fr\/wp-content\/uploads\/2022\/12\/feuille.jpg 1365w\" sizes=\"(max-width: 605px) 100vw, 605px\" \/><\/figure>\n<\/div>\n<\/div>\n\n\n    <\/div>\n<\/section>\n\n<section id=\"ls-section-block_07d38bcc84ba7321b8b8d4701122a593\" class=\"ls-section  page-five has-background has-color-5-background-color has-p-t p-t-14 has-p-b p-b-14\" >\n        <div class=\"container container--wide\">\n        \n\n<div class=\"wp-block-columns is-layout-flex wp-container-core-columns-is-layout-9d6595d7 wp-block-columns-is-layout-flex\">\n<div class=\"wp-block-column is-layout-flow wp-block-column-is-layout-flow\">\n<figure class=\"wp-block-image size-large arrondi-haut-gauche has-m-b m-b-8 animated slideInRight delay-200ms slow\"><img decoding=\"async\" width=\"1024\" height=\"640\" src=\"https:\/\/www.campingsersirant.fr\/wp-content\/uploads\/2022\/11\/camping-ser-sirant-petit-dejeuner-artisanal-1024x640.jpg\" alt=\"Handwerkerfr\u00fchst\u00fcck\" class=\"wp-image-651\" srcset=\"https:\/\/www.campingsersirant.fr\/wp-content\/uploads\/2022\/11\/camping-ser-sirant-petit-dejeuner-artisanal-1024x640.jpg 1024w, https:\/\/www.campingsersirant.fr\/wp-content\/uploads\/2022\/11\/camping-ser-sirant-petit-dejeuner-artisanal-300x188.jpg 300w, https:\/\/www.campingsersirant.fr\/wp-content\/uploads\/2022\/11\/camping-ser-sirant-petit-dejeuner-artisanal-768x480.jpg 768w, https:\/\/www.campingsersirant.fr\/wp-content\/uploads\/2022\/11\/camping-ser-sirant-petit-dejeuner-artisanal.jpg 1104w\" sizes=\"(max-width: 1024px) 100vw, 1024px\" \/><\/figure>\n\n\n\n<h3 class=\"ls__heading has-p-l p-l-10 wp-block-heading\">Haustiere<\/h3>\n\n\n\n<p class=\"ls-paragraph has-p-l p-l-10\">M\u00f6chten Sie mit Ihren Haustieren reisen? Haustiere sind auf allen Unterk\u00fcnften des Campingplatzes erlaubt.<\/p>\n\n\n\n<h3 class=\"ls__heading has-p-l p-l-10 has-p-t p-t-4 wp-block-heading\">Gesch\u00e4fte in der N\u00e4he des Campingplatzes<\/h3>\n\n\n\n<p class=\"ls-paragraph has-p-l p-l-10\">Nur 10 Minuten mit dem Auto vom Campingplatz entfernt haben Sie Zugang zu allen Gesch\u00e4ften. In der Hochsaison sind Restaurants neben dem Campingplatz ge\u00f6ffnet.<\/p>\n<\/div>\n\n\n\n<div class=\"wp-block-column is-vertically-aligned-center is-layout-flow wp-block-column-is-layout-flow\">\n<h3 class=\"ls__heading has-p-l p-l-10 wp-block-heading\">Buchen Sie Ihr handwerkliches Fr\u00fchst\u00fcck<\/h3>\n\n\n\n<p class=\"ls-paragraph has-p-l p-l-10\">Tr\u00e4umen Sie von einem frisch zubereiteten Fr\u00fchst\u00fcck in Ihrer Mietunterkunft? Reservieren Sie Ihr Fr\u00fchst\u00fcck am Vortag und holen Sie es an der Rezeption des Campingplatzes ab.<\/p>\n\n\n\n<h3 class=\"ls__heading has-p-l p-l-10 has-p-t p-t-4 wp-block-heading\">Lebensmittelgesch\u00e4ft in Saint-Th\u00e9offrey<\/h3>\n\n\n\n<p class=\"ls-paragraph has-p-l p-l-10\">Im Lebensmittelgesch\u00e4ft des Campingplatzes finden Sie alle Produkte f\u00fcr den t\u00e4glichen Bedarf und f\u00fcr Notf\u00e4lle. Der Lebensmittelladen befindet sich an der Rezeption des Campingplatzes und ist zu denselben Zeiten ge\u00f6ffnet.<\/p>\n\n\n\n<h3 class=\"ls-heading wp-block-heading\">B\u00e4ckerei<\/h3>\n\n\n\n<p class=\"ls-paragraph\">Sie k\u00f6nnen (am Vortag) an der Rezeption des Campingplatzes Brot und Geb\u00e4ck bestellen, das uns vom B\u00e4ckermeister La Motte d&#8217;Aveillans geliefert wird. Holen Sie am n\u00e4chsten Tag zwischen 8:30 und 10:00 Uhr Ihr Brot und Geb\u00e4ck an der Rezeption ab.<\/p>\n\n\n\n<figure class=\"wp-block-image size-full arrondi-bas-droite has-m-t m-t-8 animated slideInLeft delay-200ms slow\"><img decoding=\"async\" width=\"645\" height=\"430\" src=\"https:\/\/www.campingsersirant.fr\/wp-content\/uploads\/2022\/11\/camping-ser-sirant-en-isere-accueille-vos-animaux-de-compagnie.jpg\" alt=\"pet friendly\" class=\"wp-image-660\" srcset=\"https:\/\/www.campingsersirant.fr\/wp-content\/uploads\/2022\/11\/camping-ser-sirant-en-isere-accueille-vos-animaux-de-compagnie.jpg 645w, https:\/\/www.campingsersirant.fr\/wp-content\/uploads\/2022\/11\/camping-ser-sirant-en-isere-accueille-vos-animaux-de-compagnie-300x200.jpg 300w\" sizes=\"(max-width: 645px) 100vw, 645px\" \/><\/figure>\n<\/div>\n<\/div>\n\n\n    <\/div>\n<\/section>\n\n<section id=\"ls-section-block_3eb7e58fb5389686b9db2a856ff56477\" class=\"ls-section  page-four feuille-gauche has-p-t p-t-14 has-p-b p-b-14\" >\n        <div class=\"container container--wide\">\n        \n\n<div class=\"wp-block-columns is-layout-flex wp-container-core-columns-is-layout-9d6595d7 wp-block-columns-is-layout-flex\">\n<div class=\"wp-block-column is-layout-flow wp-block-column-is-layout-flow\" style=\"flex-basis:25%\">\n<figure class=\"wp-block-image size-large feuille\"><img decoding=\"async\" width=\"605\" height=\"1024\" src=\"https:\/\/www.campingsersirant.fr\/wp-content\/uploads\/2022\/12\/feuille-605x1024.jpg\" alt=\"Blatt\" class=\"wp-image-1151\" srcset=\"https:\/\/www.campingsersirant.fr\/wp-content\/uploads\/2022\/12\/feuille-605x1024.jpg 605w, https:\/\/www.campingsersirant.fr\/wp-content\/uploads\/2022\/12\/feuille-177x300.jpg 177w, https:\/\/www.campingsersirant.fr\/wp-content\/uploads\/2022\/12\/feuille-768x1300.jpg 768w, https:\/\/www.campingsersirant.fr\/wp-content\/uploads\/2022\/12\/feuille-908x1536.jpg 908w, https:\/\/www.campingsersirant.fr\/wp-content\/uploads\/2022\/12\/feuille-1210x2048.jpg 1210w, https:\/\/www.campingsersirant.fr\/wp-content\/uploads\/2022\/12\/feuille.jpg 1365w\" sizes=\"(max-width: 605px) 100vw, 605px\" \/><\/figure>\n<\/div>\n\n\n\n<div class=\"wp-block-column is-layout-flow wp-block-column-is-layout-flow\" style=\"flex-basis:50%\">\n<h3 class=\"ls__heading has-text-align-center wp-block-heading\">Fernsehraum<\/h3>\n\n\n\n<p class=\"ls-paragraph has-text-align-center\">Der Fernsehraum ist der ideale Ort f\u00fcr einen entspannten Moment mit der Familie. Zu denselben Zeiten wie die Rezeption und zu Zeiten bei Veranstaltungen wie der Tour de France ge\u00f6ffnet, au\u00dfer nachts.<\/p>\n\n\n\n<p class=\"ls-paragraph has-text-align-center\">Bitte beschreiben Sie die zur Verf\u00fcgung gestellten Einrichtungen (Verleih von Gesellschaftsspielen, B\u00fcchern, Arcade-Spielen,<\/p>\n<\/div>\n\n\n\n<div class=\"wp-block-column is-layout-flow wp-block-column-is-layout-flow\" style=\"flex-basis:25%\"><\/div>\n<\/div>\n\n\n    <\/div>\n<\/section>\n\n<section id=\"ls-section-block_c99c89049d3b0d715f120bf9e53a2d2b\" class=\"ls-section  page-two\" >\n        <div class=\"container container--wide\">\n        \n\n<div class=\"wp-block-columns is-layout-flex wp-container-core-columns-is-layout-9d6595d7 wp-block-columns-is-layout-flex\">\n<div class=\"wp-block-column is-layout-flow wp-block-column-is-layout-flow\" style=\"flex-basis:66.66%\">\n<figure class=\"wp-block-image size-full arrondi-bas-droite animated slideInLeft delay-200ms slow\"><img decoding=\"async\" width=\"612\" height=\"394\" src=\"https:\/\/www.campingsersirant.fr\/wp-content\/uploads\/2022\/11\/camping-ser-sirant-label-refuge-lpo.jpg\" alt=\"\u00f6kologischer Ansatz\" class=\"wp-image-739\" title=\"\" srcset=\"https:\/\/www.campingsersirant.fr\/wp-content\/uploads\/2022\/11\/camping-ser-sirant-label-refuge-lpo.jpg 612w, https:\/\/www.campingsersirant.fr\/wp-content\/uploads\/2022\/11\/camping-ser-sirant-label-refuge-lpo-300x193.jpg 300w\" sizes=\"(max-width: 612px) 100vw, 612px\" \/><\/figure>\n<\/div>\n\n\n\n<div class=\"wp-block-column is-vertically-aligned-top is-layout-flow wp-block-column-is-layout-flow\" style=\"flex-basis:33.33%\">\n<h2 class=\"ls__heading deco-gauche has-m-t m-t-0 wp-block-heading\">Der \u00f6kologische Ansatz des Campingplatzes<\/h2>\n\n\n\n<p class=\"ls-paragraph\"> Unser Engagement f\u00fcr die Umwelt&#8230;<\/p>\n\n\n\n<ul class=\"ls-list wp-block-list\">\n<li>M\u00fclltrennung<\/li>\n\n\n\n<li>Naturschutz (LPO-Label )<\/li>\n\n\n\n<li>Die Umgebung des Campingplatzes und des Sees ist als ENS espace naturel sensible de l&#8217;Is\u00e8re klassifiziert.<\/li>\n\n\n\n<li>Keine Verwendung von Pflanzenschutzmitteln, Verwendung von ECOLABELS-Produkten<\/li>\n\n\n\n<li>Verwendung \/ Verkauf von BIO- und FAIRTRADE-Produkten<\/li>\n<\/ul>\n\n\n\n<p class=\"ls-paragraph\">Ein 4 Hektar gro\u00dfes Gel\u00e4nde in der Vorbergzone, am Ufer des Gro\u00dfen Sees von Laffrey&#8230; Der Campingplatz Ser Sirant weist ein Mosaik von \u00d6kosystemen auf.<\/p>\n\n\n\n<p class=\"ls-paragraph\">Um diese Umwelt aufzuwerten und zu sch\u00fctzen, haben wir beschlossen, den Campingplatz Ser Sirant in einen \u00f6kologischen Prozess einzubinden, der sich in der Verleihung des Labels &#8222;refuge LPO&#8220; (ligue pour la protection des oiseaux) niedergeschlagen hat.<\/p>\n<\/div>\n<\/div>\n\n\n    <\/div>\n<\/section>\n\n<section id=\"ls-section-block_171bc1d56ec17b20566144c32c6e3a05\" class=\"ls-section  page-maillage has-p-t p-t-14 has-p-b p-b-14\" >\n        <div class=\"container container--wide\">\n        \n\n<div id=\"ls-heading ls-titre-div-block_4030973d5fb939c3361b38f486701206\" class=\"ls-titre-div aligncenter h2-like\" >\n     Entdecken Sie die Aktivit\u00e4ten, das Restaurant und die Preise unseres Campingplatzes.<\/div>\n\n\n<div id=\"ls-maillage-block_0033f0764695f1ef13db6d59b368f6ad\" class=\"ls-maillage cta-style-normal has-p-t p-t-8\" data-rows=\"3\">\n    <div class=\"wp-block-columns\"><div class=\"wp-block-column\">\n\n<a href=\"https:\/\/www.campingsersirant.fr\/de\/zeltplatz-animationen-saint-theoffrey\/\" target=\"\" rel=\"noopener\" class=\"ls-cta__link\">\n\n\t<div class=\"ls-cta__image\"><img decoding=\"async\" src=\"https:\/\/www.campingsersirant.fr\/wp-content\/uploads\/2022\/11\/animations-camping.jpg\" alt=\"animation camping\"><\/div>\n\t<div class=\"ls-cta__title\">\n\t\tAnimationen und Aktivit\u00e4ten\t<\/div>\n\n\t\t\n<\/a><\/div><div class=\"wp-block-column\">\n\n<a href=\"https:\/\/www.campingsersirant.fr\/de\/guenstiger-campingplatz-saint-theoffrey\/\" target=\"\" rel=\"noopener\" class=\"ls-cta__link\">\n\n\t<div class=\"ls-cta__image\"><img decoding=\"async\" src=\"https:\/\/www.campingsersirant.fr\/wp-content\/uploads\/2022\/11\/tarifs-768x526.jpg\" alt=\"tarifs\"><\/div>\n\t<div class=\"ls-cta__title\">\n\t\tUnsere Preise\t<\/div>\n\n\t\t\n<\/a><\/div><div class=\"wp-block-column\">\n\n<a href=\"https:\/\/www.campingsersirant.fr\/de\/restaurant-saint-theoffrey\/\" target=\"\" rel=\"noopener\" class=\"ls-cta__link\">\n\n\t<div class=\"ls-cta__image\"><img decoding=\"async\" src=\"https:\/\/www.campingsersirant.fr\/wp-content\/uploads\/2022\/11\/restaurant-ser-sirant-768x526.jpg\" alt=\"restaurant camping dordogne\"><\/div>\n\t<div class=\"ls-cta__title\">\n\t\tRestaurant\t<\/div>\n\n\t\t\n<\/a><\/div><\/div><\/div>\n\n    <\/div>\n<\/section>","protected":false},"excerpt":{"rendered":"","protected":false},"author":1,"featured_media":1426,"parent":0,"menu_order":0,"comment_status":"closed","ping_status":"closed","template":"","meta":{"_acf_changed":false,"footnotes":""},"sujet":[],"class_list":["post-1610","page","type-page","status-publish","has-post-thumbnail","hentry"],"acf":[],"yoast_head":"<!-- This site is optimized with the Yoast SEO plugin v25.3 - https:\/\/yoast.com\/wordpress\/plugins\/seo\/ -->\n<title>Lebensmittelgesch\u00e4ft in Saint-Th\u00e9offrey | Familiencamping in der Auvergne<\/title>\n<meta name=\"robots\" content=\"index, follow, max-snippet:-1, max-image-preview:large, max-video-preview:-1\" \/>\n<link rel=\"canonical\" href=\"https:\/\/www.campingsersirant.fr\/de\/camping-familie-heilige-offrey\/\" \/>\n<meta property=\"og:locale\" content=\"de_DE\" \/>\n<meta property=\"og:type\" content=\"article\" \/>\n<meta property=\"og:title\" content=\"Lebensmittelgesch\u00e4ft in Saint-Th\u00e9offrey | Familiencamping in der Auvergne\" \/>\n<meta property=\"og:url\" content=\"https:\/\/www.campingsersirant.fr\/de\/camping-familie-heilige-offrey\/\" \/>\n<meta property=\"og:site_name\" content=\"Camping Ser Sirant\" \/>\n<meta property=\"article:modified_time\" content=\"2022-12-13T08:42:11+00:00\" \/>\n<meta property=\"og:image\" content=\"https:\/\/www.campingsersirant.fr\/wp-content\/uploads\/2022\/11\/camping-familial.jpg\" \/>\n\t<meta property=\"og:image:width\" content=\"1920\" \/>\n\t<meta property=\"og:image:height\" content=\"703\" \/>\n\t<meta property=\"og:image:type\" content=\"image\/jpeg\" \/>\n<meta name=\"twitter:card\" content=\"summary_large_image\" \/>\n<meta name=\"twitter:label1\" content=\"Gesch\u00e4tzte Lesezeit\" \/>\n\t<meta name=\"twitter:data1\" content=\"4\u00a0Minuten\" \/>\n<script type=\"application\/ld+json\" class=\"yoast-schema-graph\">{\"@context\":\"https:\/\/schema.org\",\"@graph\":[{\"@type\":\"WebPage\",\"@id\":\"https:\/\/www.campingsersirant.fr\/de\/camping-familie-heilige-offrey\/\",\"url\":\"https:\/\/www.campingsersirant.fr\/de\/camping-familie-heilige-offrey\/\",\"name\":\"Lebensmittelgesch\u00e4ft in Saint-Th\u00e9offrey | Familiencamping in der Auvergne\",\"isPartOf\":{\"@id\":\"https:\/\/www.campingsersirant.fr\/#website\"},\"primaryImageOfPage\":{\"@id\":\"https:\/\/www.campingsersirant.fr\/de\/camping-familie-heilige-offrey\/#primaryimage\"},\"image\":{\"@id\":\"https:\/\/www.campingsersirant.fr\/de\/camping-familie-heilige-offrey\/#primaryimage\"},\"thumbnailUrl\":\"https:\/\/www.campingsersirant.fr\/wp-content\/uploads\/2022\/11\/camping-familial.jpg\",\"datePublished\":\"2022-12-12T11:05:01+00:00\",\"dateModified\":\"2022-12-13T08:42:11+00:00\",\"breadcrumb\":{\"@id\":\"https:\/\/www.campingsersirant.fr\/de\/camping-familie-heilige-offrey\/#breadcrumb\"},\"inLanguage\":\"de\",\"potentialAction\":[{\"@type\":\"ReadAction\",\"target\":[\"https:\/\/www.campingsersirant.fr\/de\/camping-familie-heilige-offrey\/\"]}]},{\"@type\":\"ImageObject\",\"inLanguage\":\"de\",\"@id\":\"https:\/\/www.campingsersirant.fr\/de\/camping-familie-heilige-offrey\/#primaryimage\",\"url\":\"https:\/\/www.campingsersirant.fr\/wp-content\/uploads\/2022\/11\/camping-familial.jpg\",\"contentUrl\":\"https:\/\/www.campingsersirant.fr\/wp-content\/uploads\/2022\/11\/camping-familial.jpg\",\"width\":1920,\"height\":703,\"caption\":\"camping familial\"},{\"@type\":\"BreadcrumbList\",\"@id\":\"https:\/\/www.campingsersirant.fr\/de\/camping-familie-heilige-offrey\/#breadcrumb\",\"itemListElement\":[{\"@type\":\"ListItem\",\"position\":1,\"name\":\"Camping Ser Sirant\",\"item\":\"https:\/\/www.campingsersirant.fr\/de\/\"},{\"@type\":\"ListItem\",\"position\":2,\"name\":\"Familiencamping in der Auvergne\"}]},{\"@type\":\"WebSite\",\"@id\":\"https:\/\/www.campingsersirant.fr\/#website\",\"url\":\"https:\/\/www.campingsersirant.fr\/\",\"name\":\"Camping Ser Sirant\",\"description\":\"\",\"publisher\":{\"@id\":\"https:\/\/www.campingsersirant.fr\/#organization\"},\"potentialAction\":[{\"@type\":\"SearchAction\",\"target\":{\"@type\":\"EntryPoint\",\"urlTemplate\":\"https:\/\/www.campingsersirant.fr\/?s={search_term_string}\"},\"query-input\":{\"@type\":\"PropertyValueSpecification\",\"valueRequired\":true,\"valueName\":\"search_term_string\"}}],\"inLanguage\":\"de\"},{\"@type\":\"Organization\",\"@id\":\"https:\/\/www.campingsersirant.fr\/#organization\",\"name\":\"Camping Ser Sirant\",\"url\":\"https:\/\/www.campingsersirant.fr\/\",\"logo\":{\"@type\":\"ImageObject\",\"inLanguage\":\"de\",\"@id\":\"https:\/\/www.campingsersirant.fr\/#\/schema\/logo\/image\/\",\"url\":\"https:\/\/www.campingsersirant.fr\/wp-content\/uploads\/2022\/11\/logo-camping-ser-sirant.png\",\"contentUrl\":\"https:\/\/www.campingsersirant.fr\/wp-content\/uploads\/2022\/11\/logo-camping-ser-sirant.png\",\"width\":262,\"height\":186,\"caption\":\"Camping Ser Sirant\"},\"image\":{\"@id\":\"https:\/\/www.campingsersirant.fr\/#\/schema\/logo\/image\/\"}}]}<\/script>\n<!-- \/ Yoast SEO plugin. -->","yoast_head_json":{"title":"Lebensmittelgesch\u00e4ft in Saint-Th\u00e9offrey | Familiencamping in der Auvergne","robots":{"index":"index","follow":"follow","max-snippet":"max-snippet:-1","max-image-preview":"max-image-preview:large","max-video-preview":"max-video-preview:-1"},"canonical":"https:\/\/www.campingsersirant.fr\/de\/camping-familie-heilige-offrey\/","og_locale":"de_DE","og_type":"article","og_title":"Lebensmittelgesch\u00e4ft in Saint-Th\u00e9offrey | Familiencamping in der Auvergne","og_url":"https:\/\/www.campingsersirant.fr\/de\/camping-familie-heilige-offrey\/","og_site_name":"Camping Ser Sirant","article_modified_time":"2022-12-13T08:42:11+00:00","og_image":[{"width":1920,"height":703,"url":"https:\/\/www.campingsersirant.fr\/wp-content\/uploads\/2022\/11\/camping-familial.jpg","type":"image\/jpeg"}],"twitter_card":"summary_large_image","twitter_misc":{"Gesch\u00e4tzte Lesezeit":"4\u00a0Minuten"},"schema":{"@context":"https:\/\/schema.org","@graph":[{"@type":"WebPage","@id":"https:\/\/www.campingsersirant.fr\/de\/camping-familie-heilige-offrey\/","url":"https:\/\/www.campingsersirant.fr\/de\/camping-familie-heilige-offrey\/","name":"Lebensmittelgesch\u00e4ft in Saint-Th\u00e9offrey | Familiencamping in der Auvergne","isPartOf":{"@id":"https:\/\/www.campingsersirant.fr\/#website"},"primaryImageOfPage":{"@id":"https:\/\/www.campingsersirant.fr\/de\/camping-familie-heilige-offrey\/#primaryimage"},"image":{"@id":"https:\/\/www.campingsersirant.fr\/de\/camping-familie-heilige-offrey\/#primaryimage"},"thumbnailUrl":"https:\/\/www.campingsersirant.fr\/wp-content\/uploads\/2022\/11\/camping-familial.jpg","datePublished":"2022-12-12T11:05:01+00:00","dateModified":"2022-12-13T08:42:11+00:00","breadcrumb":{"@id":"https:\/\/www.campingsersirant.fr\/de\/camping-familie-heilige-offrey\/#breadcrumb"},"inLanguage":"de","potentialAction":[{"@type":"ReadAction","target":["https:\/\/www.campingsersirant.fr\/de\/camping-familie-heilige-offrey\/"]}]},{"@type":"ImageObject","inLanguage":"de","@id":"https:\/\/www.campingsersirant.fr\/de\/camping-familie-heilige-offrey\/#primaryimage","url":"https:\/\/www.campingsersirant.fr\/wp-content\/uploads\/2022\/11\/camping-familial.jpg","contentUrl":"https:\/\/www.campingsersirant.fr\/wp-content\/uploads\/2022\/11\/camping-familial.jpg","width":1920,"height":703,"caption":"camping familial"},{"@type":"BreadcrumbList","@id":"https:\/\/www.campingsersirant.fr\/de\/camping-familie-heilige-offrey\/#breadcrumb","itemListElement":[{"@type":"ListItem","position":1,"name":"Camping Ser Sirant","item":"https:\/\/www.campingsersirant.fr\/de\/"},{"@type":"ListItem","position":2,"name":"Familiencamping in der Auvergne"}]},{"@type":"WebSite","@id":"https:\/\/www.campingsersirant.fr\/#website","url":"https:\/\/www.campingsersirant.fr\/","name":"Camping Ser Sirant","description":"","publisher":{"@id":"https:\/\/www.campingsersirant.fr\/#organization"},"potentialAction":[{"@type":"SearchAction","target":{"@type":"EntryPoint","urlTemplate":"https:\/\/www.campingsersirant.fr\/?s={search_term_string}"},"query-input":{"@type":"PropertyValueSpecification","valueRequired":true,"valueName":"search_term_string"}}],"inLanguage":"de"},{"@type":"Organization","@id":"https:\/\/www.campingsersirant.fr\/#organization","name":"Camping Ser Sirant","url":"https:\/\/www.campingsersirant.fr\/","logo":{"@type":"ImageObject","inLanguage":"de","@id":"https:\/\/www.campingsersirant.fr\/#\/schema\/logo\/image\/","url":"https:\/\/www.campingsersirant.fr\/wp-content\/uploads\/2022\/11\/logo-camping-ser-sirant.png","contentUrl":"https:\/\/www.campingsersirant.fr\/wp-content\/uploads\/2022\/11\/logo-camping-ser-sirant.png","width":262,"height":186,"caption":"Camping Ser Sirant"},"image":{"@id":"https:\/\/www.campingsersirant.fr\/#\/schema\/logo\/image\/"}}]}},"_links":{"self":[{"href":"https:\/\/www.campingsersirant.fr\/de\/wp-json\/wp\/v2\/pages\/1610","targetHints":{"allow":["GET"]}}],"collection":[{"href":"https:\/\/www.campingsersirant.fr\/de\/wp-json\/wp\/v2\/pages"}],"about":[{"href":"https:\/\/www.campingsersirant.fr\/de\/wp-json\/wp\/v2\/types\/page"}],"author":[{"embeddable":true,"href":"https:\/\/www.campingsersirant.fr\/de\/wp-json\/wp\/v2\/users\/1"}],"replies":[{"embeddable":true,"href":"https:\/\/www.campingsersirant.fr\/de\/wp-json\/wp\/v2\/comments?post=1610"}],"version-history":[{"count":5,"href":"https:\/\/www.campingsersirant.fr\/de\/wp-json\/wp\/v2\/pages\/1610\/revisions"}],"predecessor-version":[{"id":1905,"href":"https:\/\/www.campingsersirant.fr\/de\/wp-json\/wp\/v2\/pages\/1610\/revisions\/1905"}],"wp:featuredmedia":[{"embeddable":true,"href":"https:\/\/www.campingsersirant.fr\/de\/wp-json\/wp\/v2\/media\/1426"}],"wp:attachment":[{"href":"https:\/\/www.campingsersirant.fr\/de\/wp-json\/wp\/v2\/media?parent=1610"}],"wp:term":[{"taxonomy":"sujet","embeddable":true,"href":"https:\/\/www.campingsersirant.fr\/de\/wp-json\/wp\/v2\/sujet?post=1610"}],"curies":[{"name":"wp","href":"https:\/\/api.w.org\/{rel}","templated":true}]}}