{"id":1606,"date":"2022-12-12T12:01:29","date_gmt":"2022-12-12T11:01:29","guid":{"rendered":"https:\/\/www.campingsersirant.fr\/restaurant-saint-theoffrey\/"},"modified":"2022-12-13T09:07:23","modified_gmt":"2022-12-13T08:07:23","slug":"restaurant-saint-theoffrey","status":"publish","type":"page","link":"https:\/\/www.campingsersirant.fr\/de\/restaurant-saint-theoffrey\/","title":{"rendered":"Restaurant"},"content":{"rendered":"<section id=\"ls-section-block_d34c73b8f320ee8d4c24d7d015e8f03f\" class=\"ls-section  has-p-t p-t-14\" >\n        <div class=\"container \">\n        \n\n<h1 class=\"ls__heading has-text-align-center feuille-deco wp-block-heading\">Restaurant mit Blick auf den See in Saint-Th\u00e9offrey<\/h1>\n\n\n    <\/div>\n<\/section>\n\n<section id=\"ls-section-block_1e394bbb24fb2fee5ac1f83ee8af80e3\" class=\"ls-section  page-one has-p-b p-b-14\" >\n        <div class=\"container container--wide\">\n        \n\n<div class=\"wp-block-columns is-layout-flex wp-container-core-columns-is-layout-9d6595d7 wp-block-columns-is-layout-flex\">\n<div class=\"wp-block-column is-vertically-aligned-center is-layout-flow wp-block-column-is-layout-flow\" style=\"flex-basis:33.33%\">\n<h2 class=\"ls__heading deco-gauche wp-block-heading\">Ihre Essenspause in der Snackbar<\/h2>\n\n\n\n<p class=\"ls-paragraph\">Im Urlaub essen Sie manchmal gerne schnell etwas?<\/p>\n\n\n\n<p class=\"ls-paragraph\">Sie suchen einen Campingplatz mit <strong>Imbiss\/Bar<\/strong> in Auvergne-Rh\u00f4ne-Alpes, damit Sie nicht bei jeder Mahlzeit kochen m\u00fcssen und sich bei einem Drink entspannen k\u00f6nnen, wenn Ihnen danach ist?<br><br>Von Anfang Juni bis Ende August bietet der <a href=\"\/de\/\">Campingplatz in der Auvergne<\/a> einen Restaurantservice mit einer verlockenden Speisekarte mit Burgern, Pommes frites und Pasta, die auf italienische Art zubereitet werden. Der ideale Ort f\u00fcr eine Schlemmerpause in einer privilegierten Umgebung gegen\u00fcber dem See!<\/p>\n<\/div>\n\n\n\n<div class=\"wp-block-column is-layout-flow wp-block-column-is-layout-flow\" style=\"flex-basis:66.66%\">\n<figure class=\"wp-block-image size-full arrondi-bas-gauche animated slideInRight delay-200ms slow\"><img decoding=\"async\" width=\"856\" height=\"586\" src=\"https:\/\/www.campingsersirant.fr\/wp-content\/uploads\/2022\/11\/burger.jpg\" alt=\"Burger\" class=\"wp-image-849\" title=\"\" srcset=\"https:\/\/www.campingsersirant.fr\/wp-content\/uploads\/2022\/11\/burger.jpg 856w, https:\/\/www.campingsersirant.fr\/wp-content\/uploads\/2022\/11\/burger-300x205.jpg 300w, https:\/\/www.campingsersirant.fr\/wp-content\/uploads\/2022\/11\/burger-768x526.jpg 768w\" sizes=\"(max-width: 856px) 100vw, 856px\" \/><\/figure>\n<\/div>\n<\/div>\n\n\n    <\/div>\n<\/section>\n\n<section id=\"ls-section-block_f18010c8b954a1f7d56bec62274d1418\" class=\"ls-section  page-five has-background has-color-5-background-color has-p-t p-t-14 has-p-b p-b-14\" >\n        <div class=\"container container--wide\">\n        \n\n<div class=\"wp-block-columns is-layout-flex wp-container-core-columns-is-layout-9d6595d7 wp-block-columns-is-layout-flex\">\n<div class=\"wp-block-column is-layout-flow wp-block-column-is-layout-flow\">\n<figure class=\"wp-block-image size-full arrondi-haut-gauche has-m-b m-b-8 animated slideInRight delay-200ms slow\"><img decoding=\"async\" width=\"856\" height=\"586\" src=\"https:\/\/www.campingsersirant.fr\/wp-content\/uploads\/2022\/11\/coctails.jpg\" alt=\"Cocktails\" class=\"wp-image-847\" srcset=\"https:\/\/www.campingsersirant.fr\/wp-content\/uploads\/2022\/11\/coctails.jpg 856w, https:\/\/www.campingsersirant.fr\/wp-content\/uploads\/2022\/11\/coctails-300x205.jpg 300w, https:\/\/www.campingsersirant.fr\/wp-content\/uploads\/2022\/11\/coctails-768x526.jpg 768w\" sizes=\"(max-width: 856px) 100vw, 856px\" \/><\/figure>\n\n\n\n<h2 class=\"ls__heading has-m-l m-l-10 deco-gauche wp-block-heading\">Ihre besten Abende dank unserer Themenmen\u00fcs in Auvergne-Rh\u00f4ne-Alpes<\/h2>\n\n\n\n<p class=\"ls-paragraph\">Das Ser Sirant h\u00e4lt w\u00e4hrend Ihres Aufenthalts kleine \u00dcberraschungen f\u00fcr Sie bereit. W\u00e4hrend der Saison werden mehrere <strong>Themenabende veranstaltet<\/strong>.<\/p>\n\n\n\n<p class=\"ls-paragraph\">Treffen Sie sich in der Snackbar in Saint-Th\u00e9offrey zu einem Grillabend oder einem anderen Themenessen: Miesmuscheln mit Pommes frites, gegrillter Fisch aus dem See, Paella, alles mit Musik bei einem Live-Konzert oder einer Tanzvorf\u00fchrung.<\/p>\n\n\n\n<p class=\"ls-paragraph\">Immer Momente gro\u00dfer Geselligkeit f\u00fcr Gro\u00df und Klein, in der privilegierten Umgebung unseres Campingplatzes gegen\u00fcber dem See.<\/p>\n<\/div>\n\n\n\n<div class=\"wp-block-column is-vertically-aligned-center is-layout-flow wp-block-column-is-layout-flow\">\n<h2 class=\"ls__heading has-m-l m-l-10 deco-gauche wp-block-heading\">Der Barbereich in Saint-Th\u00e9offrey<\/h2>\n\n\n\n<p class=\"ls-paragraph\">Die Terrasse am See l\u00e4dt zu einer Pause mit einem k\u00fchlen Getr\u00e4nk nach den Aktivit\u00e4ten des Nachmittags ein&#8230; oder in der Morgensonne zu einem Cappuccino.<\/p>\n\n\n\n<p class=\"ls-paragraph\">Ein <strong>Moment der Entspannung und Geselligkeit<\/strong>, der nach einer sch\u00f6nen Wanderung in den Bergen oder einem Tag voller Wassersportaktivit\u00e4ten gesch\u00e4tzt wird.<\/p>\n\n\n\n<p class=\"ls-paragraph\">Die Gelegenheit, sich niederzulassen, um die wertvolle nat\u00fcrliche Umgebung des Sees von Laffrey zu bewundern oder eine Bilanz Ihres Angeltages zu ziehen!<\/p>\n\n\n\n<figure class=\"wp-block-image size-full arrondi-bas-droite has-m-t m-t-8 animated slideInLeft delay-200ms slow\"><img decoding=\"async\" width=\"856\" height=\"586\" src=\"https:\/\/www.campingsersirant.fr\/wp-content\/uploads\/2022\/11\/soiree-animee.jpg\" alt=\"animierter abend camping\" class=\"wp-image-852\" srcset=\"https:\/\/www.campingsersirant.fr\/wp-content\/uploads\/2022\/11\/soiree-animee.jpg 856w, https:\/\/www.campingsersirant.fr\/wp-content\/uploads\/2022\/11\/soiree-animee-300x205.jpg 300w, https:\/\/www.campingsersirant.fr\/wp-content\/uploads\/2022\/11\/soiree-animee-768x526.jpg 768w\" sizes=\"(max-width: 856px) 100vw, 856px\" \/><\/figure>\n<\/div>\n<\/div>\n\n\n    <\/div>\n<\/section>\n\n<section id=\"ls-section-block_8aa3c8888da839df94f41043fd8b83b4\" class=\"ls-section  page-four feuille-gauche has-p-t p-t-14 has-p-b p-b-14\" >\n        <div class=\"container container--full\">\n        \n\n<div class=\"wp-block-columns is-layout-flex wp-container-core-columns-is-layout-9d6595d7 wp-block-columns-is-layout-flex\">\n<div class=\"wp-block-column is-layout-flow wp-block-column-is-layout-flow\" style=\"flex-basis:18.75%\">\n<figure class=\"wp-block-image size-large feuille\"><img decoding=\"async\" width=\"605\" height=\"1024\" src=\"https:\/\/www.campingsersirant.fr\/wp-content\/uploads\/2022\/12\/feuille-605x1024.jpg\" alt=\"Blatt\" class=\"wp-image-1151\" srcset=\"https:\/\/www.campingsersirant.fr\/wp-content\/uploads\/2022\/12\/feuille-605x1024.jpg 605w, https:\/\/www.campingsersirant.fr\/wp-content\/uploads\/2022\/12\/feuille-177x300.jpg 177w, https:\/\/www.campingsersirant.fr\/wp-content\/uploads\/2022\/12\/feuille-768x1300.jpg 768w, https:\/\/www.campingsersirant.fr\/wp-content\/uploads\/2022\/12\/feuille-908x1536.jpg 908w, https:\/\/www.campingsersirant.fr\/wp-content\/uploads\/2022\/12\/feuille-1210x2048.jpg 1210w, https:\/\/www.campingsersirant.fr\/wp-content\/uploads\/2022\/12\/feuille.jpg 1365w\" sizes=\"(max-width: 605px) 100vw, 605px\" \/><\/figure>\n<\/div>\n\n\n\n<div class=\"wp-block-column is-layout-flow wp-block-column-is-layout-flow\" style=\"flex-basis:37.5%\">\n<h2 class=\"ls__heading has-text-align-center deco-centre wp-block-heading\">Teilen Sie eine gesellige Mahlzeit in der Gruppe<\/h2>\n\n\n\n<p class=\"ls-paragraph has-text-align-center\">Das Ser Sirant bietet <strong>Gruppen<\/strong> <strong>Halb<\/strong>&#8211; oder <strong>Vollpension<\/strong> mit Fr\u00fchst\u00fcck und Gruppenmahlzeiten in der Snackbar\/Bar in Saint-Th\u00e9offrey.<\/p>\n\n\n\n<p class=\"ls-paragraph has-text-align-center\">Fragen Sie Riccardo einfach nach Ihrem Angebot f\u00fcr einen Aufenthalt mit Verpflegung in der Auvergne-Rh\u00f4ne-Alpes: Seminar, Teambuilding rund um Wassersportaktivit\u00e4ten, Angelwochenende mit Freunden, Mountainbike- oder Wandervereine&#8230;<\/p>\n\n\n\n<p class=\"ls-paragraph has-text-align-center\">Ihre Gruppe ist im Ser Sirant herzlich willkommen!<\/p>\n<\/div>\n\n\n\n<div class=\"wp-block-column is-layout-flow wp-block-column-is-layout-flow\" style=\"flex-basis:37.5%\">\n<h2 class=\"ls__heading has-text-align-center deco-centre wp-block-heading\">Nehmen Sie Ihr Essen mit in Ihr Mietobjekt<\/h2>\n\n\n\n<p class=\"ls-paragraph has-text-align-center\">Der Trumpf unserer Snackbar in Auvergne-Rh\u00f4ne-Alpes ist ihre ideale Lage gegen\u00fcber dem See, mit einer erhabenen Aussicht, die Sie von der Terrasse oder der Veranda aus bewundern k\u00f6nnen.<\/p>\n\n\n\n<p class=\"ls-paragraph has-text-align-center\">Aber wenn Sie Ihre Mahlzeit mitnehmen m\u00f6chten, um sie in der Privatsph\u00e4re Ihres Mobilheims oder auf Ihrem Stellplatz zu genie\u00dfen, ist auch das m\u00f6glich! <\/p>\n\n\n\n<p class=\"ls-paragraph has-text-align-center\">In der Snackbar des Ser Sirant steht es Ihnen frei, vor Ort zu <strong>essen oder etwas mitzunehmen.<\/strong><\/p>\n<\/div>\n\n\n\n<div class=\"wp-block-column is-layout-flow wp-block-column-is-layout-flow\" style=\"flex-basis:25%\"><\/div>\n<\/div>\n\n\n    <\/div>\n<\/section>\n\n<section id=\"ls-section-block_624329db46355b1f52d5bb9293ca1f43\" class=\"ls-section  page-maillage has-p-t p-t-14 has-p-b p-b-14\" >\n        <div class=\"container container--wide\">\n        \n\n<div id=\"ls-heading ls-titre-div-block_b156dd8531142c274c6ea327562f3622\" class=\"ls-titre-div aligncenter h2-like\" >\n     Entdecken Sie die Aktivit\u00e4ten und Dienstleistungen unseres Campingplatzes am See.<\/div>\n\n\n<div id=\"ls-maillage-block_d34c379aa32353f6db44d7fc5d7d0343\" class=\"ls-maillage cta-style-normal has-p-t p-t-8\" data-rows=\"3\">\n    <div class=\"wp-block-columns\"><div class=\"wp-block-column\">\n\n<a href=\"https:\/\/www.campingsersirant.fr\/de\/zeltplatz-animationen-saint-theoffrey\/\" target=\"\" rel=\"noopener\" class=\"ls-cta__link\">\n\n\t<div class=\"ls-cta__image\"><img decoding=\"async\" src=\"https:\/\/www.campingsersirant.fr\/wp-content\/uploads\/2022\/11\/animations-camping.jpg\" alt=\"animation camping\"><\/div>\n\t<div class=\"ls-cta__title\">\n\t\tAnimationen und Aktivit\u00e4ten\t<\/div>\n\n\t\t\n<\/a><\/div><div class=\"wp-block-column\">\n\n<a href=\"https:\/\/www.campingsersirant.fr\/de\/camping-seeufer-saint-theoffrey\/\" target=\"\" rel=\"noopener\" class=\"ls-cta__link\">\n\n\t<div class=\"ls-cta__image\"><img decoding=\"async\" src=\"https:\/\/www.campingsersirant.fr\/wp-content\/uploads\/2022\/11\/camping-ser-sirant-sports-aquatiques-en-isere-768x576.jpg\" alt=\"camping ser sirant\"><\/div>\n\t<div class=\"ls-cta__title\">\n\t\tSeeufer\t<\/div>\n\n\t\t\n<\/a><\/div><div class=\"wp-block-column\">\n\n<a href=\"https:\/\/www.campingsersirant.fr\/de\/camping-familie-heilige-offrey\/\" target=\"\" rel=\"noopener\" class=\"ls-cta__link\">\n\n\t<div class=\"ls-cta__image\"><img decoding=\"async\" src=\"https:\/\/www.campingsersirant.fr\/wp-content\/uploads\/2022\/12\/services-768x512.jpg\" alt=\"camping ser sirant avec de nombreux services\"><\/div>\n\t<div class=\"ls-cta__title\">\n\t\tDienste\t<\/div>\n\n\t\t\n<\/a><\/div><\/div><\/div>\n\n    <\/div>\n<\/section>","protected":false},"excerpt":{"rendered":"","protected":false},"author":1,"featured_media":1364,"parent":0,"menu_order":0,"comment_status":"closed","ping_status":"closed","template":"","meta":{"_acf_changed":false,"footnotes":""},"sujet":[],"class_list":["post-1606","page","type-page","status-publish","has-post-thumbnail","hentry"],"acf":[],"yoast_head":"<!-- This site is optimized with the Yoast SEO plugin v25.3 - https:\/\/yoast.com\/wordpress\/plugins\/seo\/ -->\n<title>Snack, Bar in Saint-Th\u00e9offrey | Restaurant in der Auvergne<\/title>\n<meta name=\"robots\" content=\"index, follow, max-snippet:-1, max-image-preview:large, max-video-preview:-1\" \/>\n<link rel=\"canonical\" href=\"https:\/\/www.campingsersirant.fr\/de\/restaurant-saint-theoffrey\/\" \/>\n<meta property=\"og:locale\" content=\"de_DE\" \/>\n<meta property=\"og:type\" content=\"article\" \/>\n<meta property=\"og:title\" content=\"Snack, Bar in Saint-Th\u00e9offrey | Restaurant in der Auvergne\" \/>\n<meta property=\"og:url\" content=\"https:\/\/www.campingsersirant.fr\/de\/restaurant-saint-theoffrey\/\" \/>\n<meta property=\"og:site_name\" content=\"Camping Ser Sirant\" \/>\n<meta property=\"article:modified_time\" content=\"2022-12-13T08:07:23+00:00\" \/>\n<meta property=\"og:image\" content=\"https:\/\/www.campingsersirant.fr\/wp-content\/uploads\/2022\/11\/terrasse-restaurant-ser-sirant.jpg\" \/>\n\t<meta property=\"og:image:width\" content=\"1920\" \/>\n\t<meta property=\"og:image:height\" content=\"703\" \/>\n\t<meta property=\"og:image:type\" content=\"image\/jpeg\" \/>\n<meta name=\"twitter:card\" content=\"summary_large_image\" \/>\n<meta name=\"twitter:label1\" content=\"Gesch\u00e4tzte Lesezeit\" \/>\n\t<meta name=\"twitter:data1\" content=\"3\u00a0Minuten\" \/>\n<script type=\"application\/ld+json\" class=\"yoast-schema-graph\">{\"@context\":\"https:\/\/schema.org\",\"@graph\":[{\"@type\":\"WebPage\",\"@id\":\"https:\/\/www.campingsersirant.fr\/de\/restaurant-saint-theoffrey\/\",\"url\":\"https:\/\/www.campingsersirant.fr\/de\/restaurant-saint-theoffrey\/\",\"name\":\"Snack, Bar in Saint-Th\u00e9offrey | Restaurant in der Auvergne\",\"isPartOf\":{\"@id\":\"https:\/\/www.campingsersirant.fr\/#website\"},\"primaryImageOfPage\":{\"@id\":\"https:\/\/www.campingsersirant.fr\/de\/restaurant-saint-theoffrey\/#primaryimage\"},\"image\":{\"@id\":\"https:\/\/www.campingsersirant.fr\/de\/restaurant-saint-theoffrey\/#primaryimage\"},\"thumbnailUrl\":\"https:\/\/www.campingsersirant.fr\/wp-content\/uploads\/2022\/11\/terrasse-restaurant-ser-sirant.jpg\",\"datePublished\":\"2022-12-12T11:01:29+00:00\",\"dateModified\":\"2022-12-13T08:07:23+00:00\",\"breadcrumb\":{\"@id\":\"https:\/\/www.campingsersirant.fr\/de\/restaurant-saint-theoffrey\/#breadcrumb\"},\"inLanguage\":\"de\",\"potentialAction\":[{\"@type\":\"ReadAction\",\"target\":[\"https:\/\/www.campingsersirant.fr\/de\/restaurant-saint-theoffrey\/\"]}]},{\"@type\":\"ImageObject\",\"inLanguage\":\"de\",\"@id\":\"https:\/\/www.campingsersirant.fr\/de\/restaurant-saint-theoffrey\/#primaryimage\",\"url\":\"https:\/\/www.campingsersirant.fr\/wp-content\/uploads\/2022\/11\/terrasse-restaurant-ser-sirant.jpg\",\"contentUrl\":\"https:\/\/www.campingsersirant.fr\/wp-content\/uploads\/2022\/11\/terrasse-restaurant-ser-sirant.jpg\",\"width\":1920,\"height\":703,\"caption\":\"terasse restaurant ser sirant\"},{\"@type\":\"BreadcrumbList\",\"@id\":\"https:\/\/www.campingsersirant.fr\/de\/restaurant-saint-theoffrey\/#breadcrumb\",\"itemListElement\":[{\"@type\":\"ListItem\",\"position\":1,\"name\":\"Camping Ser Sirant\",\"item\":\"https:\/\/www.campingsersirant.fr\/de\/\"},{\"@type\":\"ListItem\",\"position\":2,\"name\":\"Restaurant in Auvergne\"}]},{\"@type\":\"WebSite\",\"@id\":\"https:\/\/www.campingsersirant.fr\/#website\",\"url\":\"https:\/\/www.campingsersirant.fr\/\",\"name\":\"Camping Ser Sirant\",\"description\":\"\",\"publisher\":{\"@id\":\"https:\/\/www.campingsersirant.fr\/#organization\"},\"potentialAction\":[{\"@type\":\"SearchAction\",\"target\":{\"@type\":\"EntryPoint\",\"urlTemplate\":\"https:\/\/www.campingsersirant.fr\/?s={search_term_string}\"},\"query-input\":{\"@type\":\"PropertyValueSpecification\",\"valueRequired\":true,\"valueName\":\"search_term_string\"}}],\"inLanguage\":\"de\"},{\"@type\":\"Organization\",\"@id\":\"https:\/\/www.campingsersirant.fr\/#organization\",\"name\":\"Camping Ser Sirant\",\"url\":\"https:\/\/www.campingsersirant.fr\/\",\"logo\":{\"@type\":\"ImageObject\",\"inLanguage\":\"de\",\"@id\":\"https:\/\/www.campingsersirant.fr\/#\/schema\/logo\/image\/\",\"url\":\"https:\/\/www.campingsersirant.fr\/wp-content\/uploads\/2022\/11\/logo-camping-ser-sirant.png\",\"contentUrl\":\"https:\/\/www.campingsersirant.fr\/wp-content\/uploads\/2022\/11\/logo-camping-ser-sirant.png\",\"width\":262,\"height\":186,\"caption\":\"Camping Ser Sirant\"},\"image\":{\"@id\":\"https:\/\/www.campingsersirant.fr\/#\/schema\/logo\/image\/\"}}]}<\/script>\n<!-- \/ Yoast SEO plugin. -->","yoast_head_json":{"title":"Snack, Bar in Saint-Th\u00e9offrey | Restaurant in der Auvergne","robots":{"index":"index","follow":"follow","max-snippet":"max-snippet:-1","max-image-preview":"max-image-preview:large","max-video-preview":"max-video-preview:-1"},"canonical":"https:\/\/www.campingsersirant.fr\/de\/restaurant-saint-theoffrey\/","og_locale":"de_DE","og_type":"article","og_title":"Snack, Bar in Saint-Th\u00e9offrey | Restaurant in der Auvergne","og_url":"https:\/\/www.campingsersirant.fr\/de\/restaurant-saint-theoffrey\/","og_site_name":"Camping Ser Sirant","article_modified_time":"2022-12-13T08:07:23+00:00","og_image":[{"width":1920,"height":703,"url":"https:\/\/www.campingsersirant.fr\/wp-content\/uploads\/2022\/11\/terrasse-restaurant-ser-sirant.jpg","type":"image\/jpeg"}],"twitter_card":"summary_large_image","twitter_misc":{"Gesch\u00e4tzte Lesezeit":"3\u00a0Minuten"},"schema":{"@context":"https:\/\/schema.org","@graph":[{"@type":"WebPage","@id":"https:\/\/www.campingsersirant.fr\/de\/restaurant-saint-theoffrey\/","url":"https:\/\/www.campingsersirant.fr\/de\/restaurant-saint-theoffrey\/","name":"Snack, Bar in Saint-Th\u00e9offrey | Restaurant in der Auvergne","isPartOf":{"@id":"https:\/\/www.campingsersirant.fr\/#website"},"primaryImageOfPage":{"@id":"https:\/\/www.campingsersirant.fr\/de\/restaurant-saint-theoffrey\/#primaryimage"},"image":{"@id":"https:\/\/www.campingsersirant.fr\/de\/restaurant-saint-theoffrey\/#primaryimage"},"thumbnailUrl":"https:\/\/www.campingsersirant.fr\/wp-content\/uploads\/2022\/11\/terrasse-restaurant-ser-sirant.jpg","datePublished":"2022-12-12T11:01:29+00:00","dateModified":"2022-12-13T08:07:23+00:00","breadcrumb":{"@id":"https:\/\/www.campingsersirant.fr\/de\/restaurant-saint-theoffrey\/#breadcrumb"},"inLanguage":"de","potentialAction":[{"@type":"ReadAction","target":["https:\/\/www.campingsersirant.fr\/de\/restaurant-saint-theoffrey\/"]}]},{"@type":"ImageObject","inLanguage":"de","@id":"https:\/\/www.campingsersirant.fr\/de\/restaurant-saint-theoffrey\/#primaryimage","url":"https:\/\/www.campingsersirant.fr\/wp-content\/uploads\/2022\/11\/terrasse-restaurant-ser-sirant.jpg","contentUrl":"https:\/\/www.campingsersirant.fr\/wp-content\/uploads\/2022\/11\/terrasse-restaurant-ser-sirant.jpg","width":1920,"height":703,"caption":"terasse restaurant ser sirant"},{"@type":"BreadcrumbList","@id":"https:\/\/www.campingsersirant.fr\/de\/restaurant-saint-theoffrey\/#breadcrumb","itemListElement":[{"@type":"ListItem","position":1,"name":"Camping Ser Sirant","item":"https:\/\/www.campingsersirant.fr\/de\/"},{"@type":"ListItem","position":2,"name":"Restaurant in Auvergne"}]},{"@type":"WebSite","@id":"https:\/\/www.campingsersirant.fr\/#website","url":"https:\/\/www.campingsersirant.fr\/","name":"Camping Ser Sirant","description":"","publisher":{"@id":"https:\/\/www.campingsersirant.fr\/#organization"},"potentialAction":[{"@type":"SearchAction","target":{"@type":"EntryPoint","urlTemplate":"https:\/\/www.campingsersirant.fr\/?s={search_term_string}"},"query-input":{"@type":"PropertyValueSpecification","valueRequired":true,"valueName":"search_term_string"}}],"inLanguage":"de"},{"@type":"Organization","@id":"https:\/\/www.campingsersirant.fr\/#organization","name":"Camping Ser Sirant","url":"https:\/\/www.campingsersirant.fr\/","logo":{"@type":"ImageObject","inLanguage":"de","@id":"https:\/\/www.campingsersirant.fr\/#\/schema\/logo\/image\/","url":"https:\/\/www.campingsersirant.fr\/wp-content\/uploads\/2022\/11\/logo-camping-ser-sirant.png","contentUrl":"https:\/\/www.campingsersirant.fr\/wp-content\/uploads\/2022\/11\/logo-camping-ser-sirant.png","width":262,"height":186,"caption":"Camping Ser Sirant"},"image":{"@id":"https:\/\/www.campingsersirant.fr\/#\/schema\/logo\/image\/"}}]}},"_links":{"self":[{"href":"https:\/\/www.campingsersirant.fr\/de\/wp-json\/wp\/v2\/pages\/1606","targetHints":{"allow":["GET"]}}],"collection":[{"href":"https:\/\/www.campingsersirant.fr\/de\/wp-json\/wp\/v2\/pages"}],"about":[{"href":"https:\/\/www.campingsersirant.fr\/de\/wp-json\/wp\/v2\/types\/page"}],"author":[{"embeddable":true,"href":"https:\/\/www.campingsersirant.fr\/de\/wp-json\/wp\/v2\/users\/1"}],"replies":[{"embeddable":true,"href":"https:\/\/www.campingsersirant.fr\/de\/wp-json\/wp\/v2\/comments?post=1606"}],"version-history":[{"count":5,"href":"https:\/\/www.campingsersirant.fr\/de\/wp-json\/wp\/v2\/pages\/1606\/revisions"}],"predecessor-version":[{"id":1888,"href":"https:\/\/www.campingsersirant.fr\/de\/wp-json\/wp\/v2\/pages\/1606\/revisions\/1888"}],"wp:featuredmedia":[{"embeddable":true,"href":"https:\/\/www.campingsersirant.fr\/de\/wp-json\/wp\/v2\/media\/1364"}],"wp:attachment":[{"href":"https:\/\/www.campingsersirant.fr\/de\/wp-json\/wp\/v2\/media?parent=1606"}],"wp:term":[{"taxonomy":"sujet","embeddable":true,"href":"https:\/\/www.campingsersirant.fr\/de\/wp-json\/wp\/v2\/sujet?post=1606"}],"curies":[{"name":"wp","href":"https:\/\/api.w.org\/{rel}","templated":true}]}}