{"id":1599,"date":"2022-12-12T11:47:39","date_gmt":"2022-12-12T10:47:39","guid":{"rendered":"https:\/\/www.campingsersirant.fr\/guenstiger-campingplatz-saint-theoffrey\/"},"modified":"2022-12-13T09:10:08","modified_gmt":"2022-12-13T08:10:08","slug":"guenstiger-campingplatz-saint-theoffrey","status":"publish","type":"page","link":"https:\/\/www.campingsersirant.fr\/de\/guenstiger-campingplatz-saint-theoffrey\/","title":{"rendered":"Unsere Preise"},"content":{"rendered":"<section id=\"ls-section-block_cf3ae345ee9f203b0dd5f8e8a5cb6322\" class=\"ls-section \" >\n        <div class=\"container container--wide\">\n        \n\n<h1 class=\"ls__heading has-text-align-center feuille-deco wp-block-heading\">Ihr Campingurlaub zum kleinen Preis in Saint-Th\u00e9offrey<\/h1>\n\n\n    <\/div>\n<\/section>\n\n<section id=\"ls-section-block_deb8b26354b481c13794b63561c97451\" class=\"ls-section \" >\n        <div class=\"container \">\n        \n\n<script>\n    window.ctoutvert = {\n\t\tid: 1764, \n\t\tlang: 'auto', \n\t\turl: 'https:\/\/bookingpremium.secureholiday.net\/widgets\/'\n    };\n\n    (function (w, d, s, ctv, r, js, fjs) {\n        r=new XMLHttpRequest();r.open('GET',w[ctv].url+'js\/src.json');\n        r.responseType='json';r.json=true;r.send();\n        r.onload=function(){w[ctv].src=r.responseType=='json'?r.response:JSON.parse(r.response);\n        js.src=w[ctv].src[0];fjs.parentNode.insertBefore(js, fjs);}\n        js=d.createElement(s),fjs=d.getElementsByTagName(s)[0];\n        js.id='ctvwidget';js.async=1;\n    }(window, document, 'script', 'ctoutvert'));\n<\/script>\n<ctv-availability data-product-type=\"accommodation\" data-background-color=\"#FFFFFFFF\"><\/ctv-availability>\n\n\n    <\/div>\n<\/section>\n\n<section id=\"ls-section-block_cf3ae345ee9f203b0dd5f8e8a5cb6322\" class=\"ls-section \" >\n        <div class=\"container container--wide\">\n        \n\n<div class=\"wp-block-columns is-layout-flex wp-container-core-columns-is-layout-9d6595d7 wp-block-columns-is-layout-flex\">\n<div class=\"wp-block-column is-layout-flow wp-block-column-is-layout-flow\">\n<h2 class=\"ls-heading wp-block-heading\">Ihr Mietobjekt zum besten Preis in en en Auvergne-Rh\u00f4ne-Alpes<\/h2>\n\n\n\n<p class=\"ls-paragraph\">Um den Erwartungen der Urlauber gerecht zu werden, die zu jeder Jahreszeit einen g\u00fcnstigen Campingplatz in Auvergne-Rh\u00f4ne-Alpes suchen, garantieren wir dauerhaft niedrige Preise.<\/p>\n\n\n\n<p class=\"ls-paragraph\">Auf dem <a href=\"\/de\/\">Campingplatz Ser Sirant<\/a> m\u00fcssen Sie nicht auf Sonderangebote warten, um ein Mobilheim oder einen Stellplatz zum kleinen Preis zu genie\u00dfen! Die Preise sind in der Saison variabel, wobei die Preise zwischen Ende Mai und Anfang Juli sowie zwischen Ende August und Mitte September noch niedriger sind.<\/p>\n\n\n\n<p class=\"ls-paragraph\">Entscheiden Sie sich f\u00fcr einen Campingplatz mit dem besten Preis-Leistungs-Verh\u00e4ltnis, der ideal am Flussufer gelegen ist und Ihnen gr\u00fcne Stellpl\u00e4tze ab 14 Euro pro Nacht anbietet.<\/p>\n\n\n\n<p class=\"ls-paragraph\">F\u00fcr Zelt-Reisende, die die Gegend auf zwei R\u00e4dern oder zu Fu\u00df erkunden, ist die Wanderer-Pauschale mit nur 11,40 Euro pro Nacht noch g\u00fcnstiger.<\/p>\n\n\n\n<p class=\"ls-paragraph\">Auf dem Campingplatz Ser Sirant , wird Ihnen der Komfort eines Mobilheims zu einem sehr g\u00fcnstigen Preis von 320 Euro pro Woche in der Nebensaison und 420 Euro Anfang Juli angeboten.<\/p>\n\n\n\n<p class=\"ls-paragraph\">Als sehr g\u00fcnstige Alternative zum Mobilheim kann die Unterkunft Coco Sweet ab 250 Euro pro Woche f\u00fcr 4 Personen gemietet werden!<\/p>\n<\/div>\n\n\n\n<div class=\"wp-block-column is-layout-flow wp-block-column-is-layout-flow\">\n<h2 class=\"ls-heading wp-block-heading\">Buchen Sie live zum besten Preis<\/h2>\n\n\n\n<p class=\"ls-paragraph\">Um einen g\u00fcnstigen Campingaufenthalt in Saint-Th\u00e9offrey zu buchen, ist es am besten, direkt auf der Website der Einrichtung zu buchen.<\/p>\n\n\n\n<p class=\"ls-paragraph\">Die Direktbuchung garantiert Ihnen n\u00e4mlich, dass Sie sowohl in der Vor- als auch in der Hochsaison die besten Preise erhalten, sowohl f\u00fcr <a href=\"https:\/\/www.campingsersirant.fr\/de\/standort-emplacement-heilig-die-offrey\/\">Wohnwagenstellpl\u00e4tze<\/a> als auch f\u00fcr Chalets, Mobilheime oder Coco sweet-Zelte.<\/p>\n\n\n\n<p class=\"ls-paragraph\">Au\u00dferdem k\u00f6nnen Sie die Details jeder <a href=\"https:\/\/www.campingsersirant.fr\/de\/standort-mobil-heim-heilig-theoffrey\/\">Mietunterkunft einsehen<\/a>, Optionen \u00e0 la carte buchen, um Ihren Aufenthalt individuell zu gestalten, und in Echtzeit die Verf\u00fcgbarkeit unserer Mietunterk\u00fcnfte zu den von Ihnen gew\u00fcnschten Terminen \u00fcberpr\u00fcfen.<\/p>\n\n\n\n<p class=\"ls-paragraph\">Profitieren Sie auch von den besten Preisen f\u00fcr unsere Dienstleistungen und Zusatzleistungen, wie z. B. den Verleih von Angelbooten, den Verleih von Bettw\u00e4sche, Grills, K\u00fchlschr\u00e4nken oder Babyausstattung.<\/p>\n\n\n\n<p class=\"ls-paragraph\">Wenn Sie direkt buchen, k\u00f6nnen Sie Ihren Aufenthalt auf dem Campingplatz zum kleinen Preis planen und einen ma\u00dfgeschneiderten Urlaub am See planen, der Ihren W\u00fcnschen und Ihrem Budget entspricht.<\/p>\n<\/div>\n<\/div>\n\n\n    <\/div>\n<\/section>\n\n<section id=\"ls-section-block_954907f85fdaa99f06bd1d1884470a7c\" class=\"ls-section  page-maillage has-p-t p-t-14 has-p-b p-b-14\" >\n        <div class=\"container container--wide\">\n        \n\n<div id=\"ls-heading ls-titre-div-block_9bb011bad0cd7c4b1a063aa1ef754ab5\" class=\"ls-titre-div aligncenter h2-like\" >\n    Entdecken Sie die Stellpl\u00e4tze, Mietunterk\u00fcnfte und Dienstleistungen unseres Campingplatzes.<\/div>\n\n\n<div id=\"ls-maillage-block_695951f20b814df213cd68e66c2439e4\" class=\"ls-maillage cta-style-normal has-p-t p-t-8\" data-rows=\"3\">\n    <div class=\"wp-block-columns\"><div class=\"wp-block-column\">\n\n<a href=\"https:\/\/www.campingsersirant.fr\/de\/standort-emplacement-heilig-die-offrey\/\" target=\"\" rel=\"noopener\" class=\"ls-cta__link\">\n\n\t<div class=\"ls-cta__image\"><img decoding=\"async\" src=\"https:\/\/www.campingsersirant.fr\/wp-content\/uploads\/2022\/11\/emplacement-famille-768x526.jpg\" alt=\"emplacement camping\"><\/div>\n\t<div class=\"ls-cta__title\">\n\t\tUnsere Standorte\t<\/div>\n\n\t\t\n<\/a><\/div><div class=\"wp-block-column\">\n\n<a href=\"https:\/\/www.campingsersirant.fr\/de\/standort-mobil-heim-heilig-theoffrey\/\" target=\"\" rel=\"noopener\" class=\"ls-cta__link\">\n\n\t<div class=\"ls-cta__image\"><img decoding=\"async\" src=\"https:\/\/www.campingsersirant.fr\/wp-content\/uploads\/2022\/11\/mobil-home-ser-sirant-768x526.jpg\" alt=\"mobil home ser sirant\"><\/div>\n\t<div class=\"ls-cta__title\">\n\t\tUnsere Mobilheime\t<\/div>\n\n\t\t\n<\/a><\/div><div class=\"wp-block-column\">\n\n<a href=\"https:\/\/www.campingsersirant.fr\/de\/camping-familie-heilige-offrey\/\" target=\"\" rel=\"noopener\" class=\"ls-cta__link\">\n\n\t<div class=\"ls-cta__image\"><img decoding=\"async\" src=\"https:\/\/www.campingsersirant.fr\/wp-content\/uploads\/2022\/12\/services-768x512.jpg\" alt=\"camping ser sirant avec de nombreux services\"><\/div>\n\t<div class=\"ls-cta__title\">\n\t\tDienste\t<\/div>\n\n\t\t\n<\/a><\/div><\/div><\/div>\n\n    <\/div>\n<\/section>","protected":false},"excerpt":{"rendered":"","protected":false},"author":1,"featured_media":1410,"parent":0,"menu_order":0,"comment_status":"closed","ping_status":"closed","template":"","meta":{"_acf_changed":false,"footnotes":""},"sujet":[],"class_list":["post-1599","page","type-page","status-publish","has-post-thumbnail","hentry"],"acf":[],"yoast_head":"<!-- This site is optimized with the Yoast SEO plugin v25.3 - https:\/\/yoast.com\/wordpress\/plugins\/seo\/ -->\n<title>G\u00fcnstiger Campingplatz Saint-Th\u00e9offrey | Preiswerter Campingplatz in der Auvergne<\/title>\n<meta name=\"robots\" content=\"index, follow, max-snippet:-1, max-image-preview:large, max-video-preview:-1\" \/>\n<link rel=\"canonical\" href=\"https:\/\/www.campingsersirant.fr\/de\/guenstiger-campingplatz-saint-theoffrey\/\" \/>\n<meta property=\"og:locale\" content=\"de_DE\" \/>\n<meta property=\"og:type\" content=\"article\" \/>\n<meta property=\"og:title\" content=\"G\u00fcnstiger Campingplatz Saint-Th\u00e9offrey | Preiswerter Campingplatz in der Auvergne\" \/>\n<meta property=\"og:url\" content=\"https:\/\/www.campingsersirant.fr\/de\/guenstiger-campingplatz-saint-theoffrey\/\" \/>\n<meta property=\"og:site_name\" content=\"Camping Ser Sirant\" \/>\n<meta property=\"article:modified_time\" content=\"2022-12-13T08:10:08+00:00\" \/>\n<meta property=\"og:image\" content=\"https:\/\/www.campingsersirant.fr\/wp-content\/uploads\/2022\/11\/tarifs-ser-sirant.jpg\" \/>\n\t<meta property=\"og:image:width\" content=\"1920\" \/>\n\t<meta property=\"og:image:height\" content=\"703\" \/>\n\t<meta property=\"og:image:type\" content=\"image\/jpeg\" \/>\n<meta name=\"twitter:card\" content=\"summary_large_image\" \/>\n<meta name=\"twitter:label1\" content=\"Gesch\u00e4tzte Lesezeit\" \/>\n\t<meta name=\"twitter:data1\" content=\"2\u00a0Minuten\" \/>\n<script type=\"application\/ld+json\" class=\"yoast-schema-graph\">{\"@context\":\"https:\/\/schema.org\",\"@graph\":[{\"@type\":\"WebPage\",\"@id\":\"https:\/\/www.campingsersirant.fr\/de\/guenstiger-campingplatz-saint-theoffrey\/\",\"url\":\"https:\/\/www.campingsersirant.fr\/de\/guenstiger-campingplatz-saint-theoffrey\/\",\"name\":\"G\u00fcnstiger Campingplatz Saint-Th\u00e9offrey | Preiswerter Campingplatz in der Auvergne\",\"isPartOf\":{\"@id\":\"https:\/\/www.campingsersirant.fr\/#website\"},\"primaryImageOfPage\":{\"@id\":\"https:\/\/www.campingsersirant.fr\/de\/guenstiger-campingplatz-saint-theoffrey\/#primaryimage\"},\"image\":{\"@id\":\"https:\/\/www.campingsersirant.fr\/de\/guenstiger-campingplatz-saint-theoffrey\/#primaryimage\"},\"thumbnailUrl\":\"https:\/\/www.campingsersirant.fr\/wp-content\/uploads\/2022\/11\/tarifs-ser-sirant.jpg\",\"datePublished\":\"2022-12-12T10:47:39+00:00\",\"dateModified\":\"2022-12-13T08:10:08+00:00\",\"breadcrumb\":{\"@id\":\"https:\/\/www.campingsersirant.fr\/de\/guenstiger-campingplatz-saint-theoffrey\/#breadcrumb\"},\"inLanguage\":\"de\",\"potentialAction\":[{\"@type\":\"ReadAction\",\"target\":[\"https:\/\/www.campingsersirant.fr\/de\/guenstiger-campingplatz-saint-theoffrey\/\"]}]},{\"@type\":\"ImageObject\",\"inLanguage\":\"de\",\"@id\":\"https:\/\/www.campingsersirant.fr\/de\/guenstiger-campingplatz-saint-theoffrey\/#primaryimage\",\"url\":\"https:\/\/www.campingsersirant.fr\/wp-content\/uploads\/2022\/11\/tarifs-ser-sirant.jpg\",\"contentUrl\":\"https:\/\/www.campingsersirant.fr\/wp-content\/uploads\/2022\/11\/tarifs-ser-sirant.jpg\",\"width\":1920,\"height\":703,\"caption\":\"tarifs ser sirant\"},{\"@type\":\"BreadcrumbList\",\"@id\":\"https:\/\/www.campingsersirant.fr\/de\/guenstiger-campingplatz-saint-theoffrey\/#breadcrumb\",\"itemListElement\":[{\"@type\":\"ListItem\",\"position\":1,\"name\":\"Camping Ser Sirant\",\"item\":\"https:\/\/www.campingsersirant.fr\/de\/\"},{\"@type\":\"ListItem\",\"position\":2,\"name\":\"G\u00fcnstiger Campingplatz in der Auvergne\"}]},{\"@type\":\"WebSite\",\"@id\":\"https:\/\/www.campingsersirant.fr\/#website\",\"url\":\"https:\/\/www.campingsersirant.fr\/\",\"name\":\"Camping Ser Sirant\",\"description\":\"\",\"publisher\":{\"@id\":\"https:\/\/www.campingsersirant.fr\/#organization\"},\"potentialAction\":[{\"@type\":\"SearchAction\",\"target\":{\"@type\":\"EntryPoint\",\"urlTemplate\":\"https:\/\/www.campingsersirant.fr\/?s={search_term_string}\"},\"query-input\":{\"@type\":\"PropertyValueSpecification\",\"valueRequired\":true,\"valueName\":\"search_term_string\"}}],\"inLanguage\":\"de\"},{\"@type\":\"Organization\",\"@id\":\"https:\/\/www.campingsersirant.fr\/#organization\",\"name\":\"Camping Ser Sirant\",\"url\":\"https:\/\/www.campingsersirant.fr\/\",\"logo\":{\"@type\":\"ImageObject\",\"inLanguage\":\"de\",\"@id\":\"https:\/\/www.campingsersirant.fr\/#\/schema\/logo\/image\/\",\"url\":\"https:\/\/www.campingsersirant.fr\/wp-content\/uploads\/2022\/11\/logo-camping-ser-sirant.png\",\"contentUrl\":\"https:\/\/www.campingsersirant.fr\/wp-content\/uploads\/2022\/11\/logo-camping-ser-sirant.png\",\"width\":262,\"height\":186,\"caption\":\"Camping Ser Sirant\"},\"image\":{\"@id\":\"https:\/\/www.campingsersirant.fr\/#\/schema\/logo\/image\/\"}}]}<\/script>\n<!-- \/ Yoast SEO plugin. -->","yoast_head_json":{"title":"G\u00fcnstiger Campingplatz Saint-Th\u00e9offrey | Preiswerter Campingplatz in der Auvergne","robots":{"index":"index","follow":"follow","max-snippet":"max-snippet:-1","max-image-preview":"max-image-preview:large","max-video-preview":"max-video-preview:-1"},"canonical":"https:\/\/www.campingsersirant.fr\/de\/guenstiger-campingplatz-saint-theoffrey\/","og_locale":"de_DE","og_type":"article","og_title":"G\u00fcnstiger Campingplatz Saint-Th\u00e9offrey | Preiswerter Campingplatz in der Auvergne","og_url":"https:\/\/www.campingsersirant.fr\/de\/guenstiger-campingplatz-saint-theoffrey\/","og_site_name":"Camping Ser Sirant","article_modified_time":"2022-12-13T08:10:08+00:00","og_image":[{"width":1920,"height":703,"url":"https:\/\/www.campingsersirant.fr\/wp-content\/uploads\/2022\/11\/tarifs-ser-sirant.jpg","type":"image\/jpeg"}],"twitter_card":"summary_large_image","twitter_misc":{"Gesch\u00e4tzte Lesezeit":"2\u00a0Minuten"},"schema":{"@context":"https:\/\/schema.org","@graph":[{"@type":"WebPage","@id":"https:\/\/www.campingsersirant.fr\/de\/guenstiger-campingplatz-saint-theoffrey\/","url":"https:\/\/www.campingsersirant.fr\/de\/guenstiger-campingplatz-saint-theoffrey\/","name":"G\u00fcnstiger Campingplatz Saint-Th\u00e9offrey | Preiswerter Campingplatz in der Auvergne","isPartOf":{"@id":"https:\/\/www.campingsersirant.fr\/#website"},"primaryImageOfPage":{"@id":"https:\/\/www.campingsersirant.fr\/de\/guenstiger-campingplatz-saint-theoffrey\/#primaryimage"},"image":{"@id":"https:\/\/www.campingsersirant.fr\/de\/guenstiger-campingplatz-saint-theoffrey\/#primaryimage"},"thumbnailUrl":"https:\/\/www.campingsersirant.fr\/wp-content\/uploads\/2022\/11\/tarifs-ser-sirant.jpg","datePublished":"2022-12-12T10:47:39+00:00","dateModified":"2022-12-13T08:10:08+00:00","breadcrumb":{"@id":"https:\/\/www.campingsersirant.fr\/de\/guenstiger-campingplatz-saint-theoffrey\/#breadcrumb"},"inLanguage":"de","potentialAction":[{"@type":"ReadAction","target":["https:\/\/www.campingsersirant.fr\/de\/guenstiger-campingplatz-saint-theoffrey\/"]}]},{"@type":"ImageObject","inLanguage":"de","@id":"https:\/\/www.campingsersirant.fr\/de\/guenstiger-campingplatz-saint-theoffrey\/#primaryimage","url":"https:\/\/www.campingsersirant.fr\/wp-content\/uploads\/2022\/11\/tarifs-ser-sirant.jpg","contentUrl":"https:\/\/www.campingsersirant.fr\/wp-content\/uploads\/2022\/11\/tarifs-ser-sirant.jpg","width":1920,"height":703,"caption":"tarifs ser sirant"},{"@type":"BreadcrumbList","@id":"https:\/\/www.campingsersirant.fr\/de\/guenstiger-campingplatz-saint-theoffrey\/#breadcrumb","itemListElement":[{"@type":"ListItem","position":1,"name":"Camping Ser Sirant","item":"https:\/\/www.campingsersirant.fr\/de\/"},{"@type":"ListItem","position":2,"name":"G\u00fcnstiger Campingplatz in der Auvergne"}]},{"@type":"WebSite","@id":"https:\/\/www.campingsersirant.fr\/#website","url":"https:\/\/www.campingsersirant.fr\/","name":"Camping Ser Sirant","description":"","publisher":{"@id":"https:\/\/www.campingsersirant.fr\/#organization"},"potentialAction":[{"@type":"SearchAction","target":{"@type":"EntryPoint","urlTemplate":"https:\/\/www.campingsersirant.fr\/?s={search_term_string}"},"query-input":{"@type":"PropertyValueSpecification","valueRequired":true,"valueName":"search_term_string"}}],"inLanguage":"de"},{"@type":"Organization","@id":"https:\/\/www.campingsersirant.fr\/#organization","name":"Camping Ser Sirant","url":"https:\/\/www.campingsersirant.fr\/","logo":{"@type":"ImageObject","inLanguage":"de","@id":"https:\/\/www.campingsersirant.fr\/#\/schema\/logo\/image\/","url":"https:\/\/www.campingsersirant.fr\/wp-content\/uploads\/2022\/11\/logo-camping-ser-sirant.png","contentUrl":"https:\/\/www.campingsersirant.fr\/wp-content\/uploads\/2022\/11\/logo-camping-ser-sirant.png","width":262,"height":186,"caption":"Camping Ser Sirant"},"image":{"@id":"https:\/\/www.campingsersirant.fr\/#\/schema\/logo\/image\/"}}]}},"_links":{"self":[{"href":"https:\/\/www.campingsersirant.fr\/de\/wp-json\/wp\/v2\/pages\/1599","targetHints":{"allow":["GET"]}}],"collection":[{"href":"https:\/\/www.campingsersirant.fr\/de\/wp-json\/wp\/v2\/pages"}],"about":[{"href":"https:\/\/www.campingsersirant.fr\/de\/wp-json\/wp\/v2\/types\/page"}],"author":[{"embeddable":true,"href":"https:\/\/www.campingsersirant.fr\/de\/wp-json\/wp\/v2\/users\/1"}],"replies":[{"embeddable":true,"href":"https:\/\/www.campingsersirant.fr\/de\/wp-json\/wp\/v2\/comments?post=1599"}],"version-history":[{"count":4,"href":"https:\/\/www.campingsersirant.fr\/de\/wp-json\/wp\/v2\/pages\/1599\/revisions"}],"predecessor-version":[{"id":1672,"href":"https:\/\/www.campingsersirant.fr\/de\/wp-json\/wp\/v2\/pages\/1599\/revisions\/1672"}],"wp:featuredmedia":[{"embeddable":true,"href":"https:\/\/www.campingsersirant.fr\/de\/wp-json\/wp\/v2\/media\/1410"}],"wp:attachment":[{"href":"https:\/\/www.campingsersirant.fr\/de\/wp-json\/wp\/v2\/media?parent=1599"}],"wp:term":[{"taxonomy":"sujet","embeddable":true,"href":"https:\/\/www.campingsersirant.fr\/de\/wp-json\/wp\/v2\/sujet?post=1599"}],"curies":[{"name":"wp","href":"https:\/\/api.w.org\/{rel}","templated":true}]}}