{"id":1591,"date":"2022-12-12T11:37:38","date_gmt":"2022-12-12T10:37:38","guid":{"rendered":"https:\/\/www.campingsersirant.fr\/standort-emplacement-heilig-die-offrey\/"},"modified":"2024-05-28T13:53:34","modified_gmt":"2024-05-28T11:53:34","slug":"standort-emplacement-heilig-die-offrey","status":"publish","type":"page","link":"https:\/\/www.campingsersirant.fr\/de\/standort-emplacement-heilig-die-offrey\/","title":{"rendered":"Unsere Standorte"},"content":{"rendered":"<section id=\"ls-section-block_5c0b697f13563c61365234d0a7cb0bb6\" class=\"ls-section \" >\n        <div class=\"container container--wide\">\n        \n\n<h1 class=\"ls__heading wp-block-heading has-text-align-center feuille-deco\">Aufenthalt auf einem Caravaning-Stellplatz in Saint-Th\u00e9offrey<\/h1>\n\n\n    <\/div>\n<\/section>\n\n<section id=\"ls-section-block_d261417821edd4055b15d621393dde6d\" class=\"ls-section \" >\n        <div class=\"container \">\n        \n\n<script>\n    window.ctoutvert = {\n\t\tid: 1764, \n\t\tlang: 'auto', \n\t\turl: 'https:\/\/bookingpremium.secureholiday.net\/widgets\/'\n    };\n\n    (function (w, d, s, ctv, r, js, fjs) {\n        r=new XMLHttpRequest();r.open('GET',w[ctv].url+'js\/src.json');\n        r.responseType='json';r.json=true;r.send();\n        r.onload=function(){w[ctv].src=r.responseType=='json'?r.response:JSON.parse(r.response);\n        js.src=w[ctv].src[0];fjs.parentNode.insertBefore(js, fjs);}\n        js=d.createElement(s),fjs=d.getElementsByTagName(s)[0];\n        js.id='ctvwidget';js.async=1;\n    }(window, document, 'script', 'ctoutvert'));\n<\/script>\n<ctv-product data-product-id=\"116562\" ><\/ctv-product>\n<ctv-product data-product-id=\"6480\" ><\/ctv-product>\n<ctv-product data-product-id=\"113964\" ><\/ctv-product>\n\n\n    <\/div>\n<\/section>\n\n<section id=\"ls-section-block_5c0b697f13563c61365234d0a7cb0bb6\" class=\"ls-section \" >\n        <div class=\"container container--wide\">\n        \n\n<div class=\"wp-block-columns is-layout-flex wp-container-core-columns-is-layout-9d6595d7 wp-block-columns-is-layout-flex\">\n<div class=\"wp-block-column is-layout-flow wp-block-column-is-layout-flow\">\n<h2 class=\"ls__heading wp-block-heading\">Unsere ger\u00e4umigen Stellpl\u00e4tze zum Mieten<\/h2>\n\n\n\n<p class=\"ls-paragraph\">F\u00fcr Ihren Urlaub im Gr\u00fcnen in der Region Auvergne-Rh\u00f4ne-Alpes bietet Ihnen der <a href=\"\/de\/\">Campingplatz Ser Sirant<\/a> die Vermietung eines <a href=\"https:\/\/www.campingsersirant.fr\/de\/standort-mobil-heim-heilig-theoffrey\/\">Mobilheims<\/a> und eines Stellplatzes in Saint-Th\u00e9offrey am Seeufer.<\/p>\n\n\n\n<p class=\"ls-paragraph\">In einer gr\u00fcnen Umgebung und mit den F\u00fc\u00dfen im Wasser k\u00f6nnen Sie Ihr Zelt aufstellen oder Ihr Wohnmobil auf einer schattigen Parzelle von 80 bis 100 m2 parken, die mit einem 10-A-Stromanschluss ausgestattet ist. Wohnmobilisten werden zu jeder Jahreszeit willkommen gehei\u00dfen.<\/p>\n\n\n\n<p class=\"ls-paragraph\">F\u00fcr Urlauber mit Zelt oder Wohnwagen gibt es verschiedene Pauschalangebote. Alleinreisende, die mit dem Motorrad, dem Fahrrad oder zu Fu\u00df unterwegs sind und im Zelt \u00fcbernachten, profitieren unter anderem von der sehr g\u00fcnstigen Backpacker-Pauschale.<\/p>\n\n\n\n<h2 class=\"ls__heading wp-block-heading\">Unsere Optionen f\u00fcr Stellpl\u00e4tze zum Mieten in Auvergne-Rh\u00f4ne-Alpes<\/h2>\n\n\n\n<p class=\"ls-paragraph\">Wenn Sie einen Stellplatz in der Auvergne-Rh\u00f4ne-Alpes auf dem Campingplatz Ser Sirant mieten, f\u00fcgen Sie die Optionen hinzu, die Sie interessieren, um einen wirklich ma\u00dfgeschneiderten Aufenthalt am See zu erleben!<\/p>\n<\/div>\n\n\n\n<div class=\"wp-block-column is-vertically-aligned-center is-layout-flow wp-block-column-is-layout-flow\">\n<p class=\"ls-paragraph\">Zu den praktischen Extras, die Sie nutzen k\u00f6nnen, geh\u00f6ren die sp\u00e4te Abreise zwischen 12 und 18 Uhr, damit Sie Ihren letzten Tag voll auskosten k\u00f6nnen, das zus\u00e4tzliche Auto oder gro\u00dfe Zelt und WLAN auf dem Stellplatz (in der Vor- und Nachsaison kostenlos).<\/p>\n\n\n\n<p class=\"ls-paragraph\">Was die Ausstattung betrifft, k\u00f6nnen Sie Ihre Leistungen auch individuell gestalten, indem Sie gegen Aufpreis einen K\u00fchlschrank, elektrische Mountainbikes, Angelausr\u00fcstung, Bettw\u00e4sche oder auch ein B\u00fcgeleisen und ein B\u00fcgelbrett ausleihen.<\/p>\n\n\n\n<h2 class=\"ls__heading wp-block-heading\">Unsere hochwertigen Sanit\u00e4ranlagen<\/h2>\n\n\n\n<p class=\"ls-paragraph\">Mit der Vermietung eines Stellplatzes zum <a href=\"https:\/\/www.campingsersirant.fr\/de\/guenstiger-campingplatz-saint-theoffrey\/\">kleinen Preis Saint-Th\u00e9offrey<\/a> garantiert Ihnen der Campingplatz Ser Sirant einen \u00e4u\u00dferst komfortablen Aufenthalt am Seeufer: Zwei beheizte Sanit\u00e4ranlagen, von denen eine behindertengerecht ist und \u00fcber eine Kabine f\u00fcr Personen mit eingeschr\u00e4nkter Mobilit\u00e4t und eine Kabine f\u00fcr Kleinkinder verf\u00fcgt, stehen f\u00fcr Ihren t\u00e4glichen Komfort zur Verf\u00fcgung.<\/p>\n\n\n\n<p class=\"ls-paragraph\">Die Sanit\u00e4ranlagen sind sehr neu und werden perfekt gewartet. Dank der beiden Warmwasserbereitungssysteme, Solar- und Kondensationsboiler, erhalten Sie sofort warmes Wasser.<\/p>\n\n\n\n<p class=\"ls-paragraph\">Au\u00dferdem finden Sie hier einen Waschraum f\u00fcr W\u00e4sche und Geschirr mit f\u00fcr Rollstuhlfahrer geeigneten Beh\u00e4ltern sowie einen Beh\u00e4lter f\u00fcr die Entleerung von Schwarzwasser f\u00fcr Wohnwagen und Wohnmobile mit eigenen Sanit\u00e4ranlagen.<\/p>\n<\/div>\n<\/div>\n\n\n    <\/div>\n<\/section>\n\n<section id=\"ls-section-block_72d8932e61408dab4062572df193e89b\" class=\"ls-section  page-maillage has-p-t p-t-14 has-p-b p-b-14\" >\n        <div class=\"container container--wide\">\n        \n\n<div id=\"ls-heading ls-titre-div-block_eb0f37e29465707a5ba8c4b1b68bd93c\" class=\"ls-titre-div aligncenter h2-like\" >\n    Entdecken Sie die Dienstleistungen, Vermietungen und Preise unseres Campingplatzes.<\/div>\n\n\n<div id=\"ls-maillage-block_746db0a2188bb9f6f86662a3bdbe694f\" class=\"ls-maillage cta-style-normal has-p-t p-t-8\" data-rows=\"3\">\n    <div class=\"wp-block-columns\"><div class=\"wp-block-column\">\n\n<a href=\"https:\/\/www.campingsersirant.fr\/de\/standort-mobil-heim-heilig-theoffrey\/\" target=\"\" rel=\"noopener\" class=\"ls-cta__link\">\n\n\t<div class=\"ls-cta__image\"><img decoding=\"async\" src=\"https:\/\/www.campingsersirant.fr\/wp-content\/uploads\/2022\/11\/mobil-home-ser-sirant-768x526.jpg\" alt=\"mobil home ser sirant\"><\/div>\n\t<div class=\"ls-cta__title\">\n\t\tUnsere Mobilheime\t<\/div>\n\n\t\t\n<\/a><\/div><div class=\"wp-block-column\">\n\n<a href=\"https:\/\/www.campingsersirant.fr\/de\/guenstiger-campingplatz-saint-theoffrey\/\" target=\"\" rel=\"noopener\" class=\"ls-cta__link\">\n\n\t<div class=\"ls-cta__image\"><img decoding=\"async\" src=\"https:\/\/www.campingsersirant.fr\/wp-content\/uploads\/2022\/11\/tarifs-768x526.jpg\" alt=\"tarifs\"><\/div>\n\t<div class=\"ls-cta__title\">\n\t\tUnsere Preise\t<\/div>\n\n\t\t\n<\/a><\/div><div class=\"wp-block-column\">\n\n<a href=\"https:\/\/www.campingsersirant.fr\/de\/camping-familie-heilige-offrey\/\" target=\"\" rel=\"noopener\" class=\"ls-cta__link\">\n\n\t<div class=\"ls-cta__image\"><img decoding=\"async\" src=\"https:\/\/www.campingsersirant.fr\/wp-content\/uploads\/2022\/12\/services-768x512.jpg\" alt=\"camping ser sirant avec de nombreux services\"><\/div>\n\t<div class=\"ls-cta__title\">\n\t\tDienste\t<\/div>\n\n\t\t\n<\/a><\/div><\/div><\/div>\n\n    <\/div>\n<\/section>","protected":false},"excerpt":{"rendered":"","protected":false},"author":1,"featured_media":1408,"parent":0,"menu_order":0,"comment_status":"closed","ping_status":"closed","template":"","meta":{"_acf_changed":false,"footnotes":""},"sujet":[],"class_list":["post-1591","page","type-page","status-publish","has-post-thumbnail","hentry"],"acf":[],"yoast_head":"<!-- This site is optimized with the Yoast SEO plugin v25.3 - https:\/\/yoast.com\/wordpress\/plugins\/seo\/ -->\n<title>Vermietung Stellplatz Saint-Th\u00e9offrey | Mieten Stellplatz Auvergne<\/title>\n<meta name=\"robots\" content=\"index, follow, max-snippet:-1, max-image-preview:large, max-video-preview:-1\" \/>\n<link rel=\"canonical\" href=\"https:\/\/www.campingsersirant.fr\/de\/standort-emplacement-heilig-die-offrey\/\" \/>\n<meta property=\"og:locale\" content=\"de_DE\" \/>\n<meta property=\"og:type\" content=\"article\" \/>\n<meta property=\"og:title\" content=\"Vermietung Stellplatz Saint-Th\u00e9offrey | Mieten Stellplatz Auvergne\" \/>\n<meta property=\"og:url\" content=\"https:\/\/www.campingsersirant.fr\/de\/standort-emplacement-heilig-die-offrey\/\" \/>\n<meta property=\"og:site_name\" content=\"Camping Ser Sirant\" \/>\n<meta property=\"article:modified_time\" content=\"2024-05-28T11:53:34+00:00\" \/>\n<meta property=\"og:image\" content=\"https:\/\/www.campingsersirant.fr\/wp-content\/uploads\/2022\/11\/ser-sirant.jpg\" \/>\n\t<meta property=\"og:image:width\" content=\"1920\" \/>\n\t<meta property=\"og:image:height\" content=\"703\" \/>\n\t<meta property=\"og:image:type\" content=\"image\/jpeg\" \/>\n<meta name=\"twitter:card\" content=\"summary_large_image\" \/>\n<meta name=\"twitter:label1\" content=\"Gesch\u00e4tzte Lesezeit\" \/>\n\t<meta name=\"twitter:data1\" content=\"2\u00a0Minuten\" \/>\n<script type=\"application\/ld+json\" class=\"yoast-schema-graph\">{\"@context\":\"https:\/\/schema.org\",\"@graph\":[{\"@type\":\"WebPage\",\"@id\":\"https:\/\/www.campingsersirant.fr\/de\/standort-emplacement-heilig-die-offrey\/\",\"url\":\"https:\/\/www.campingsersirant.fr\/de\/standort-emplacement-heilig-die-offrey\/\",\"name\":\"Vermietung Stellplatz Saint-Th\u00e9offrey | Mieten Stellplatz Auvergne\",\"isPartOf\":{\"@id\":\"https:\/\/www.campingsersirant.fr\/#website\"},\"primaryImageOfPage\":{\"@id\":\"https:\/\/www.campingsersirant.fr\/de\/standort-emplacement-heilig-die-offrey\/#primaryimage\"},\"image\":{\"@id\":\"https:\/\/www.campingsersirant.fr\/de\/standort-emplacement-heilig-die-offrey\/#primaryimage\"},\"thumbnailUrl\":\"https:\/\/www.campingsersirant.fr\/wp-content\/uploads\/2022\/11\/ser-sirant.jpg\",\"datePublished\":\"2022-12-12T10:37:38+00:00\",\"dateModified\":\"2024-05-28T11:53:34+00:00\",\"breadcrumb\":{\"@id\":\"https:\/\/www.campingsersirant.fr\/de\/standort-emplacement-heilig-die-offrey\/#breadcrumb\"},\"inLanguage\":\"de\",\"potentialAction\":[{\"@type\":\"ReadAction\",\"target\":[\"https:\/\/www.campingsersirant.fr\/de\/standort-emplacement-heilig-die-offrey\/\"]}]},{\"@type\":\"ImageObject\",\"inLanguage\":\"de\",\"@id\":\"https:\/\/www.campingsersirant.fr\/de\/standort-emplacement-heilig-die-offrey\/#primaryimage\",\"url\":\"https:\/\/www.campingsersirant.fr\/wp-content\/uploads\/2022\/11\/ser-sirant.jpg\",\"contentUrl\":\"https:\/\/www.campingsersirant.fr\/wp-content\/uploads\/2022\/11\/ser-sirant.jpg\",\"width\":1920,\"height\":703,\"caption\":\"serr sirant\"},{\"@type\":\"BreadcrumbList\",\"@id\":\"https:\/\/www.campingsersirant.fr\/de\/standort-emplacement-heilig-die-offrey\/#breadcrumb\",\"itemListElement\":[{\"@type\":\"ListItem\",\"position\":1,\"name\":\"Camping Ser Sirant\",\"item\":\"https:\/\/www.campingsersirant.fr\/de\/\"},{\"@type\":\"ListItem\",\"position\":2,\"name\":\"Location in Auvergne\"}]},{\"@type\":\"WebSite\",\"@id\":\"https:\/\/www.campingsersirant.fr\/#website\",\"url\":\"https:\/\/www.campingsersirant.fr\/\",\"name\":\"Camping Ser Sirant\",\"description\":\"\",\"publisher\":{\"@id\":\"https:\/\/www.campingsersirant.fr\/#organization\"},\"potentialAction\":[{\"@type\":\"SearchAction\",\"target\":{\"@type\":\"EntryPoint\",\"urlTemplate\":\"https:\/\/www.campingsersirant.fr\/?s={search_term_string}\"},\"query-input\":{\"@type\":\"PropertyValueSpecification\",\"valueRequired\":true,\"valueName\":\"search_term_string\"}}],\"inLanguage\":\"de\"},{\"@type\":\"Organization\",\"@id\":\"https:\/\/www.campingsersirant.fr\/#organization\",\"name\":\"Camping Ser Sirant\",\"url\":\"https:\/\/www.campingsersirant.fr\/\",\"logo\":{\"@type\":\"ImageObject\",\"inLanguage\":\"de\",\"@id\":\"https:\/\/www.campingsersirant.fr\/#\/schema\/logo\/image\/\",\"url\":\"https:\/\/www.campingsersirant.fr\/wp-content\/uploads\/2022\/11\/logo-camping-ser-sirant.png\",\"contentUrl\":\"https:\/\/www.campingsersirant.fr\/wp-content\/uploads\/2022\/11\/logo-camping-ser-sirant.png\",\"width\":262,\"height\":186,\"caption\":\"Camping Ser Sirant\"},\"image\":{\"@id\":\"https:\/\/www.campingsersirant.fr\/#\/schema\/logo\/image\/\"}}]}<\/script>\n<!-- \/ Yoast SEO plugin. -->","yoast_head_json":{"title":"Vermietung Stellplatz Saint-Th\u00e9offrey | Mieten Stellplatz Auvergne","robots":{"index":"index","follow":"follow","max-snippet":"max-snippet:-1","max-image-preview":"max-image-preview:large","max-video-preview":"max-video-preview:-1"},"canonical":"https:\/\/www.campingsersirant.fr\/de\/standort-emplacement-heilig-die-offrey\/","og_locale":"de_DE","og_type":"article","og_title":"Vermietung Stellplatz Saint-Th\u00e9offrey | Mieten Stellplatz Auvergne","og_url":"https:\/\/www.campingsersirant.fr\/de\/standort-emplacement-heilig-die-offrey\/","og_site_name":"Camping Ser Sirant","article_modified_time":"2024-05-28T11:53:34+00:00","og_image":[{"width":1920,"height":703,"url":"https:\/\/www.campingsersirant.fr\/wp-content\/uploads\/2022\/11\/ser-sirant.jpg","type":"image\/jpeg"}],"twitter_card":"summary_large_image","twitter_misc":{"Gesch\u00e4tzte Lesezeit":"2\u00a0Minuten"},"schema":{"@context":"https:\/\/schema.org","@graph":[{"@type":"WebPage","@id":"https:\/\/www.campingsersirant.fr\/de\/standort-emplacement-heilig-die-offrey\/","url":"https:\/\/www.campingsersirant.fr\/de\/standort-emplacement-heilig-die-offrey\/","name":"Vermietung Stellplatz Saint-Th\u00e9offrey | Mieten Stellplatz Auvergne","isPartOf":{"@id":"https:\/\/www.campingsersirant.fr\/#website"},"primaryImageOfPage":{"@id":"https:\/\/www.campingsersirant.fr\/de\/standort-emplacement-heilig-die-offrey\/#primaryimage"},"image":{"@id":"https:\/\/www.campingsersirant.fr\/de\/standort-emplacement-heilig-die-offrey\/#primaryimage"},"thumbnailUrl":"https:\/\/www.campingsersirant.fr\/wp-content\/uploads\/2022\/11\/ser-sirant.jpg","datePublished":"2022-12-12T10:37:38+00:00","dateModified":"2024-05-28T11:53:34+00:00","breadcrumb":{"@id":"https:\/\/www.campingsersirant.fr\/de\/standort-emplacement-heilig-die-offrey\/#breadcrumb"},"inLanguage":"de","potentialAction":[{"@type":"ReadAction","target":["https:\/\/www.campingsersirant.fr\/de\/standort-emplacement-heilig-die-offrey\/"]}]},{"@type":"ImageObject","inLanguage":"de","@id":"https:\/\/www.campingsersirant.fr\/de\/standort-emplacement-heilig-die-offrey\/#primaryimage","url":"https:\/\/www.campingsersirant.fr\/wp-content\/uploads\/2022\/11\/ser-sirant.jpg","contentUrl":"https:\/\/www.campingsersirant.fr\/wp-content\/uploads\/2022\/11\/ser-sirant.jpg","width":1920,"height":703,"caption":"serr sirant"},{"@type":"BreadcrumbList","@id":"https:\/\/www.campingsersirant.fr\/de\/standort-emplacement-heilig-die-offrey\/#breadcrumb","itemListElement":[{"@type":"ListItem","position":1,"name":"Camping Ser Sirant","item":"https:\/\/www.campingsersirant.fr\/de\/"},{"@type":"ListItem","position":2,"name":"Location in Auvergne"}]},{"@type":"WebSite","@id":"https:\/\/www.campingsersirant.fr\/#website","url":"https:\/\/www.campingsersirant.fr\/","name":"Camping Ser Sirant","description":"","publisher":{"@id":"https:\/\/www.campingsersirant.fr\/#organization"},"potentialAction":[{"@type":"SearchAction","target":{"@type":"EntryPoint","urlTemplate":"https:\/\/www.campingsersirant.fr\/?s={search_term_string}"},"query-input":{"@type":"PropertyValueSpecification","valueRequired":true,"valueName":"search_term_string"}}],"inLanguage":"de"},{"@type":"Organization","@id":"https:\/\/www.campingsersirant.fr\/#organization","name":"Camping Ser Sirant","url":"https:\/\/www.campingsersirant.fr\/","logo":{"@type":"ImageObject","inLanguage":"de","@id":"https:\/\/www.campingsersirant.fr\/#\/schema\/logo\/image\/","url":"https:\/\/www.campingsersirant.fr\/wp-content\/uploads\/2022\/11\/logo-camping-ser-sirant.png","contentUrl":"https:\/\/www.campingsersirant.fr\/wp-content\/uploads\/2022\/11\/logo-camping-ser-sirant.png","width":262,"height":186,"caption":"Camping Ser Sirant"},"image":{"@id":"https:\/\/www.campingsersirant.fr\/#\/schema\/logo\/image\/"}}]}},"_links":{"self":[{"href":"https:\/\/www.campingsersirant.fr\/de\/wp-json\/wp\/v2\/pages\/1591","targetHints":{"allow":["GET"]}}],"collection":[{"href":"https:\/\/www.campingsersirant.fr\/de\/wp-json\/wp\/v2\/pages"}],"about":[{"href":"https:\/\/www.campingsersirant.fr\/de\/wp-json\/wp\/v2\/types\/page"}],"author":[{"embeddable":true,"href":"https:\/\/www.campingsersirant.fr\/de\/wp-json\/wp\/v2\/users\/1"}],"replies":[{"embeddable":true,"href":"https:\/\/www.campingsersirant.fr\/de\/wp-json\/wp\/v2\/comments?post=1591"}],"version-history":[{"count":7,"href":"https:\/\/www.campingsersirant.fr\/de\/wp-json\/wp\/v2\/pages\/1591\/revisions"}],"predecessor-version":[{"id":2025,"href":"https:\/\/www.campingsersirant.fr\/de\/wp-json\/wp\/v2\/pages\/1591\/revisions\/2025"}],"wp:featuredmedia":[{"embeddable":true,"href":"https:\/\/www.campingsersirant.fr\/de\/wp-json\/wp\/v2\/media\/1408"}],"wp:attachment":[{"href":"https:\/\/www.campingsersirant.fr\/de\/wp-json\/wp\/v2\/media?parent=1591"}],"wp:term":[{"taxonomy":"sujet","embeddable":true,"href":"https:\/\/www.campingsersirant.fr\/de\/wp-json\/wp\/v2\/sujet?post=1591"}],"curies":[{"name":"wp","href":"https:\/\/api.w.org\/{rel}","templated":true}]}}