{"id":1587,"date":"2022-12-12T11:35:39","date_gmt":"2022-12-12T10:35:39","guid":{"rendered":"https:\/\/www.campingsersirant.fr\/legale-erwaehnungen\/"},"modified":"2022-12-12T16:39:33","modified_gmt":"2022-12-12T15:39:33","slug":"legale-erwaehnungen","status":"publish","type":"page","link":"https:\/\/www.campingsersirant.fr\/de\/legale-erwaehnungen\/","title":{"rendered":"Rechtliche Hinweise"},"content":{"rendered":"<section id=\"ls-section-block_747517fef77e53354361a5fd029e6173\" class=\"ls-section \" >\n        <div class=\"container container--wide\">\n        \n\n<h1 class=\"ls__heading has-text-align-center feuille-deco wp-block-heading\">Rechtliche Hinweise<\/h1>\n\n\n\n<h2 class=\"ls-heading wp-block-heading\">Herausgeber der Seite<\/h2>\n\n\n\n<p class=\"ls-paragraph\"><strong>CAMPING SER SIRANT<\/strong><br>Diese Website ist Eigentum und wird betrieben von Camping de Ser Sirant (siret: 75082552300012), dessen<br>Der Hauptsitz befindet sich in PETICHET LAC DE LAFFREY &#8211; 38119 SAINT THEOFFREY (Frankreich).<br>F\u00fchrungskraft(en) der Einrichtung: Riccardo PES (Funktion: GERANT)<br>NAF-Code: 5530Z &#8211; CAMPINGPL\u00c4TZE UND PARKS F\u00dcR WOHNWAGEN ODER FREIZEITFAHRZEUGE<br><br>Steckbrief der Einrichtung :<br>Aush\u00e4ngeschild: CAMPING SER SIRANT<br>Siret 75082552300012 RCS Grenoble<br>Rechtsform: SARL Name: Sarl Ser Sirant Vacances<br>Grundkapital: 10.000\u20ac.<br>Mehrwertsteuer intra : FR 05 75 0825523<br>Mitglied der F\u00e9d\u00e9ration Nationale de l&#8217;H\u00f4tellerie de Plein Air und der La FRHPA Rh\u00f4ne Alpes<\/p>\n\n\n\n<h2 class=\"ls-heading wp-block-heading\">REALISIERUNG<\/h2>\n\n\n\n<p class=\"ls-paragraph\"><strong>GEEK TONIC<\/strong><br>Vertreten durch Herrn Yohan Darmayan in seiner Funktion als Gesch\u00e4ftsf\u00fchrer<br>Hauptsitz: 1 ALL PIERRE GEORGES LATECOERE 64200 BIARRITZ<br>Telefon: 05 32 74 11 52<br>E-Mail: support@geek-tonic.com<br>Website: <a href=\"https:\/\/www.geek-tonic.com\/\">www.geek-tonic.com<\/a><br>SIRET: 79078282500034<br>APE: 6201Z<\/p>\n\n\n\n<h2 class=\"ls-heading wp-block-heading\">URHEBERRECHTE UND COPYRIGHTS<\/h2>\n\n\n\n<p class=\"ls-paragraph\">Der gesamte Inhalt dieser Website unterliegt dem Urheberrecht sowie dem geistigen Eigentum der franz\u00f6sischen Gesetzgebung. Jegliche Vervielf\u00e4ltigung (einschlie\u00dflich Fotos, Icons und herunterladbarer Dokumente) ist ohne vorherige Zustimmung von GEEK TONIC untersagt. Die Vervielf\u00e4ltigung der gesamten oder eines Teils der Website auf einem elektronischen Datentr\u00e4ger in einem Papier- oder elektronischen Format ist untersagt. GEEK TONIC \u00fcbernimmt keine Verantwortung f\u00fcr den Inhalt auf der Website. GEEK TONIC \u00fcbernimmt auch keine Verantwortung f\u00fcr externe Links, die auf die vorliegende Seite verweisen.<\/p>\n\n\n\n<h2 class=\"ls-heading wp-block-heading\" id=\"m-t-6\">PERS\u00d6NLICHE DATEN UND NAMENTLICHE INFORMATIONEN<\/h2>\n\n\n\n<p class=\"ls-paragraph\">Sie haben ein Recht auf Zugang, \u00c4nderung, Berichtigung und L\u00f6schung der Sie betreffenden Daten gem\u00e4\u00df Artikel 34 des Gesetzes &#8222;Informatique et Libert\u00e9s&#8220; Nr. 78-17 vom 6. Januar 1978, ge\u00e4ndert am 6. August 2018. Um dieses Recht auf Zugang zu entfalten, k\u00f6nnen Sie dies durch eine einfache schriftliche Anfrage an den Herausgeber der Website tun.<\/p>\n\n\n\n<h2 class=\"ls-heading wp-block-heading\">LEGISLATION<\/h2>\n\n\n\n<p class=\"ls-paragraph\">Gem\u00e4\u00df dem Gesetz vom 11. M\u00e4rz 1957 (Art. 41) und dem Gesetz \u00fcber geistiges Eigentum vom 1. Juli 1992 ist es verboten, einen Teil der Website ohne vorherige Genehmigung des Herausgebers der Website teilweise oder vollst\u00e4ndig zu vervielf\u00e4ltigen. Logos, Visualisierungen, Fotos, Videos, Grafikcharts und Texte sind Eigentum ihrer jeweiligen Besitzer. Diese Website kann ohne ihr Wissen mit anderen Websites \u00fcber Hypermedia-Links verbunden worden sein. Der Herausgeber der Website \u00fcbernimmt keine Verantwortung f\u00fcr die Informationen, die auf diesen anderen Websites dargestellt werden. Der Internetnutzer erkennt an, dass die Nutzung dieser Website dem franz\u00f6sischen Recht unterliegt.<\/p>\n\n\n    <\/div>\n<\/section>","protected":false},"excerpt":{"rendered":"","protected":false},"author":1,"featured_media":0,"parent":0,"menu_order":0,"comment_status":"closed","ping_status":"closed","template":"","meta":{"_acf_changed":false,"footnotes":""},"sujet":[],"class_list":["post-1587","page","type-page","status-publish","hentry"],"acf":[],"yoast_head":"<!-- This site is optimized with the Yoast SEO plugin v25.3 - https:\/\/yoast.com\/wordpress\/plugins\/seo\/ -->\n<title>Rechtliche Hinweise - Camping Ser Sirant<\/title>\n<meta name=\"robots\" content=\"noindex, nofollow\" \/>\n<meta property=\"og:locale\" content=\"de_DE\" \/>\n<meta property=\"og:type\" content=\"article\" \/>\n<meta property=\"og:title\" content=\"Rechtliche Hinweise - Camping Ser Sirant\" \/>\n<meta property=\"og:url\" content=\"https:\/\/www.campingsersirant.fr\/de\/legale-erwaehnungen\/\" \/>\n<meta property=\"og:site_name\" content=\"Camping Ser Sirant\" \/>\n<meta property=\"article:modified_time\" content=\"2022-12-12T15:39:33+00:00\" \/>\n<meta name=\"twitter:card\" content=\"summary_large_image\" \/>\n<meta name=\"twitter:label1\" content=\"Gesch\u00e4tzte Lesezeit\" \/>\n\t<meta name=\"twitter:data1\" content=\"2\u00a0Minuten\" \/>\n<script type=\"application\/ld+json\" class=\"yoast-schema-graph\">{\"@context\":\"https:\/\/schema.org\",\"@graph\":[{\"@type\":\"WebPage\",\"@id\":\"https:\/\/www.campingsersirant.fr\/de\/legale-erwaehnungen\/\",\"url\":\"https:\/\/www.campingsersirant.fr\/de\/legale-erwaehnungen\/\",\"name\":\"Rechtliche Hinweise - Camping Ser Sirant\",\"isPartOf\":{\"@id\":\"https:\/\/www.campingsersirant.fr\/#website\"},\"datePublished\":\"2022-12-12T10:35:39+00:00\",\"dateModified\":\"2022-12-12T15:39:33+00:00\",\"breadcrumb\":{\"@id\":\"https:\/\/www.campingsersirant.fr\/de\/legale-erwaehnungen\/#breadcrumb\"},\"inLanguage\":\"de\",\"potentialAction\":[{\"@type\":\"ReadAction\",\"target\":[\"https:\/\/www.campingsersirant.fr\/de\/legale-erwaehnungen\/\"]}]},{\"@type\":\"BreadcrumbList\",\"@id\":\"https:\/\/www.campingsersirant.fr\/de\/legale-erwaehnungen\/#breadcrumb\",\"itemListElement\":[{\"@type\":\"ListItem\",\"position\":1,\"name\":\"Camping Ser Sirant\",\"item\":\"https:\/\/www.campingsersirant.fr\/de\/\"},{\"@type\":\"ListItem\",\"position\":2,\"name\":\"Rechtliche Hinweise\"}]},{\"@type\":\"WebSite\",\"@id\":\"https:\/\/www.campingsersirant.fr\/#website\",\"url\":\"https:\/\/www.campingsersirant.fr\/\",\"name\":\"Camping Ser Sirant\",\"description\":\"\",\"publisher\":{\"@id\":\"https:\/\/www.campingsersirant.fr\/#organization\"},\"potentialAction\":[{\"@type\":\"SearchAction\",\"target\":{\"@type\":\"EntryPoint\",\"urlTemplate\":\"https:\/\/www.campingsersirant.fr\/?s={search_term_string}\"},\"query-input\":{\"@type\":\"PropertyValueSpecification\",\"valueRequired\":true,\"valueName\":\"search_term_string\"}}],\"inLanguage\":\"de\"},{\"@type\":\"Organization\",\"@id\":\"https:\/\/www.campingsersirant.fr\/#organization\",\"name\":\"Camping Ser Sirant\",\"url\":\"https:\/\/www.campingsersirant.fr\/\",\"logo\":{\"@type\":\"ImageObject\",\"inLanguage\":\"de\",\"@id\":\"https:\/\/www.campingsersirant.fr\/#\/schema\/logo\/image\/\",\"url\":\"https:\/\/www.campingsersirant.fr\/wp-content\/uploads\/2022\/11\/logo-camping-ser-sirant.png\",\"contentUrl\":\"https:\/\/www.campingsersirant.fr\/wp-content\/uploads\/2022\/11\/logo-camping-ser-sirant.png\",\"width\":262,\"height\":186,\"caption\":\"Camping Ser Sirant\"},\"image\":{\"@id\":\"https:\/\/www.campingsersirant.fr\/#\/schema\/logo\/image\/\"}}]}<\/script>\n<!-- \/ Yoast SEO plugin. -->","yoast_head_json":{"title":"Rechtliche Hinweise - Camping Ser Sirant","robots":{"index":"noindex","follow":"nofollow"},"og_locale":"de_DE","og_type":"article","og_title":"Rechtliche Hinweise - Camping Ser Sirant","og_url":"https:\/\/www.campingsersirant.fr\/de\/legale-erwaehnungen\/","og_site_name":"Camping Ser Sirant","article_modified_time":"2022-12-12T15:39:33+00:00","twitter_card":"summary_large_image","twitter_misc":{"Gesch\u00e4tzte Lesezeit":"2\u00a0Minuten"},"schema":{"@context":"https:\/\/schema.org","@graph":[{"@type":"WebPage","@id":"https:\/\/www.campingsersirant.fr\/de\/legale-erwaehnungen\/","url":"https:\/\/www.campingsersirant.fr\/de\/legale-erwaehnungen\/","name":"Rechtliche Hinweise - Camping Ser Sirant","isPartOf":{"@id":"https:\/\/www.campingsersirant.fr\/#website"},"datePublished":"2022-12-12T10:35:39+00:00","dateModified":"2022-12-12T15:39:33+00:00","breadcrumb":{"@id":"https:\/\/www.campingsersirant.fr\/de\/legale-erwaehnungen\/#breadcrumb"},"inLanguage":"de","potentialAction":[{"@type":"ReadAction","target":["https:\/\/www.campingsersirant.fr\/de\/legale-erwaehnungen\/"]}]},{"@type":"BreadcrumbList","@id":"https:\/\/www.campingsersirant.fr\/de\/legale-erwaehnungen\/#breadcrumb","itemListElement":[{"@type":"ListItem","position":1,"name":"Camping Ser Sirant","item":"https:\/\/www.campingsersirant.fr\/de\/"},{"@type":"ListItem","position":2,"name":"Rechtliche Hinweise"}]},{"@type":"WebSite","@id":"https:\/\/www.campingsersirant.fr\/#website","url":"https:\/\/www.campingsersirant.fr\/","name":"Camping Ser Sirant","description":"","publisher":{"@id":"https:\/\/www.campingsersirant.fr\/#organization"},"potentialAction":[{"@type":"SearchAction","target":{"@type":"EntryPoint","urlTemplate":"https:\/\/www.campingsersirant.fr\/?s={search_term_string}"},"query-input":{"@type":"PropertyValueSpecification","valueRequired":true,"valueName":"search_term_string"}}],"inLanguage":"de"},{"@type":"Organization","@id":"https:\/\/www.campingsersirant.fr\/#organization","name":"Camping Ser Sirant","url":"https:\/\/www.campingsersirant.fr\/","logo":{"@type":"ImageObject","inLanguage":"de","@id":"https:\/\/www.campingsersirant.fr\/#\/schema\/logo\/image\/","url":"https:\/\/www.campingsersirant.fr\/wp-content\/uploads\/2022\/11\/logo-camping-ser-sirant.png","contentUrl":"https:\/\/www.campingsersirant.fr\/wp-content\/uploads\/2022\/11\/logo-camping-ser-sirant.png","width":262,"height":186,"caption":"Camping Ser Sirant"},"image":{"@id":"https:\/\/www.campingsersirant.fr\/#\/schema\/logo\/image\/"}}]}},"_links":{"self":[{"href":"https:\/\/www.campingsersirant.fr\/de\/wp-json\/wp\/v2\/pages\/1587","targetHints":{"allow":["GET"]}}],"collection":[{"href":"https:\/\/www.campingsersirant.fr\/de\/wp-json\/wp\/v2\/pages"}],"about":[{"href":"https:\/\/www.campingsersirant.fr\/de\/wp-json\/wp\/v2\/types\/page"}],"author":[{"embeddable":true,"href":"https:\/\/www.campingsersirant.fr\/de\/wp-json\/wp\/v2\/users\/1"}],"replies":[{"embeddable":true,"href":"https:\/\/www.campingsersirant.fr\/de\/wp-json\/wp\/v2\/comments?post=1587"}],"version-history":[{"count":4,"href":"https:\/\/www.campingsersirant.fr\/de\/wp-json\/wp\/v2\/pages\/1587\/revisions"}],"predecessor-version":[{"id":1859,"href":"https:\/\/www.campingsersirant.fr\/de\/wp-json\/wp\/v2\/pages\/1587\/revisions\/1859"}],"wp:attachment":[{"href":"https:\/\/www.campingsersirant.fr\/de\/wp-json\/wp\/v2\/media?parent=1587"}],"wp:term":[{"taxonomy":"sujet","embeddable":true,"href":"https:\/\/www.campingsersirant.fr\/de\/wp-json\/wp\/v2\/sujet?post=1587"}],"curies":[{"name":"wp","href":"https:\/\/api.w.org\/{rel}","templated":true}]}}