{"id":1583,"date":"2022-12-12T11:32:47","date_gmt":"2022-12-12T10:32:47","guid":{"rendered":"https:\/\/www.campingsersirant.fr\/tourismus-grenoble\/"},"modified":"2022-12-13T09:11:05","modified_gmt":"2022-12-13T08:11:05","slug":"tourismus-grenoble","status":"publish","type":"page","link":"https:\/\/www.campingsersirant.fr\/de\/tourismus-grenoble\/","title":{"rendered":"Grenoble"},"content":{"rendered":"<section id=\"ls-section-block_dc37dc407b0a41e43c0a44d81a29b846\" class=\"ls-section  has-p-t p-t-14\" >\n        <div class=\"container \">\n        \n\n<h1 class=\"ls__heading has-text-align-center feuille-deco wp-block-heading\">Besuchen Sie die innovative Stadt Grenoble<\/h1>\n\n\n    <\/div>\n<\/section>\n\n<section id=\"ls-section-block_f3e02213d9df8a4e89eb1401ae589ee9\" class=\"ls-section  page-one has-p-b p-b-14\" >\n        <div class=\"container container--wide\">\n        \n\n<div class=\"wp-block-columns is-layout-flex wp-container-core-columns-is-layout-9d6595d7 wp-block-columns-is-layout-flex\">\n<div class=\"wp-block-column is-vertically-aligned-center is-layout-flow wp-block-column-is-layout-flow\" style=\"flex-basis:33.33%\">\n<h2 class=\"ls__heading deco-gauche wp-block-heading\">Was Sie in Grenoble unternehmen k\u00f6nnen<\/h2>\n\n\n\n<p class=\"ls-paragraph\">Als familienfreundliches Reiseziel bietet <a href=\"https:\/\/www.grenoble.fr\/\" target=\"_blank\" rel=\"noreferrer noopener nofollow\">Grenoble<\/a> eine Vielzahl von Aktivit\u00e4ten f\u00fcr Urlauber, die sich in der Umgebung des <a href=\"\/de\/\">Campingplatzes in Saint Th\u00e9offrey<\/a> aufhalten. Hier kann man dank der Sommerrodelbahn das ganze Jahr \u00fcber rodeln, 20 Minuten vom Stadtzentrum entfernt Wintersport betreiben und in den Sommermonaten klettern und wandern.<\/p>\n\n\n\n<p class=\"ls-paragraph\"><strong>Wasserspa\u00df<\/strong> ist allgegenw\u00e4rtig, an den Flussl\u00e4ufen der Is\u00e8re und des Drac, aber auch am Lac Taillat im Osten der Stadt.<\/p>\n\n\n\n<p class=\"ls-paragraph\">Mit der Familie l\u00e4sst sich die Stadt mit einem lebensgro\u00dfen Escape Game, einem Abenteuerparcours oder dem kleinen Touristenzug von Grenoble erkunden. Au\u00dferdem erwarten Sie hochwertige <strong>Sporteinrichtungen<\/strong>, vom Wassersportzentrum \u00fcber Golf bis hin zur Eislaufbahn.<\/p>\n<\/div>\n\n\n\n<div class=\"wp-block-column is-layout-flow wp-block-column-is-layout-flow\" style=\"flex-basis:66.66%\">\n<figure class=\"wp-block-image size-full arrondi-bas-gauche animated slideInRight delay-200ms slow\"><img decoding=\"async\" width=\"856\" height=\"586\" src=\"https:\/\/www.campingsersirant.fr\/wp-content\/uploads\/2022\/11\/escape-game.jpg\" alt=\"Escape Game\" class=\"wp-image-977\" title=\"\" srcset=\"https:\/\/www.campingsersirant.fr\/wp-content\/uploads\/2022\/11\/escape-game.jpg 856w, https:\/\/www.campingsersirant.fr\/wp-content\/uploads\/2022\/11\/escape-game-300x205.jpg 300w, https:\/\/www.campingsersirant.fr\/wp-content\/uploads\/2022\/11\/escape-game-768x526.jpg 768w\" sizes=\"(max-width: 856px) 100vw, 856px\" \/><\/figure>\n<\/div>\n<\/div>\n\n\n    <\/div>\n<\/section>\n\n<section id=\"ls-section-block_c57aa67e61114e84b1d623ec63d258d2\" class=\"ls-section  page-five has-background has-color-5-background-color has-p-t p-t-14 has-p-b p-b-14\" >\n        <div class=\"container container--wide\">\n        \n\n<div class=\"wp-block-columns is-layout-flex wp-container-core-columns-is-layout-9d6595d7 wp-block-columns-is-layout-flex\">\n<div class=\"wp-block-column is-layout-flow wp-block-column-is-layout-flow\">\n<figure class=\"wp-block-image size-full arrondi-haut-gauche has-m-b m-b-8 animated slideInRight delay-200ms slow\"><img decoding=\"async\" width=\"856\" height=\"586\" src=\"https:\/\/www.campingsersirant.fr\/wp-content\/uploads\/2022\/11\/grenoble.jpg\" alt=\"camping grenoble\" class=\"wp-image-922\" srcset=\"https:\/\/www.campingsersirant.fr\/wp-content\/uploads\/2022\/11\/grenoble.jpg 856w, https:\/\/www.campingsersirant.fr\/wp-content\/uploads\/2022\/11\/grenoble-300x205.jpg 300w, https:\/\/www.campingsersirant.fr\/wp-content\/uploads\/2022\/11\/grenoble-768x526.jpg 768w\" sizes=\"(max-width: 856px) 100vw, 856px\" \/><\/figure>\n\n\n\n<h2 class=\"ls__heading has-m-l m-l-10 deco-gauche wp-block-heading\">Gastronomische Spezialit\u00e4ten<\/h2>\n\n\n\n<p class=\"ls-paragraph\">Die <strong>gastronomische Kultur<\/strong> ist ein integraler Bestandteil des Kulturerbes und des Tourismus in Grenoble.<\/p>\n\n\n\n<p class=\"ls-paragraph\">Ihr Urlaub in Is\u00e8re bietet Ihnen die Gelegenheit, in den Feinschmeckerl\u00e4den im Stadtzentrum, an den St\u00e4nden der Halles Sainte-Claire, in den Restaurants und bei den Erzeugern der Umgebung <strong>lokale Spezialit\u00e4ten<\/strong> und Produkte aus der Region zu entdecken.<\/p>\n\n\n\n<p class=\"ls-paragraph\">Zu den <strong>emblematischen Produkten<\/strong> der Region Grenoble geh\u00f6rt die ber\u00fchmte Walnuss, die Grundlage vieler Rezepte, aber auch der Bleu du Vercors Sassenage, der Saint-Marcellin, die Ravioles du Royans, die Mur\u00e7on de la Matheysine, die mythische Chartreuse und die Weine von Grenoble.<\/p>\n<\/div>\n\n\n\n<div class=\"wp-block-column is-vertically-aligned-center is-layout-flow wp-block-column-is-layout-flow\">\n<h2 class=\"ls__heading has-m-l m-l-10 deco-gauche wp-block-heading\">Unumg\u00e4ngliche kulturelle Besichtigungen<\/h2>\n\n\n\n<p class=\"ls-paragraph\">Zu den unverzichtbaren Sehensw\u00fcrdigkeiten in Grenoble geh\u00f6ren mehrere <strong>spannende Museen<\/strong> f\u00fcr alle Altersgruppen: das Museum des Alten Bischofs, das Museum der Sch\u00f6nen K\u00fcnste, das Arch\u00e4ologische Museum, das Mus\u00e9e Dauphinois und das Naturhistorische Museum.<\/p>\n\n\n\n<p class=\"ls-paragraph\">Das Fort de la Bastille, das bei Ihrem Aufenthalt in Grenoble nicht zu \u00fcbersehen ist, erreichen Sie mithilfe der ikonischen Eierbahn. Von hier aus bietet sich ein einzigartiges Panorama \u00fcber die gesamte Stadt.<\/p>\n\n\n\n<p class=\"ls-paragraph\">Bei einem Bummel durch die Innenstadt werden Sie auch die <strong>Erbsch\u00e4tze<\/strong> Grenobles entdecken, darunter das ehemalige Parlamentsgeb\u00e4ude, das Kloster Sainte-C\u00e9cile, die Kapelle Sainte-Marie d&#8217;en Haut, die Markthallen Sainte-Claire, der Perret-Turm und der Tour de l&#8217;Isle.<\/p>\n\n\n\n<figure class=\"wp-block-image size-full arrondi-bas-droite has-m-t m-t-8 animated slideInLeft delay-200ms slow\"><img decoding=\"async\" width=\"856\" height=\"586\" src=\"https:\/\/www.campingsersirant.fr\/wp-content\/uploads\/2022\/11\/vins-grenoble.jpg\" alt=\"weine grenoble\" class=\"wp-image-980\" srcset=\"https:\/\/www.campingsersirant.fr\/wp-content\/uploads\/2022\/11\/vins-grenoble.jpg 856w, https:\/\/www.campingsersirant.fr\/wp-content\/uploads\/2022\/11\/vins-grenoble-300x205.jpg 300w, https:\/\/www.campingsersirant.fr\/wp-content\/uploads\/2022\/11\/vins-grenoble-768x526.jpg 768w\" sizes=\"(max-width: 856px) 100vw, 856px\" \/><\/figure>\n<\/div>\n<\/div>\n\n\n    <\/div>\n<\/section>\n\n<section id=\"ls-section-block_427662ea4ec8170e45f74707c966ccca\" class=\"ls-section  page-maillage has-p-t p-t-14 has-p-b p-b-14\" >\n        <div class=\"container container--wide\">\n        \n\n<div id=\"ls-heading ls-titre-div-block_4582e7015b8f22ff5688feb29b1a757a\" class=\"ls-titre-div aligncenter h2-like\" >\n    Entdecken Sie die Aktivit\u00e4ten auf unserem Campingplatz und in der Umgebung.<\/div>\n\n\n<div id=\"ls-maillage-block_547a23c2d1de9d3e7f5431bca318b280\" class=\"ls-maillage cta-style-normal has-p-t p-t-8\" data-rows=\"3\">\n    <div class=\"wp-block-columns\"><div class=\"wp-block-column\">\n\n<a href=\"https:\/\/www.campingsersirant.fr\/de\/zeltplatz-animationen-saint-theoffrey\/\" target=\"\" rel=\"noopener\" class=\"ls-cta__link\">\n\n\t<div class=\"ls-cta__image\"><img decoding=\"async\" src=\"https:\/\/www.campingsersirant.fr\/wp-content\/uploads\/2022\/11\/animations-camping.jpg\" alt=\"animation camping\"><\/div>\n\t<div class=\"ls-cta__title\">\n\t\tAnimationen und Aktivit\u00e4ten\t<\/div>\n\n\t\t\n<\/a><\/div><div class=\"wp-block-column\">\n\n<a href=\"https:\/\/www.campingsersirant.fr\/de\/tourismus-auvergne\/\" target=\"\" rel=\"noopener\" class=\"ls-cta__link\">\n\n\t<div class=\"ls-cta__image\"><img decoding=\"async\" src=\"https:\/\/www.campingsersirant.fr\/wp-content\/uploads\/2023\/02\/viister-isere.jpg\" alt=\"viister isere\"><\/div>\n\t<div class=\"ls-cta__title\">\n\t\tUnsere Region\t<\/div>\n\n\t\t\n<\/a><\/div><div class=\"wp-block-column\">\n\n<a href=\"https:\/\/www.campingsersirant.fr\/de\/camping-seeufer-saint-theoffrey\/\" target=\"\" rel=\"noopener\" class=\"ls-cta__link\">\n\n\t<div class=\"ls-cta__image\"><img decoding=\"async\" src=\"https:\/\/www.campingsersirant.fr\/wp-content\/uploads\/2022\/11\/camping-ser-sirant-sports-aquatiques-en-isere-768x576.jpg\" alt=\"camping ser sirant\"><\/div>\n\t<div class=\"ls-cta__title\">\n\t\tSeeufer\t<\/div>\n\n\t\t\n<\/a><\/div><\/div><\/div>\n\n    <\/div>\n<\/section>","protected":false},"excerpt":{"rendered":"","protected":false},"author":1,"featured_media":1390,"parent":0,"menu_order":0,"comment_status":"closed","ping_status":"closed","template":"","meta":{"_acf_changed":false,"footnotes":""},"sujet":[],"class_list":["post-1583","page","type-page","status-publish","has-post-thumbnail","hentry"],"acf":[],"yoast_head":"<!-- This site is optimized with the Yoast SEO plugin v25.3 - https:\/\/yoast.com\/wordpress\/plugins\/seo\/ -->\n<title>Tourismus in Grenoble | Aufenthalt in Grenoble | Grenoble besuchen<\/title>\n<meta name=\"robots\" content=\"index, follow, max-snippet:-1, max-image-preview:large, max-video-preview:-1\" \/>\n<link rel=\"canonical\" href=\"https:\/\/www.campingsersirant.fr\/de\/tourismus-grenoble\/\" \/>\n<meta property=\"og:locale\" content=\"de_DE\" \/>\n<meta property=\"og:type\" content=\"article\" \/>\n<meta property=\"og:title\" content=\"Tourismus in Grenoble | Aufenthalt in Grenoble | Grenoble besuchen\" \/>\n<meta property=\"og:url\" content=\"https:\/\/www.campingsersirant.fr\/de\/tourismus-grenoble\/\" \/>\n<meta property=\"og:site_name\" content=\"Camping Ser Sirant\" \/>\n<meta property=\"article:modified_time\" content=\"2022-12-13T08:11:05+00:00\" \/>\n<meta property=\"og:image\" content=\"https:\/\/www.campingsersirant.fr\/wp-content\/uploads\/2022\/11\/grenoble-panoramique.jpg\" \/>\n\t<meta property=\"og:image:width\" content=\"1920\" \/>\n\t<meta property=\"og:image:height\" content=\"703\" \/>\n\t<meta property=\"og:image:type\" content=\"image\/jpeg\" \/>\n<meta name=\"twitter:card\" content=\"summary_large_image\" \/>\n<meta name=\"twitter:label1\" content=\"Gesch\u00e4tzte Lesezeit\" \/>\n\t<meta name=\"twitter:data1\" content=\"3\u00a0Minuten\" \/>\n<script type=\"application\/ld+json\" class=\"yoast-schema-graph\">{\"@context\":\"https:\/\/schema.org\",\"@graph\":[{\"@type\":\"WebPage\",\"@id\":\"https:\/\/www.campingsersirant.fr\/de\/tourismus-grenoble\/\",\"url\":\"https:\/\/www.campingsersirant.fr\/de\/tourismus-grenoble\/\",\"name\":\"Tourismus in Grenoble | Aufenthalt in Grenoble | Grenoble besuchen\",\"isPartOf\":{\"@id\":\"https:\/\/www.campingsersirant.fr\/#website\"},\"primaryImageOfPage\":{\"@id\":\"https:\/\/www.campingsersirant.fr\/de\/tourismus-grenoble\/#primaryimage\"},\"image\":{\"@id\":\"https:\/\/www.campingsersirant.fr\/de\/tourismus-grenoble\/#primaryimage\"},\"thumbnailUrl\":\"https:\/\/www.campingsersirant.fr\/wp-content\/uploads\/2022\/11\/grenoble-panoramique.jpg\",\"datePublished\":\"2022-12-12T10:32:47+00:00\",\"dateModified\":\"2022-12-13T08:11:05+00:00\",\"breadcrumb\":{\"@id\":\"https:\/\/www.campingsersirant.fr\/de\/tourismus-grenoble\/#breadcrumb\"},\"inLanguage\":\"de\",\"potentialAction\":[{\"@type\":\"ReadAction\",\"target\":[\"https:\/\/www.campingsersirant.fr\/de\/tourismus-grenoble\/\"]}]},{\"@type\":\"ImageObject\",\"inLanguage\":\"de\",\"@id\":\"https:\/\/www.campingsersirant.fr\/de\/tourismus-grenoble\/#primaryimage\",\"url\":\"https:\/\/www.campingsersirant.fr\/wp-content\/uploads\/2022\/11\/grenoble-panoramique.jpg\",\"contentUrl\":\"https:\/\/www.campingsersirant.fr\/wp-content\/uploads\/2022\/11\/grenoble-panoramique.jpg\",\"width\":1920,\"height\":703,\"caption\":\"grenoble panoramique\"},{\"@type\":\"BreadcrumbList\",\"@id\":\"https:\/\/www.campingsersirant.fr\/de\/tourismus-grenoble\/#breadcrumb\",\"itemListElement\":[{\"@type\":\"ListItem\",\"position\":1,\"name\":\"Camping Ser Sirant\",\"item\":\"https:\/\/www.campingsersirant.fr\/de\/\"},{\"@type\":\"ListItem\",\"position\":2,\"name\":\"Tourismus in Grenoble\"}]},{\"@type\":\"WebSite\",\"@id\":\"https:\/\/www.campingsersirant.fr\/#website\",\"url\":\"https:\/\/www.campingsersirant.fr\/\",\"name\":\"Camping Ser Sirant\",\"description\":\"\",\"publisher\":{\"@id\":\"https:\/\/www.campingsersirant.fr\/#organization\"},\"potentialAction\":[{\"@type\":\"SearchAction\",\"target\":{\"@type\":\"EntryPoint\",\"urlTemplate\":\"https:\/\/www.campingsersirant.fr\/?s={search_term_string}\"},\"query-input\":{\"@type\":\"PropertyValueSpecification\",\"valueRequired\":true,\"valueName\":\"search_term_string\"}}],\"inLanguage\":\"de\"},{\"@type\":\"Organization\",\"@id\":\"https:\/\/www.campingsersirant.fr\/#organization\",\"name\":\"Camping Ser Sirant\",\"url\":\"https:\/\/www.campingsersirant.fr\/\",\"logo\":{\"@type\":\"ImageObject\",\"inLanguage\":\"de\",\"@id\":\"https:\/\/www.campingsersirant.fr\/#\/schema\/logo\/image\/\",\"url\":\"https:\/\/www.campingsersirant.fr\/wp-content\/uploads\/2022\/11\/logo-camping-ser-sirant.png\",\"contentUrl\":\"https:\/\/www.campingsersirant.fr\/wp-content\/uploads\/2022\/11\/logo-camping-ser-sirant.png\",\"width\":262,\"height\":186,\"caption\":\"Camping Ser Sirant\"},\"image\":{\"@id\":\"https:\/\/www.campingsersirant.fr\/#\/schema\/logo\/image\/\"}}]}<\/script>\n<!-- \/ Yoast SEO plugin. -->","yoast_head_json":{"title":"Tourismus in Grenoble | Aufenthalt in Grenoble | Grenoble besuchen","robots":{"index":"index","follow":"follow","max-snippet":"max-snippet:-1","max-image-preview":"max-image-preview:large","max-video-preview":"max-video-preview:-1"},"canonical":"https:\/\/www.campingsersirant.fr\/de\/tourismus-grenoble\/","og_locale":"de_DE","og_type":"article","og_title":"Tourismus in Grenoble | Aufenthalt in Grenoble | Grenoble besuchen","og_url":"https:\/\/www.campingsersirant.fr\/de\/tourismus-grenoble\/","og_site_name":"Camping Ser Sirant","article_modified_time":"2022-12-13T08:11:05+00:00","og_image":[{"width":1920,"height":703,"url":"https:\/\/www.campingsersirant.fr\/wp-content\/uploads\/2022\/11\/grenoble-panoramique.jpg","type":"image\/jpeg"}],"twitter_card":"summary_large_image","twitter_misc":{"Gesch\u00e4tzte Lesezeit":"3\u00a0Minuten"},"schema":{"@context":"https:\/\/schema.org","@graph":[{"@type":"WebPage","@id":"https:\/\/www.campingsersirant.fr\/de\/tourismus-grenoble\/","url":"https:\/\/www.campingsersirant.fr\/de\/tourismus-grenoble\/","name":"Tourismus in Grenoble | Aufenthalt in Grenoble | Grenoble besuchen","isPartOf":{"@id":"https:\/\/www.campingsersirant.fr\/#website"},"primaryImageOfPage":{"@id":"https:\/\/www.campingsersirant.fr\/de\/tourismus-grenoble\/#primaryimage"},"image":{"@id":"https:\/\/www.campingsersirant.fr\/de\/tourismus-grenoble\/#primaryimage"},"thumbnailUrl":"https:\/\/www.campingsersirant.fr\/wp-content\/uploads\/2022\/11\/grenoble-panoramique.jpg","datePublished":"2022-12-12T10:32:47+00:00","dateModified":"2022-12-13T08:11:05+00:00","breadcrumb":{"@id":"https:\/\/www.campingsersirant.fr\/de\/tourismus-grenoble\/#breadcrumb"},"inLanguage":"de","potentialAction":[{"@type":"ReadAction","target":["https:\/\/www.campingsersirant.fr\/de\/tourismus-grenoble\/"]}]},{"@type":"ImageObject","inLanguage":"de","@id":"https:\/\/www.campingsersirant.fr\/de\/tourismus-grenoble\/#primaryimage","url":"https:\/\/www.campingsersirant.fr\/wp-content\/uploads\/2022\/11\/grenoble-panoramique.jpg","contentUrl":"https:\/\/www.campingsersirant.fr\/wp-content\/uploads\/2022\/11\/grenoble-panoramique.jpg","width":1920,"height":703,"caption":"grenoble panoramique"},{"@type":"BreadcrumbList","@id":"https:\/\/www.campingsersirant.fr\/de\/tourismus-grenoble\/#breadcrumb","itemListElement":[{"@type":"ListItem","position":1,"name":"Camping Ser Sirant","item":"https:\/\/www.campingsersirant.fr\/de\/"},{"@type":"ListItem","position":2,"name":"Tourismus in Grenoble"}]},{"@type":"WebSite","@id":"https:\/\/www.campingsersirant.fr\/#website","url":"https:\/\/www.campingsersirant.fr\/","name":"Camping Ser Sirant","description":"","publisher":{"@id":"https:\/\/www.campingsersirant.fr\/#organization"},"potentialAction":[{"@type":"SearchAction","target":{"@type":"EntryPoint","urlTemplate":"https:\/\/www.campingsersirant.fr\/?s={search_term_string}"},"query-input":{"@type":"PropertyValueSpecification","valueRequired":true,"valueName":"search_term_string"}}],"inLanguage":"de"},{"@type":"Organization","@id":"https:\/\/www.campingsersirant.fr\/#organization","name":"Camping Ser Sirant","url":"https:\/\/www.campingsersirant.fr\/","logo":{"@type":"ImageObject","inLanguage":"de","@id":"https:\/\/www.campingsersirant.fr\/#\/schema\/logo\/image\/","url":"https:\/\/www.campingsersirant.fr\/wp-content\/uploads\/2022\/11\/logo-camping-ser-sirant.png","contentUrl":"https:\/\/www.campingsersirant.fr\/wp-content\/uploads\/2022\/11\/logo-camping-ser-sirant.png","width":262,"height":186,"caption":"Camping Ser Sirant"},"image":{"@id":"https:\/\/www.campingsersirant.fr\/#\/schema\/logo\/image\/"}}]}},"_links":{"self":[{"href":"https:\/\/www.campingsersirant.fr\/de\/wp-json\/wp\/v2\/pages\/1583","targetHints":{"allow":["GET"]}}],"collection":[{"href":"https:\/\/www.campingsersirant.fr\/de\/wp-json\/wp\/v2\/pages"}],"about":[{"href":"https:\/\/www.campingsersirant.fr\/de\/wp-json\/wp\/v2\/types\/page"}],"author":[{"embeddable":true,"href":"https:\/\/www.campingsersirant.fr\/de\/wp-json\/wp\/v2\/users\/1"}],"replies":[{"embeddable":true,"href":"https:\/\/www.campingsersirant.fr\/de\/wp-json\/wp\/v2\/comments?post=1583"}],"version-history":[{"count":6,"href":"https:\/\/www.campingsersirant.fr\/de\/wp-json\/wp\/v2\/pages\/1583\/revisions"}],"predecessor-version":[{"id":1893,"href":"https:\/\/www.campingsersirant.fr\/de\/wp-json\/wp\/v2\/pages\/1583\/revisions\/1893"}],"wp:featuredmedia":[{"embeddable":true,"href":"https:\/\/www.campingsersirant.fr\/de\/wp-json\/wp\/v2\/media\/1390"}],"wp:attachment":[{"href":"https:\/\/www.campingsersirant.fr\/de\/wp-json\/wp\/v2\/media?parent=1583"}],"wp:term":[{"taxonomy":"sujet","embeddable":true,"href":"https:\/\/www.campingsersirant.fr\/de\/wp-json\/wp\/v2\/sujet?post=1583"}],"curies":[{"name":"wp","href":"https:\/\/api.w.org\/{rel}","templated":true}]}}