{"id":1575,"date":"2022-12-12T11:26:11","date_gmt":"2022-12-12T10:26:11","guid":{"rendered":"https:\/\/www.campingsersirant.fr\/camping-seeufer-saint-theoffrey\/"},"modified":"2022-12-13T09:10:25","modified_gmt":"2022-12-13T08:10:25","slug":"camping-seeufer-saint-theoffrey","status":"publish","type":"page","link":"https:\/\/www.campingsersirant.fr\/de\/camping-seeufer-saint-theoffrey\/","title":{"rendered":"Seeufer"},"content":{"rendered":"<section id=\"ls-section-block_c0a1da5ff8a49d347d6ba1df06c9f615\" class=\"ls-section  has-p-t p-t-14\" >\n        <div class=\"container \">\n        \n\n<h1 class=\"ls__heading has-text-align-center feuille-deco wp-block-heading\">Ihr Ferienhaus am See <br>von Laffrey<\/h1>\n\n\n    <\/div>\n<\/section>\n\n<section id=\"ls-section-block_1478a36730be40457925ab10c909458a\" class=\"ls-section  page-one has-p-b p-b-14\" >\n        <div class=\"container container--wide\">\n        \n\n<div class=\"wp-block-columns is-layout-flex wp-container-core-columns-is-layout-9d6595d7 wp-block-columns-is-layout-flex\">\n<div class=\"wp-block-column is-vertically-aligned-center is-layout-flow wp-block-column-is-layout-flow\" style=\"flex-basis:33.33%\">\n<h2 class=\"ls__heading deco-gauche wp-block-heading\">Baden im See<\/h2>\n\n\n\n<p class=\"ls-paragraph\">Bei einem Aufenthalt auf dem <a href=\"\/de\/\">Ser Sirant<\/a>, einem Campingplatz am See in der Region <strong>Auvergne-Rh\u00f4ne-Alpes<\/strong>, haben Sie das Vergn\u00fcgen, jeden Tag im S\u00fc\u00dfwasser zu baden.<\/p>\n\n\n\n<p class=\"ls-paragraph\">Mit seinem Privatstrand an den Gew\u00e4ssern des <strong>Lac de Laffrey<\/strong> ist Ihr Campingplatz in Saint-Th\u00e9offrey ein ideales Ziel f\u00fcr einen Urlaub mit den F\u00fc\u00dfen im Wasser.<\/p>\n\n\n\n<p class=\"ls-paragraph\">Mit einer maximalen Tiefe von 1,5 m entlang des Campingplatzes bietet der See eine sehr gute Wassertemperatur, die von den Sonnenstrahlen schnell erw\u00e4rmt wird. Perfekte Bedingungen, um mit der ganzen Familie zu baden und am Wasser zu faulenzen.<\/p>\n<\/div>\n\n\n\n<div class=\"wp-block-column is-layout-flow wp-block-column-is-layout-flow\" style=\"flex-basis:66.66%\">\n<figure class=\"wp-block-image size-full arrondi-bas-gauche animated slideInRight delay-200ms slow\"><img decoding=\"async\" width=\"856\" height=\"586\" src=\"https:\/\/www.campingsersirant.fr\/wp-content\/uploads\/2022\/11\/port-lac-ser-sirant.jpg\" alt=\"port lac ser sirant\" class=\"wp-image-1031\" title=\"\" srcset=\"https:\/\/www.campingsersirant.fr\/wp-content\/uploads\/2022\/11\/port-lac-ser-sirant.jpg 856w, https:\/\/www.campingsersirant.fr\/wp-content\/uploads\/2022\/11\/port-lac-ser-sirant-300x205.jpg 300w, https:\/\/www.campingsersirant.fr\/wp-content\/uploads\/2022\/11\/port-lac-ser-sirant-768x526.jpg 768w\" sizes=\"(max-width: 856px) 100vw, 856px\" \/><\/figure>\n<\/div>\n<\/div>\n\n\n    <\/div>\n<\/section>\n\n<section id=\"ls-section-block_cb507546fecea7e52e7d576fe248c8ac\" class=\"ls-section  page-five has-background has-color-5-background-color has-p-t p-t-14 has-p-b p-b-14\" >\n        <div class=\"container container--wide\">\n        \n\n<div class=\"wp-block-columns is-layout-flex wp-container-core-columns-is-layout-9d6595d7 wp-block-columns-is-layout-flex\">\n<div class=\"wp-block-column is-layout-flow wp-block-column-is-layout-flow\">\n<figure class=\"wp-block-image size-full arrondi-haut-gauche has-m-b m-b-8 animated slideInRight delay-200ms slow\"><img decoding=\"async\" width=\"856\" height=\"586\" src=\"https:\/\/www.campingsersirant.fr\/wp-content\/uploads\/2022\/11\/peche.jpg\" alt=\"fischen see camping\" class=\"wp-image-1035\" srcset=\"https:\/\/www.campingsersirant.fr\/wp-content\/uploads\/2022\/11\/peche.jpg 856w, https:\/\/www.campingsersirant.fr\/wp-content\/uploads\/2022\/11\/peche-300x205.jpg 300w, https:\/\/www.campingsersirant.fr\/wp-content\/uploads\/2022\/11\/peche-768x526.jpg 768w\" sizes=\"(max-width: 856px) 100vw, 856px\" \/><\/figure>\n\n\n\n<h2 class=\"ls__heading has-m-l m-l-10 deco-gauche wp-block-heading\">Wassersportaktivit\u00e4ten auf dem See in Saint-Th\u00e9offrey<\/h2>\n\n\n\n<p class=\"ls-paragraph has-p-l p-l-10\">W\u00e4hrend Ihres Aufenthalts auf einem Campingplatz am See in der Region Auvergne-Rh\u00f4ne-Alpes k\u00f6nnen Sie auch eine Vielzahl von <strong>Wassersportarten<\/strong> aus\u00fcben: Segeln, Kanu fahren, Tauchen oder eine Fahrt mit dem Schoner.<\/p>\n\n\n\n<p class=\"ls-paragraph has-p-l p-l-10\">Hier gibt es keine Motorboote, die Ihre Ruhe st\u00f6ren oder die Tierwelt am Seeufer beeintr\u00e4chtigen k\u00f6nnten, sondern einen Wassersportclub, der nur 50 Meter von Ihrer Unterkunft entfernt liegt!<\/p>\n\n\n\n<p class=\"ls-paragraph has-p-l p-l-10\">So k\u00f6nnen Sie Ihren Urlaub mit den F\u00fc\u00dfen im Wasser in vollen Z\u00fcgen genie\u00dfen, mit Windsurfkursen und Kanuausfl\u00fcgen.<\/p>\n<\/div>\n\n\n\n<div class=\"wp-block-column is-vertically-aligned-center is-layout-flow wp-block-column-is-layout-flow\">\n<h2 class=\"ls__heading has-m-l m-l-10 deco-gauche wp-block-heading\">Teilen Sie eine Angelpartie im See von Laffrey<\/h2>\n\n\n\n<p class=\"ls-paragraph has-p-l p-l-10\">Angeln ist die K\u00f6nigsdisziplin auf dem See von Laffrey und kann vom Campingplatz am Seeufer in Saint-Th\u00e9offrey aus ausge\u00fcbt werden.<\/p>\n\n\n\n<p class=\"ls-paragraph has-p-l p-l-10\">Hier k\u00f6nnen Sie Hecht, Karpfen, Barsch, Saibling und Lavaret fangen, eine typische Art der Gletscherseen, die mit dem Boot geangelt wird.<br>Als einzige Einrichtung in der Is\u00e8re mit dem Label &#8222;h\u00e9bergement p\u00eache&#8220; (Unterkunft f\u00fcr Angler) ist der <a href=\"\/de\/\">Ser Sirant<\/a> der ideale Campingplatz f\u00fcr Angelfreunde und -liebhaber. Profitieren Sie von g\u00fcnstigen Pauschalangeboten und einem Chalet-Schuppen f\u00fcr Ihre Ausr\u00fcstung!<\/p>\n\n\n\n<figure class=\"wp-block-image size-full arrondi-bas-droite has-m-t m-t-8 animated slideInLeft delay-200ms slow\"><img decoding=\"async\" width=\"856\" height=\"586\" src=\"https:\/\/www.campingsersirant.fr\/wp-content\/uploads\/2022\/11\/activites-nautiques-lac-ser-sirant.jpg\" alt=\"nautische aktivit\u00e4t see ser sirant\" class=\"wp-image-1037\" srcset=\"https:\/\/www.campingsersirant.fr\/wp-content\/uploads\/2022\/11\/activites-nautiques-lac-ser-sirant.jpg 856w, https:\/\/www.campingsersirant.fr\/wp-content\/uploads\/2022\/11\/activites-nautiques-lac-ser-sirant-300x205.jpg 300w, https:\/\/www.campingsersirant.fr\/wp-content\/uploads\/2022\/11\/activites-nautiques-lac-ser-sirant-768x526.jpg 768w\" sizes=\"(max-width: 856px) 100vw, 856px\" \/><\/figure>\n<\/div>\n<\/div>\n\n\n    <\/div>\n<\/section>\n\n<section id=\"ls-section-block_a24166a5274ddb6835e80bee6c68c783\" class=\"ls-section  page-four feuille-gauche has-p-t p-t-14 has-p-b p-b-14\" >\n        <div class=\"container container--wide\">\n        \n\n<div class=\"wp-block-columns is-layout-flex wp-container-core-columns-is-layout-9d6595d7 wp-block-columns-is-layout-flex\">\n<div class=\"wp-block-column is-layout-flow wp-block-column-is-layout-flow\" style=\"flex-basis:25%\">\n<figure class=\"wp-block-image size-large feuille\"><img decoding=\"async\" width=\"605\" height=\"1024\" src=\"https:\/\/www.campingsersirant.fr\/wp-content\/uploads\/2022\/12\/feuille-605x1024.jpg\" alt=\"Blatt\" class=\"wp-image-1151\" srcset=\"https:\/\/www.campingsersirant.fr\/wp-content\/uploads\/2022\/12\/feuille-605x1024.jpg 605w, https:\/\/www.campingsersirant.fr\/wp-content\/uploads\/2022\/12\/feuille-177x300.jpg 177w, https:\/\/www.campingsersirant.fr\/wp-content\/uploads\/2022\/12\/feuille-768x1300.jpg 768w, https:\/\/www.campingsersirant.fr\/wp-content\/uploads\/2022\/12\/feuille-908x1536.jpg 908w, https:\/\/www.campingsersirant.fr\/wp-content\/uploads\/2022\/12\/feuille-1210x2048.jpg 1210w, https:\/\/www.campingsersirant.fr\/wp-content\/uploads\/2022\/12\/feuille.jpg 1365w\" sizes=\"(max-width: 605px) 100vw, 605px\" \/><\/figure>\n<\/div>\n\n\n\n<div class=\"wp-block-column is-layout-flow wp-block-column-is-layout-flow\" style=\"flex-basis:50%\">\n<h2 class=\"ls__heading has-text-align-center deco-centre wp-block-heading\">Direkter Zugang zum See vom Campingplatz aus<\/h2>\n\n\n\n<p class=\"ls-paragraph has-text-align-center\">Lust auf Urlaub am Wasser? Le Ser Sirant ist ein Campingplatz am See in Saint-Th\u00e9offrey mit direktem Zugang zum Wasser, zum Strand und zu den Freizeitangeboten.<\/p>\n\n\n\n<p class=\"ls-paragraph has-text-align-center\">Sie k\u00f6nnen das Auto vergessen und sich voll und ganz Ihren Leidenschaften hingeben: Baden, Angeln, Segeln, Tauchen. Sogar der benachbarte Baumklettergarten ist vom Campingplatz aus mit dem Kanu erreichbar!<\/p>\n<\/div>\n\n\n\n<div class=\"wp-block-column is-layout-flow wp-block-column-is-layout-flow\" style=\"flex-basis:25%\"><\/div>\n<\/div>\n\n\n    <\/div>\n<\/section>\n\n<section id=\"ls-section-block_93fdd2840e54d4f139f34ad5e17b88ca\" class=\"ls-section  page-maillage has-p-t p-t-14 has-p-b p-b-14\" >\n        <div class=\"container container--wide\">\n        \n\n<div id=\"ls-heading ls-titre-div-block_681df8d7b2858bf91a076b1324574b3b\" class=\"ls-titre-div aligncenter h2-like\" >\n     Entdecken Sie die Aktivit\u00e4ten, Dienstleistungen und Vermietungen unseres Campingplatzes.<\/div>\n\n\n<div id=\"ls-maillage-block_a534d11e30c3a2e378aca4ca33bc3853\" class=\"ls-maillage cta-style-normal has-p-t p-t-8\" data-rows=\"3\">\n    <div class=\"wp-block-columns\"><div class=\"wp-block-column\">\n\n<a href=\"https:\/\/www.campingsersirant.fr\/de\/standort-mobil-heim-heilig-theoffrey\/\" target=\"\" rel=\"noopener\" class=\"ls-cta__link\">\n\n\t<div class=\"ls-cta__image\"><img decoding=\"async\" src=\"https:\/\/www.campingsersirant.fr\/wp-content\/uploads\/2022\/11\/mobil-home-ser-sirant-768x526.jpg\" alt=\"mobil home ser sirant\"><\/div>\n\t<div class=\"ls-cta__title\">\n\t\tUnsere Mobilheime\t<\/div>\n\n\t\t\n<\/a><\/div><div class=\"wp-block-column\">\n\n<a href=\"https:\/\/www.campingsersirant.fr\/de\/guenstiger-campingplatz-saint-theoffrey\/\" target=\"\" rel=\"noopener\" class=\"ls-cta__link\">\n\n\t<div class=\"ls-cta__image\"><img decoding=\"async\" src=\"https:\/\/www.campingsersirant.fr\/wp-content\/uploads\/2022\/11\/tarifs-768x526.jpg\" alt=\"tarifs\"><\/div>\n\t<div class=\"ls-cta__title\">\n\t\tUnsere Preise\t<\/div>\n\n\t\t\n<\/a><\/div><div class=\"wp-block-column\">\n\n<a href=\"https:\/\/www.campingsersirant.fr\/de\/restaurant-saint-theoffrey\/\" target=\"\" rel=\"noopener\" class=\"ls-cta__link\">\n\n\t<div class=\"ls-cta__image\"><img decoding=\"async\" src=\"https:\/\/www.campingsersirant.fr\/wp-content\/uploads\/2022\/11\/restaurant-ser-sirant-768x526.jpg\" alt=\"restaurant camping dordogne\"><\/div>\n\t<div class=\"ls-cta__title\">\n\t\tRestaurant\t<\/div>\n\n\t\t\n<\/a><\/div><\/div><\/div>\n\n    <\/div>\n<\/section>","protected":false},"excerpt":{"rendered":"","protected":false},"author":1,"featured_media":1420,"parent":0,"menu_order":0,"comment_status":"closed","ping_status":"closed","template":"","meta":{"_acf_changed":false,"footnotes":""},"sujet":[],"class_list":["post-1575","page","type-page","status-publish","has-post-thumbnail","hentry"],"acf":[],"yoast_head":"<!-- This site is optimized with the Yoast SEO plugin v25.3 - https:\/\/yoast.com\/wordpress\/plugins\/seo\/ -->\n<title>Campingplatz am See Saint-Th\u00e9offrey | Campingplatz am See Auvergne<\/title>\n<meta name=\"robots\" content=\"index, follow, max-snippet:-1, max-image-preview:large, max-video-preview:-1\" \/>\n<link rel=\"canonical\" href=\"https:\/\/www.campingsersirant.fr\/de\/camping-seeufer-saint-theoffrey\/\" \/>\n<meta property=\"og:locale\" content=\"de_DE\" \/>\n<meta property=\"og:type\" content=\"article\" \/>\n<meta property=\"og:title\" content=\"Campingplatz am See Saint-Th\u00e9offrey | Campingplatz am See Auvergne\" \/>\n<meta property=\"og:url\" content=\"https:\/\/www.campingsersirant.fr\/de\/camping-seeufer-saint-theoffrey\/\" \/>\n<meta property=\"og:site_name\" content=\"Camping Ser Sirant\" \/>\n<meta property=\"article:modified_time\" content=\"2022-12-13T08:10:25+00:00\" \/>\n<meta property=\"og:image\" content=\"https:\/\/www.campingsersirant.fr\/wp-content\/uploads\/2022\/11\/lac-camping-ser-sirant.jpg\" \/>\n\t<meta property=\"og:image:width\" content=\"1920\" \/>\n\t<meta property=\"og:image:height\" content=\"703\" \/>\n\t<meta property=\"og:image:type\" content=\"image\/jpeg\" \/>\n<meta name=\"twitter:card\" content=\"summary_large_image\" \/>\n<meta name=\"twitter:label1\" content=\"Gesch\u00e4tzte Lesezeit\" \/>\n\t<meta name=\"twitter:data1\" content=\"3\u00a0Minuten\" \/>\n<script type=\"application\/ld+json\" class=\"yoast-schema-graph\">{\"@context\":\"https:\/\/schema.org\",\"@graph\":[{\"@type\":\"WebPage\",\"@id\":\"https:\/\/www.campingsersirant.fr\/de\/camping-seeufer-saint-theoffrey\/\",\"url\":\"https:\/\/www.campingsersirant.fr\/de\/camping-seeufer-saint-theoffrey\/\",\"name\":\"Campingplatz am See Saint-Th\u00e9offrey | Campingplatz am See Auvergne\",\"isPartOf\":{\"@id\":\"https:\/\/www.campingsersirant.fr\/#website\"},\"primaryImageOfPage\":{\"@id\":\"https:\/\/www.campingsersirant.fr\/de\/camping-seeufer-saint-theoffrey\/#primaryimage\"},\"image\":{\"@id\":\"https:\/\/www.campingsersirant.fr\/de\/camping-seeufer-saint-theoffrey\/#primaryimage\"},\"thumbnailUrl\":\"https:\/\/www.campingsersirant.fr\/wp-content\/uploads\/2022\/11\/lac-camping-ser-sirant.jpg\",\"datePublished\":\"2022-12-12T10:26:11+00:00\",\"dateModified\":\"2022-12-13T08:10:25+00:00\",\"breadcrumb\":{\"@id\":\"https:\/\/www.campingsersirant.fr\/de\/camping-seeufer-saint-theoffrey\/#breadcrumb\"},\"inLanguage\":\"de\",\"potentialAction\":[{\"@type\":\"ReadAction\",\"target\":[\"https:\/\/www.campingsersirant.fr\/de\/camping-seeufer-saint-theoffrey\/\"]}]},{\"@type\":\"ImageObject\",\"inLanguage\":\"de\",\"@id\":\"https:\/\/www.campingsersirant.fr\/de\/camping-seeufer-saint-theoffrey\/#primaryimage\",\"url\":\"https:\/\/www.campingsersirant.fr\/wp-content\/uploads\/2022\/11\/lac-camping-ser-sirant.jpg\",\"contentUrl\":\"https:\/\/www.campingsersirant.fr\/wp-content\/uploads\/2022\/11\/lac-camping-ser-sirant.jpg\",\"width\":1920,\"height\":703,\"caption\":\"lac camping ser sirant\"},{\"@type\":\"BreadcrumbList\",\"@id\":\"https:\/\/www.campingsersirant.fr\/de\/camping-seeufer-saint-theoffrey\/#breadcrumb\",\"itemListElement\":[{\"@type\":\"ListItem\",\"position\":1,\"name\":\"Camping Ser Sirant\",\"item\":\"https:\/\/www.campingsersirant.fr\/de\/\"},{\"@type\":\"ListItem\",\"position\":2,\"name\":\"Campingplatz am See in der Auvergne\"}]},{\"@type\":\"WebSite\",\"@id\":\"https:\/\/www.campingsersirant.fr\/#website\",\"url\":\"https:\/\/www.campingsersirant.fr\/\",\"name\":\"Camping Ser Sirant\",\"description\":\"\",\"publisher\":{\"@id\":\"https:\/\/www.campingsersirant.fr\/#organization\"},\"potentialAction\":[{\"@type\":\"SearchAction\",\"target\":{\"@type\":\"EntryPoint\",\"urlTemplate\":\"https:\/\/www.campingsersirant.fr\/?s={search_term_string}\"},\"query-input\":{\"@type\":\"PropertyValueSpecification\",\"valueRequired\":true,\"valueName\":\"search_term_string\"}}],\"inLanguage\":\"de\"},{\"@type\":\"Organization\",\"@id\":\"https:\/\/www.campingsersirant.fr\/#organization\",\"name\":\"Camping Ser Sirant\",\"url\":\"https:\/\/www.campingsersirant.fr\/\",\"logo\":{\"@type\":\"ImageObject\",\"inLanguage\":\"de\",\"@id\":\"https:\/\/www.campingsersirant.fr\/#\/schema\/logo\/image\/\",\"url\":\"https:\/\/www.campingsersirant.fr\/wp-content\/uploads\/2022\/11\/logo-camping-ser-sirant.png\",\"contentUrl\":\"https:\/\/www.campingsersirant.fr\/wp-content\/uploads\/2022\/11\/logo-camping-ser-sirant.png\",\"width\":262,\"height\":186,\"caption\":\"Camping Ser Sirant\"},\"image\":{\"@id\":\"https:\/\/www.campingsersirant.fr\/#\/schema\/logo\/image\/\"}}]}<\/script>\n<!-- \/ Yoast SEO plugin. -->","yoast_head_json":{"title":"Campingplatz am See Saint-Th\u00e9offrey | Campingplatz am See Auvergne","robots":{"index":"index","follow":"follow","max-snippet":"max-snippet:-1","max-image-preview":"max-image-preview:large","max-video-preview":"max-video-preview:-1"},"canonical":"https:\/\/www.campingsersirant.fr\/de\/camping-seeufer-saint-theoffrey\/","og_locale":"de_DE","og_type":"article","og_title":"Campingplatz am See Saint-Th\u00e9offrey | Campingplatz am See Auvergne","og_url":"https:\/\/www.campingsersirant.fr\/de\/camping-seeufer-saint-theoffrey\/","og_site_name":"Camping Ser Sirant","article_modified_time":"2022-12-13T08:10:25+00:00","og_image":[{"width":1920,"height":703,"url":"https:\/\/www.campingsersirant.fr\/wp-content\/uploads\/2022\/11\/lac-camping-ser-sirant.jpg","type":"image\/jpeg"}],"twitter_card":"summary_large_image","twitter_misc":{"Gesch\u00e4tzte Lesezeit":"3\u00a0Minuten"},"schema":{"@context":"https:\/\/schema.org","@graph":[{"@type":"WebPage","@id":"https:\/\/www.campingsersirant.fr\/de\/camping-seeufer-saint-theoffrey\/","url":"https:\/\/www.campingsersirant.fr\/de\/camping-seeufer-saint-theoffrey\/","name":"Campingplatz am See Saint-Th\u00e9offrey | Campingplatz am See Auvergne","isPartOf":{"@id":"https:\/\/www.campingsersirant.fr\/#website"},"primaryImageOfPage":{"@id":"https:\/\/www.campingsersirant.fr\/de\/camping-seeufer-saint-theoffrey\/#primaryimage"},"image":{"@id":"https:\/\/www.campingsersirant.fr\/de\/camping-seeufer-saint-theoffrey\/#primaryimage"},"thumbnailUrl":"https:\/\/www.campingsersirant.fr\/wp-content\/uploads\/2022\/11\/lac-camping-ser-sirant.jpg","datePublished":"2022-12-12T10:26:11+00:00","dateModified":"2022-12-13T08:10:25+00:00","breadcrumb":{"@id":"https:\/\/www.campingsersirant.fr\/de\/camping-seeufer-saint-theoffrey\/#breadcrumb"},"inLanguage":"de","potentialAction":[{"@type":"ReadAction","target":["https:\/\/www.campingsersirant.fr\/de\/camping-seeufer-saint-theoffrey\/"]}]},{"@type":"ImageObject","inLanguage":"de","@id":"https:\/\/www.campingsersirant.fr\/de\/camping-seeufer-saint-theoffrey\/#primaryimage","url":"https:\/\/www.campingsersirant.fr\/wp-content\/uploads\/2022\/11\/lac-camping-ser-sirant.jpg","contentUrl":"https:\/\/www.campingsersirant.fr\/wp-content\/uploads\/2022\/11\/lac-camping-ser-sirant.jpg","width":1920,"height":703,"caption":"lac camping ser sirant"},{"@type":"BreadcrumbList","@id":"https:\/\/www.campingsersirant.fr\/de\/camping-seeufer-saint-theoffrey\/#breadcrumb","itemListElement":[{"@type":"ListItem","position":1,"name":"Camping Ser Sirant","item":"https:\/\/www.campingsersirant.fr\/de\/"},{"@type":"ListItem","position":2,"name":"Campingplatz am See in der Auvergne"}]},{"@type":"WebSite","@id":"https:\/\/www.campingsersirant.fr\/#website","url":"https:\/\/www.campingsersirant.fr\/","name":"Camping Ser Sirant","description":"","publisher":{"@id":"https:\/\/www.campingsersirant.fr\/#organization"},"potentialAction":[{"@type":"SearchAction","target":{"@type":"EntryPoint","urlTemplate":"https:\/\/www.campingsersirant.fr\/?s={search_term_string}"},"query-input":{"@type":"PropertyValueSpecification","valueRequired":true,"valueName":"search_term_string"}}],"inLanguage":"de"},{"@type":"Organization","@id":"https:\/\/www.campingsersirant.fr\/#organization","name":"Camping Ser Sirant","url":"https:\/\/www.campingsersirant.fr\/","logo":{"@type":"ImageObject","inLanguage":"de","@id":"https:\/\/www.campingsersirant.fr\/#\/schema\/logo\/image\/","url":"https:\/\/www.campingsersirant.fr\/wp-content\/uploads\/2022\/11\/logo-camping-ser-sirant.png","contentUrl":"https:\/\/www.campingsersirant.fr\/wp-content\/uploads\/2022\/11\/logo-camping-ser-sirant.png","width":262,"height":186,"caption":"Camping Ser Sirant"},"image":{"@id":"https:\/\/www.campingsersirant.fr\/#\/schema\/logo\/image\/"}}]}},"_links":{"self":[{"href":"https:\/\/www.campingsersirant.fr\/de\/wp-json\/wp\/v2\/pages\/1575","targetHints":{"allow":["GET"]}}],"collection":[{"href":"https:\/\/www.campingsersirant.fr\/de\/wp-json\/wp\/v2\/pages"}],"about":[{"href":"https:\/\/www.campingsersirant.fr\/de\/wp-json\/wp\/v2\/types\/page"}],"author":[{"embeddable":true,"href":"https:\/\/www.campingsersirant.fr\/de\/wp-json\/wp\/v2\/users\/1"}],"replies":[{"embeddable":true,"href":"https:\/\/www.campingsersirant.fr\/de\/wp-json\/wp\/v2\/comments?post=1575"}],"version-history":[{"count":9,"href":"https:\/\/www.campingsersirant.fr\/de\/wp-json\/wp\/v2\/pages\/1575\/revisions"}],"predecessor-version":[{"id":1891,"href":"https:\/\/www.campingsersirant.fr\/de\/wp-json\/wp\/v2\/pages\/1575\/revisions\/1891"}],"wp:featuredmedia":[{"embeddable":true,"href":"https:\/\/www.campingsersirant.fr\/de\/wp-json\/wp\/v2\/media\/1420"}],"wp:attachment":[{"href":"https:\/\/www.campingsersirant.fr\/de\/wp-json\/wp\/v2\/media?parent=1575"}],"wp:term":[{"taxonomy":"sujet","embeddable":true,"href":"https:\/\/www.campingsersirant.fr\/de\/wp-json\/wp\/v2\/sujet?post=1575"}],"curies":[{"name":"wp","href":"https:\/\/api.w.org\/{rel}","templated":true}]}}