{"id":1571,"date":"2022-12-12T11:20:40","date_gmt":"2022-12-12T10:20:40","guid":{"rendered":"https:\/\/www.campingsersirant.fr\/tourismus-auvergne\/"},"modified":"2025-01-16T13:46:41","modified_gmt":"2025-01-16T12:46:41","slug":"tourismus-auvergne","status":"publish","type":"page","link":"https:\/\/www.campingsersirant.fr\/de\/tourismus-auvergne\/","title":{"rendered":"Unsere Region"},"content":{"rendered":"<section id=\"ls-section-block_5ba201243e8ac026f4a7fa8f92ae4e46\" class=\"ls-section  has-p-t p-t-14\" >\n        <div class=\"container \">\n        \n\n<h1 class=\"ls__heading wp-block-heading has-text-align-center feuille-deco\">Is\u00e8re: zahlreiche Orte zum Besichtigen<\/h1>\n\n\n    <\/div>\n<\/section><section id=\"ls-section-block_4a7daeadef595ac7d85e3e8fe7734ab3\" class=\"ls-section  page-five has-background has-color-5-background-color has-p-t p-t-14 has-p-b p-b-14\" >\n        <div class=\"container container--wide\">\n        \n\n<div class=\"wp-block-columns is-layout-flex wp-container-core-columns-is-layout-9d6595d7 wp-block-columns-is-layout-flex\">\n<div class=\"wp-block-column is-layout-flow wp-block-column-is-layout-flow\">\n<figure class=\"wp-block-image size-full arrondi-haut-gauche has-m-b m-b-8 animated slideInRight delay-200ms slow\"><img decoding=\"async\" width=\"1920\" height=\"1080\" src=\"https:\/\/www.campingsersirant.fr\/wp-content\/uploads\/2025\/01\/pierre-percee_matheysine-tourisme.webp\" alt=\"\" class=\"wp-image-2064\" srcset=\"https:\/\/www.campingsersirant.fr\/wp-content\/uploads\/2025\/01\/pierre-percee_matheysine-tourisme.webp 1920w, https:\/\/www.campingsersirant.fr\/wp-content\/uploads\/2025\/01\/pierre-percee_matheysine-tourisme-300x169.webp 300w, https:\/\/www.campingsersirant.fr\/wp-content\/uploads\/2025\/01\/pierre-percee_matheysine-tourisme-1024x576.webp 1024w, https:\/\/www.campingsersirant.fr\/wp-content\/uploads\/2025\/01\/pierre-percee_matheysine-tourisme-768x432.webp 768w, https:\/\/www.campingsersirant.fr\/wp-content\/uploads\/2025\/01\/pierre-percee_matheysine-tourisme-1536x864.webp 1536w\" sizes=\"(max-width: 1920px) 100vw, 1920px\" \/><\/figure>\n\n\n\n<h2 class=\"ls__heading wp-block-heading has-m-l m-l-10 deco-gauche\">Aktivit\u00e4ten f\u00fcr Ihre ganze Familie<\/h2>\n\n\n\n<p class=\"ls-paragraph\">Zwischen Seen, Wildwasser, Bergen, historischen St\u00e4dten und Weinbergen nimmt der Tourismus in der Auvergne-Rh\u00f4ne-Alpes viele Formen an<\/p>\n\n\n\n<p class=\"ls-paragraph\">Es gibt zahlreiche <strong>Outdoor-Aktivit\u00e4ten<\/strong> zwischen Wassersport auf Seen, Sensationssportarten auf dem Wildwasser der Fl\u00fcsse, aber auch Klettern, Wandern, Radfahren und Luftsport.<\/p>\n\n\n\n<p class=\"ls-paragraph\">Als Familienreiseziel par excellence ist die Region Auvergne-Rh\u00f4ne-Alpes reich an gro\u00dfen Naturschaupl\u00e4tzen und Sch\u00e4tzen, die es zu besichtigen gilt, wie die H\u00f6hlen von Choranche, das Bergwerksmuseum in La Mure, Notre-Dame-de-la-Salette und die G\u00e4rten des Schlosses von Vizille.<\/p>\n\n\n\n<p class=\"ls-paragraph\"> Die \u00f6rtlichen M\u00e4rkte, Restaurants und Bauernh\u00f6fe laden dazu ein, einzigartige regionale Spezialit\u00e4ten wie Mur\u00e7on, eine Kochwurst mit K\u00fcmmel, Muroise-Torte oder Walnusstorte zu entdecken.<\/p>\n<\/div>\n\n\n\n<div class=\"wp-block-column is-vertically-aligned-center is-layout-flow wp-block-column-is-layout-flow\">\n<h2 class=\"ls__heading wp-block-heading has-m-l m-l-10 deco-gauche\">Erhabene Landschaften, die es in Is\u00e8re zu sehen gibt<\/h2>\n\n\n\n<p class=\"ls-paragraph\">Entdecken Sie die <strong> einzigartigeLandschaft und <\/strong> die gro\u00dfen Sehensw\u00fcrdigkeiten der Is\u00e8re. w\u00e4hrend Ihres Aufenthalts am Seeufer auf dem Campingplatz Ser Sirant. Wanderungen f\u00fchren Sie in den Parc des \u00c9crins, wo Sie eine endemische Flora und Fauna sowie erhabene Panoramen entdecken k\u00f6nnen.<\/p>\n\n\n\n<p class=\"ls-paragraph\">Die Pfade des Grand Serre-Massivs f\u00fchren Sie zum Fourchu-See, der an der Flanke des Massivs auf dem Taillefer thront. Wundersch\u00f6ne Landschaften lassen sich auch ohne Anstrengung mit dem kleinen Alpenzug entdecken, der Sie von La Mure bis zum Aussichtspunkt Grand Balcon \u00fcber dem See Notre-Dame de Commiers bringt.<\/p>\n\n\n<div class=\"wp-block-image arrondi-bas-droite has-m-t m-t-8 animated slideInLeft delay-200ms slow\">\n<figure class=\"alignright size-full\"><img decoding=\"async\" width=\"1920\" height=\"2560\" src=\"https:\/\/www.campingsersirant.fr\/wp-content\/uploads\/2025\/01\/Canyoning-Ser-Sirant.webp\" alt=\"\" class=\"wp-image-2068\" style=\"aspect-ratio:3\/2;object-fit:cover\" srcset=\"https:\/\/www.campingsersirant.fr\/wp-content\/uploads\/2025\/01\/Canyoning-Ser-Sirant.webp 1920w, https:\/\/www.campingsersirant.fr\/wp-content\/uploads\/2025\/01\/Canyoning-Ser-Sirant-225x300.webp 225w, https:\/\/www.campingsersirant.fr\/wp-content\/uploads\/2025\/01\/Canyoning-Ser-Sirant-768x1024.webp 768w, https:\/\/www.campingsersirant.fr\/wp-content\/uploads\/2025\/01\/Canyoning-Ser-Sirant-1152x1536.webp 1152w, https:\/\/www.campingsersirant.fr\/wp-content\/uploads\/2025\/01\/Canyoning-Ser-Sirant-1536x2048.webp 1536w\" sizes=\"(max-width: 1920px) 100vw, 1920px\" \/><\/figure>\n<\/div><\/div>\n<\/div>\n\n\n    <\/div>\n<\/section><section id=\"ls-section-block_20c64526bb706c622f8ded4e276319b4\" class=\"ls-section  page-one has-p-b p-b-14\" >\n        <div class=\"container container--wide\">\n        \n\n<div class=\"wp-block-columns is-layout-flex wp-container-core-columns-is-layout-9d6595d7 wp-block-columns-is-layout-flex\">\n<div class=\"wp-block-column is-vertically-aligned-center is-layout-flow wp-block-column-is-layout-flow\" style=\"flex-basis:33.33%\">\n<h2 class=\"ls__heading wp-block-heading deco-gauche\">Unumg\u00e4ngliche St\u00e4dte, die man in Auvergne-Rh\u00f4ne-Alpes besuchen sollte<\/h2>\n\n\n\n<p class=\"ls-paragraph\">Der <a href=\"\/\">Campingplatz Ser Sirant<\/a> ist ideal gelegen , um die H\u00f6hepunkte des Tourismus in der <a href=\"https:\/\/www.isere-tourisme.com\/\" target=\"_blank\" rel=\"noreferrer noopener nofollow\">Is\u00e8re<\/a> zu entdecken.<\/p>\n\n\n\n<p class=\"ls-paragraph\">Nutzen Sie Ihren <strong>Aufenthalt am See<\/strong>, um Grenoble am Fu\u00dfe der Berge zu besichtigen, mit der Seilbahn auf den Gipfel der Bastille zu fahren, durch die Museen zu schlendern und die Tanks von Sassenage zu erkunden.<\/p>\n\n\n\n<p class=\"ls-paragraph\">Weiter n\u00f6rdlich lohnt sich ein Tagesausflug in die Stadt Lyon, um die emblematischen Traboules, das Mus\u00e9e du Cin\u00e9ma und die Basilika von Fourvi\u00e8re zu entdecken.<\/p>\n\n\n\n<p class=\"ls-paragraph\">In Valence, dem Tor zum S\u00fcden und der Hauptstadt des Departements Dr\u00f4me, bewundern Sie die Kathedrale Saint-Apollinaire und die unglaubliche Skulpturenfassade des Maison des T\u00eates.<\/p>\n<\/div>\n\n\n\n<div class=\"wp-block-column is-vertically-aligned-center is-layout-flow wp-block-column-is-layout-flow\" style=\"flex-basis:66.66%\">\n<figure class=\"wp-block-image size-full arrondi-bas-gauche animated slideInRight delay-200ms slow\"><img decoding=\"async\" width=\"856\" height=\"586\" src=\"https:\/\/www.campingsersirant.fr\/wp-content\/uploads\/2022\/11\/grenoble.jpg\" alt=\"camping grenoble\" class=\"wp-image-922\" title=\"\" srcset=\"https:\/\/www.campingsersirant.fr\/wp-content\/uploads\/2022\/11\/grenoble.jpg 856w, https:\/\/www.campingsersirant.fr\/wp-content\/uploads\/2022\/11\/grenoble-300x205.jpg 300w, https:\/\/www.campingsersirant.fr\/wp-content\/uploads\/2022\/11\/grenoble-768x526.jpg 768w\" sizes=\"(max-width: 856px) 100vw, 856px\" \/><\/figure>\n<\/div>\n<\/div>\n\n\n    <\/div>\n<\/section><section id=\"ls-section-block_1aa14b0a4053a8fb6359408fcabefd12\" class=\"ls-section  page-maillage has-p-t p-t-14 has-p-b p-b-14\" >\n        <div class=\"container container--wide\">\n        \n\n<div id=\"ls-heading ls-titre-div-block_b5e67311aaa0f7cb8d524b8a6e8dd333\" class=\"ls-titre-div aligncenter h2-like\" >\n     Entdecken Sie die Aktivit\u00e4ten, Dienstleistungen und Vermietungen unseres Campingplatzes.<\/div>\n\n\n<div id=\"ls-maillage-block_8c1df52dc57031e78b6889501d22ab48\" class=\"ls-maillage cta-style-normal has-p-t p-t-8\" data-rows=\"3\">\n    <div class=\"wp-block-columns\"><div class=\"wp-block-column\">\n\n<a href=\"https:\/\/www.campingsersirant.fr\/de\/standort-mobil-heim-heilig-theoffrey\/\" target=\"\" rel=\"noopener\" class=\"ls-cta__link\">\n\n\t<div class=\"ls-cta__image\"><img decoding=\"async\" src=\"https:\/\/www.campingsersirant.fr\/wp-content\/uploads\/2022\/11\/mobil-home-ser-sirant-768x526.jpg\" alt=\"mobil home ser sirant\"><\/div>\n\t<div class=\"ls-cta__title\">\n\t\tUnsere Mobilheime\t<\/div>\n\n\t\t\n<\/a><\/div><div class=\"wp-block-column\">\n\n<a href=\"https:\/\/www.campingsersirant.fr\/de\/guenstiger-campingplatz-saint-theoffrey\/\" target=\"\" rel=\"noopener\" class=\"ls-cta__link\">\n\n\t<div class=\"ls-cta__image\"><img decoding=\"async\" src=\"https:\/\/www.campingsersirant.fr\/wp-content\/uploads\/2022\/11\/tarifs-768x526.jpg\" alt=\"tarifs\"><\/div>\n\t<div class=\"ls-cta__title\">\n\t\tUnsere Preise\t<\/div>\n\n\t\t\n<\/a><\/div><div class=\"wp-block-column\">\n\n<a href=\"https:\/\/www.campingsersirant.fr\/de\/restaurant-saint-theoffrey\/\" target=\"\" rel=\"noopener\" class=\"ls-cta__link\">\n\n\t<div class=\"ls-cta__image\"><img decoding=\"async\" src=\"https:\/\/www.campingsersirant.fr\/wp-content\/uploads\/2022\/11\/restaurant-ser-sirant-768x526.jpg\" alt=\"restaurant camping dordogne\"><\/div>\n\t<div class=\"ls-cta__title\">\n\t\tRestaurant\t<\/div>\n\n\t\t\n<\/a><\/div><\/div><\/div>\n\n    <\/div>\n<\/section>","protected":false},"excerpt":{"rendered":"","protected":false},"author":1,"featured_media":2062,"parent":0,"menu_order":0,"comment_status":"closed","ping_status":"closed","template":"","meta":{"_acf_changed":false,"footnotes":""},"sujet":[],"class_list":["post-1571","page","type-page","status-publish","has-post-thumbnail","hentry"],"acf":[],"yoast_head":"<!-- This site is optimized with the Yoast SEO plugin v25.3 - https:\/\/yoast.com\/wordpress\/plugins\/seo\/ -->\n<title>Tourismus in der Auvergne | Aufenthalt in der Auvergne | Besichtigungen in der Auvergne<\/title>\n<meta name=\"robots\" content=\"index, follow, max-snippet:-1, max-image-preview:large, max-video-preview:-1\" \/>\n<link rel=\"canonical\" href=\"https:\/\/www.campingsersirant.fr\/de\/tourismus-auvergne\/\" \/>\n<meta property=\"og:locale\" content=\"de_DE\" \/>\n<meta property=\"og:type\" content=\"article\" \/>\n<meta property=\"og:title\" content=\"Tourismus in der Auvergne | Aufenthalt in der Auvergne | Besichtigungen in der Auvergne\" \/>\n<meta property=\"og:url\" content=\"https:\/\/www.campingsersirant.fr\/de\/tourismus-auvergne\/\" \/>\n<meta property=\"og:site_name\" content=\"Camping Ser Sirant\" \/>\n<meta property=\"article:modified_time\" content=\"2025-01-16T12:46:41+00:00\" \/>\n<meta property=\"og:image\" content=\"https:\/\/www.campingsersirant.fr\/wp-content\/uploads\/2025\/01\/afaire-ban.webp\" \/>\n\t<meta property=\"og:image:width\" content=\"1920\" \/>\n\t<meta property=\"og:image:height\" content=\"725\" \/>\n\t<meta property=\"og:image:type\" content=\"image\/webp\" \/>\n<meta name=\"twitter:card\" content=\"summary_large_image\" \/>\n<meta name=\"twitter:label1\" content=\"Gesch\u00e4tzte Lesezeit\" \/>\n\t<meta name=\"twitter:data1\" content=\"3\u00a0Minuten\" \/>\n<script type=\"application\/ld+json\" class=\"yoast-schema-graph\">{\"@context\":\"https:\/\/schema.org\",\"@graph\":[{\"@type\":\"WebPage\",\"@id\":\"https:\/\/www.campingsersirant.fr\/de\/tourismus-auvergne\/\",\"url\":\"https:\/\/www.campingsersirant.fr\/de\/tourismus-auvergne\/\",\"name\":\"Tourismus in der Auvergne | Aufenthalt in der Auvergne | Besichtigungen in der Auvergne\",\"isPartOf\":{\"@id\":\"https:\/\/www.campingsersirant.fr\/#website\"},\"primaryImageOfPage\":{\"@id\":\"https:\/\/www.campingsersirant.fr\/de\/tourismus-auvergne\/#primaryimage\"},\"image\":{\"@id\":\"https:\/\/www.campingsersirant.fr\/de\/tourismus-auvergne\/#primaryimage\"},\"thumbnailUrl\":\"https:\/\/www.campingsersirant.fr\/wp-content\/uploads\/2025\/01\/afaire-ban.webp\",\"datePublished\":\"2022-12-12T10:20:40+00:00\",\"dateModified\":\"2025-01-16T12:46:41+00:00\",\"breadcrumb\":{\"@id\":\"https:\/\/www.campingsersirant.fr\/de\/tourismus-auvergne\/#breadcrumb\"},\"inLanguage\":\"de\",\"potentialAction\":[{\"@type\":\"ReadAction\",\"target\":[\"https:\/\/www.campingsersirant.fr\/de\/tourismus-auvergne\/\"]}]},{\"@type\":\"ImageObject\",\"inLanguage\":\"de\",\"@id\":\"https:\/\/www.campingsersirant.fr\/de\/tourismus-auvergne\/#primaryimage\",\"url\":\"https:\/\/www.campingsersirant.fr\/wp-content\/uploads\/2025\/01\/afaire-ban.webp\",\"contentUrl\":\"https:\/\/www.campingsersirant.fr\/wp-content\/uploads\/2025\/01\/afaire-ban.webp\",\"width\":1920,\"height\":725},{\"@type\":\"BreadcrumbList\",\"@id\":\"https:\/\/www.campingsersirant.fr\/de\/tourismus-auvergne\/#breadcrumb\",\"itemListElement\":[{\"@type\":\"ListItem\",\"position\":1,\"name\":\"Camping Ser Sirant\",\"item\":\"https:\/\/www.campingsersirant.fr\/de\/\"},{\"@type\":\"ListItem\",\"position\":2,\"name\":\"Tourismus in der Auvergne\"}]},{\"@type\":\"WebSite\",\"@id\":\"https:\/\/www.campingsersirant.fr\/#website\",\"url\":\"https:\/\/www.campingsersirant.fr\/\",\"name\":\"Camping Ser Sirant\",\"description\":\"\",\"publisher\":{\"@id\":\"https:\/\/www.campingsersirant.fr\/#organization\"},\"potentialAction\":[{\"@type\":\"SearchAction\",\"target\":{\"@type\":\"EntryPoint\",\"urlTemplate\":\"https:\/\/www.campingsersirant.fr\/?s={search_term_string}\"},\"query-input\":{\"@type\":\"PropertyValueSpecification\",\"valueRequired\":true,\"valueName\":\"search_term_string\"}}],\"inLanguage\":\"de\"},{\"@type\":\"Organization\",\"@id\":\"https:\/\/www.campingsersirant.fr\/#organization\",\"name\":\"Camping Ser Sirant\",\"url\":\"https:\/\/www.campingsersirant.fr\/\",\"logo\":{\"@type\":\"ImageObject\",\"inLanguage\":\"de\",\"@id\":\"https:\/\/www.campingsersirant.fr\/#\/schema\/logo\/image\/\",\"url\":\"https:\/\/www.campingsersirant.fr\/wp-content\/uploads\/2022\/11\/logo-camping-ser-sirant.png\",\"contentUrl\":\"https:\/\/www.campingsersirant.fr\/wp-content\/uploads\/2022\/11\/logo-camping-ser-sirant.png\",\"width\":262,\"height\":186,\"caption\":\"Camping Ser Sirant\"},\"image\":{\"@id\":\"https:\/\/www.campingsersirant.fr\/#\/schema\/logo\/image\/\"}}]}<\/script>\n<!-- \/ Yoast SEO plugin. -->","yoast_head_json":{"title":"Tourismus in der Auvergne | Aufenthalt in der Auvergne | Besichtigungen in der Auvergne","robots":{"index":"index","follow":"follow","max-snippet":"max-snippet:-1","max-image-preview":"max-image-preview:large","max-video-preview":"max-video-preview:-1"},"canonical":"https:\/\/www.campingsersirant.fr\/de\/tourismus-auvergne\/","og_locale":"de_DE","og_type":"article","og_title":"Tourismus in der Auvergne | Aufenthalt in der Auvergne | Besichtigungen in der Auvergne","og_url":"https:\/\/www.campingsersirant.fr\/de\/tourismus-auvergne\/","og_site_name":"Camping Ser Sirant","article_modified_time":"2025-01-16T12:46:41+00:00","og_image":[{"width":1920,"height":725,"url":"https:\/\/www.campingsersirant.fr\/wp-content\/uploads\/2025\/01\/afaire-ban.webp","type":"image\/webp"}],"twitter_card":"summary_large_image","twitter_misc":{"Gesch\u00e4tzte Lesezeit":"3\u00a0Minuten"},"schema":{"@context":"https:\/\/schema.org","@graph":[{"@type":"WebPage","@id":"https:\/\/www.campingsersirant.fr\/de\/tourismus-auvergne\/","url":"https:\/\/www.campingsersirant.fr\/de\/tourismus-auvergne\/","name":"Tourismus in der Auvergne | Aufenthalt in der Auvergne | Besichtigungen in der Auvergne","isPartOf":{"@id":"https:\/\/www.campingsersirant.fr\/#website"},"primaryImageOfPage":{"@id":"https:\/\/www.campingsersirant.fr\/de\/tourismus-auvergne\/#primaryimage"},"image":{"@id":"https:\/\/www.campingsersirant.fr\/de\/tourismus-auvergne\/#primaryimage"},"thumbnailUrl":"https:\/\/www.campingsersirant.fr\/wp-content\/uploads\/2025\/01\/afaire-ban.webp","datePublished":"2022-12-12T10:20:40+00:00","dateModified":"2025-01-16T12:46:41+00:00","breadcrumb":{"@id":"https:\/\/www.campingsersirant.fr\/de\/tourismus-auvergne\/#breadcrumb"},"inLanguage":"de","potentialAction":[{"@type":"ReadAction","target":["https:\/\/www.campingsersirant.fr\/de\/tourismus-auvergne\/"]}]},{"@type":"ImageObject","inLanguage":"de","@id":"https:\/\/www.campingsersirant.fr\/de\/tourismus-auvergne\/#primaryimage","url":"https:\/\/www.campingsersirant.fr\/wp-content\/uploads\/2025\/01\/afaire-ban.webp","contentUrl":"https:\/\/www.campingsersirant.fr\/wp-content\/uploads\/2025\/01\/afaire-ban.webp","width":1920,"height":725},{"@type":"BreadcrumbList","@id":"https:\/\/www.campingsersirant.fr\/de\/tourismus-auvergne\/#breadcrumb","itemListElement":[{"@type":"ListItem","position":1,"name":"Camping Ser Sirant","item":"https:\/\/www.campingsersirant.fr\/de\/"},{"@type":"ListItem","position":2,"name":"Tourismus in der Auvergne"}]},{"@type":"WebSite","@id":"https:\/\/www.campingsersirant.fr\/#website","url":"https:\/\/www.campingsersirant.fr\/","name":"Camping Ser Sirant","description":"","publisher":{"@id":"https:\/\/www.campingsersirant.fr\/#organization"},"potentialAction":[{"@type":"SearchAction","target":{"@type":"EntryPoint","urlTemplate":"https:\/\/www.campingsersirant.fr\/?s={search_term_string}"},"query-input":{"@type":"PropertyValueSpecification","valueRequired":true,"valueName":"search_term_string"}}],"inLanguage":"de"},{"@type":"Organization","@id":"https:\/\/www.campingsersirant.fr\/#organization","name":"Camping Ser Sirant","url":"https:\/\/www.campingsersirant.fr\/","logo":{"@type":"ImageObject","inLanguage":"de","@id":"https:\/\/www.campingsersirant.fr\/#\/schema\/logo\/image\/","url":"https:\/\/www.campingsersirant.fr\/wp-content\/uploads\/2022\/11\/logo-camping-ser-sirant.png","contentUrl":"https:\/\/www.campingsersirant.fr\/wp-content\/uploads\/2022\/11\/logo-camping-ser-sirant.png","width":262,"height":186,"caption":"Camping Ser Sirant"},"image":{"@id":"https:\/\/www.campingsersirant.fr\/#\/schema\/logo\/image\/"}}]}},"_links":{"self":[{"href":"https:\/\/www.campingsersirant.fr\/de\/wp-json\/wp\/v2\/pages\/1571","targetHints":{"allow":["GET"]}}],"collection":[{"href":"https:\/\/www.campingsersirant.fr\/de\/wp-json\/wp\/v2\/pages"}],"about":[{"href":"https:\/\/www.campingsersirant.fr\/de\/wp-json\/wp\/v2\/types\/page"}],"author":[{"embeddable":true,"href":"https:\/\/www.campingsersirant.fr\/de\/wp-json\/wp\/v2\/users\/1"}],"replies":[{"embeddable":true,"href":"https:\/\/www.campingsersirant.fr\/de\/wp-json\/wp\/v2\/comments?post=1571"}],"version-history":[{"count":10,"href":"https:\/\/www.campingsersirant.fr\/de\/wp-json\/wp\/v2\/pages\/1571\/revisions"}],"predecessor-version":[{"id":2084,"href":"https:\/\/www.campingsersirant.fr\/de\/wp-json\/wp\/v2\/pages\/1571\/revisions\/2084"}],"wp:featuredmedia":[{"embeddable":true,"href":"https:\/\/www.campingsersirant.fr\/de\/wp-json\/wp\/v2\/media\/2062"}],"wp:attachment":[{"href":"https:\/\/www.campingsersirant.fr\/de\/wp-json\/wp\/v2\/media?parent=1571"}],"wp:term":[{"taxonomy":"sujet","embeddable":true,"href":"https:\/\/www.campingsersirant.fr\/de\/wp-json\/wp\/v2\/sujet?post=1571"}],"curies":[{"name":"wp","href":"https:\/\/api.w.org\/{rel}","templated":true}]}}