{"id":1567,"date":"2022-12-12T11:17:36","date_gmt":"2022-12-12T10:17:36","guid":{"rendered":"https:\/\/www.campingsersirant.fr\/zeltplatz-animationen-saint-theoffrey\/"},"modified":"2025-01-16T12:25:33","modified_gmt":"2025-01-16T11:25:33","slug":"zeltplatz-animationen-saint-theoffrey","status":"publish","type":"page","link":"https:\/\/www.campingsersirant.fr\/de\/zeltplatz-animationen-saint-theoffrey\/","title":{"rendered":"Animationen und Aktivit\u00e4ten"},"content":{"rendered":"<section id=\"ls-section-block_2d53f756fcba44e5fcf0078ab4882ba7\" class=\"ls-section  has-p-t p-t-14\" >\n        <div class=\"container \">\n        \n\n<h1 class=\"ls__heading wp-block-heading has-text-align-center feuille-deco\">Ihr Aufenthalt reich an Aktivit\u00e4ten <br\/>in Auvergne-Rh\u00f4ne-Alpes<\/h1>\n\n\n    <\/div>\n<\/section><section id=\"ls-section-block_b6529a4bc12e2e6f389185c4b357b7ad\" class=\"ls-section  page-one has-p-b p-b-14\" >\n        <div class=\"container container--wide\">\n        \n\n<div class=\"wp-block-columns is-layout-flex wp-container-core-columns-is-layout-9d6595d7 wp-block-columns-is-layout-flex\">\n<div class=\"wp-block-column is-vertically-aligned-center is-layout-flow wp-block-column-is-layout-flow\" style=\"flex-basis:33.33%\">\n<h2 class=\"ls__heading wp-block-heading deco-gauche\">Campingplatz mit Top-Animationen in Saint-Th\u00e9offrey<\/h2>\n\n\n\n<h3 class=\"ls__heading wp-block-heading\">Der Miniclub f\u00fcr den gr\u00f6\u00dften Spa\u00df Ihrer Kinder<\/h3>\n\n\n\n<p class=\"ls-paragraph\">Haben Sie Lust, einen <strong>Familienurlaub<\/strong> auf einem Campingplatz mit Animationen in Auvergne-Rh\u00f4ne-Alpes zu verbringen und dabei viele <strong>Erinnerungen<\/strong> zu sammeln?<\/p>\n\n\n\n<p class=\"ls-paragraph\">Machen Sie Ihren kleinen Kindern eine Freude, indem Sie auf dem Campingplatz Ser Sirant in Saint-Th\u00e9offrey buchen: Sie werden dort von zahlreichen Aktivit\u00e4ten, <strong>Spielpl\u00e4tzen<\/strong> und einem <strong>Miniclub<\/strong> nur f\u00fcr sie profitieren.<\/p>\n<\/div>\n\n\n\n<div class=\"wp-block-column is-layout-flow wp-block-column-is-layout-flow\" style=\"flex-basis:66.66%\">\n<figure class=\"wp-block-image size-full arrondi-bas-gauche animated slideInRight delay-200ms slow\"><img decoding=\"async\" width=\"856\" height=\"586\" src=\"https:\/\/www.campingsersirant.fr\/wp-content\/uploads\/2022\/11\/mini-club-enfant.jpg\" alt=\"Miniclub f&#xFC;r Kinder\" class=\"wp-image-838\" title=\"\" srcset=\"https:\/\/www.campingsersirant.fr\/wp-content\/uploads\/2022\/11\/mini-club-enfant.jpg 856w, https:\/\/www.campingsersirant.fr\/wp-content\/uploads\/2022\/11\/mini-club-enfant-300x205.jpg 300w, https:\/\/www.campingsersirant.fr\/wp-content\/uploads\/2022\/11\/mini-club-enfant-768x526.jpg 768w\" sizes=\"(max-width: 856px) 100vw, 856px\" \/><\/figure>\n<\/div>\n<\/div>\n\n\n    <\/div>\n<\/section><section id=\"ls-section-block_ea2bea6bc4b3bd25dff6df65c0ee9e81\" class=\"ls-section  page-five has-background has-color-5-background-color has-p-t p-t-14 has-p-b p-b-14\" >\n        <div class=\"container container--wide\">\n        \n\n<div class=\"wp-block-columns is-layout-flex wp-container-core-columns-is-layout-9d6595d7 wp-block-columns-is-layout-flex\">\n<div class=\"wp-block-column is-layout-flow wp-block-column-is-layout-flow\">\n<figure class=\"wp-block-image size-full arrondi-haut-gauche has-m-b m-b-8 animated slideInRight delay-200ms slow\"><img decoding=\"async\" width=\"640\" height=\"400\" src=\"https:\/\/www.campingsersirant.fr\/wp-content\/uploads\/2022\/11\/randonnee-ser-sirant.jpg\" alt=\"wandern ser sirant\" class=\"wp-image-836\" srcset=\"https:\/\/www.campingsersirant.fr\/wp-content\/uploads\/2022\/11\/randonnee-ser-sirant.jpg 640w, https:\/\/www.campingsersirant.fr\/wp-content\/uploads\/2022\/11\/randonnee-ser-sirant-300x188.jpg 300w\" sizes=\"(max-width: 640px) 100vw, 640px\" \/><\/figure>\n\n\n\n<h3 class=\"ls__heading wp-block-heading has-p-l p-l-10\">Ihre Abendunterhaltung in Saint-Th\u00e9offreyc<\/h3>\n\n\n\n<p class=\"ls-paragraph\">Haben Sie Lust, im <strong>Urlaub sch\u00f6ne Abende zu verbringen<\/strong>, neue Leute kennen zu lernen, zu feiern oder gem\u00fctliche Mahlzeiten zu teilen?<\/p>\n\n\n\n<p class=\"ls-paragraph\">Buchen Sie Ihre Woche oder Ihre zwei Wochen auf dem Ser Sirant, einem Campingplatz mit Animationen in der Region Auvergne-Rh\u00f4ne-Alpes, und genie\u00dfen Sie mit Ihrer Familie gem\u00fctliche Abende mit Lagerfeuer (Kasten), Minidisko und Folkloreb\u00e4llen.<\/p>\n<\/div>\n\n\n\n<div class=\"wp-block-column is-vertically-aligned-center is-layout-flow wp-block-column-is-layout-flow\">\n<h3 class=\"ls__heading wp-block-heading has-p-l p-l-10\">Animationen f\u00fcr die Gr\u00f6\u00dferen in Auvergne-Rh\u00f4ne-Alpes<\/h3>\n\n\n\n<p class=\"ls-paragraph\">Der Campingplatz Ser Sirant h\u00e4lt f\u00fcr Sie <strong>spielerische oder sportliche Familienanimationen<\/strong> bereit, darunter mehrere Aktivit\u00e4ten, die von unserem vertrauensw\u00fcrdigen Partner KX Event durchgef\u00fchrt werden.<\/p>\n\n\n\n<p class=\"ls-paragraph\">Auf dem Programm Ihres Urlaubs stehen Schatzsuchen, die Verkostung lokaler Produkte oder herrliche Entdeckungswanderungen. Buchen Sie auf einem Campingplatz mit Animationen in Saint-Th\u00e9offrey und Sie k\u00f6nnen sicher sein, dass Ihr Aufenthalt ein voller Erfolg wird!<\/p>\n\n\n\n<figure class=\"wp-block-image size-full arrondi-bas-droite has-m-t m-t-8 animated slideInLeft delay-200ms slow\"><img decoding=\"async\" width=\"640\" height=\"400\" src=\"https:\/\/www.campingsersirant.fr\/wp-content\/uploads\/2022\/11\/soiree-camping-ser-sirant.jpg\" alt=\"abend camping ser sirant\" class=\"wp-image-834\" srcset=\"https:\/\/www.campingsersirant.fr\/wp-content\/uploads\/2022\/11\/soiree-camping-ser-sirant.jpg 640w, https:\/\/www.campingsersirant.fr\/wp-content\/uploads\/2022\/11\/soiree-camping-ser-sirant-300x188.jpg 300w\" sizes=\"(max-width: 640px) 100vw, 640px\" \/><\/figure>\n<\/div>\n<\/div>\n\n\n    <\/div>\n<\/section><section id=\"ls-section-block_f642d5218df28c5fd761bba23569cd37\" class=\"ls-section  page-three has-p-t p-t-15\" >\n        <div class=\"container container--full\">\n        \n\n<div class=\"wp-block-columns is-layout-flex wp-container-core-columns-is-layout-9d6595d7 wp-block-columns-is-layout-flex\">\n<div class=\"wp-block-column is-layout-flow wp-block-column-is-layout-flow\" style=\"flex-basis:20%\"><\/div>\n\n\n\n<div class=\"wp-block-column is-layout-flow wp-block-column-is-layout-flow\" style=\"flex-basis:30%\">\n<h3 class=\"ls__heading wp-block-heading has-text-align-center\">Unsere Ausfl\u00fcge und Sportveranstaltungen in in Saint-Th\u00e9offrey<\/h3>\n\n\n\n<p class=\"ls-paragraph has-text-align-center\">Sie erwarten von einem Campingplatz mit Animationen in Saint-Th\u00e9offrey, dass er \u00fcber <strong>Sporteinrichtungen<\/strong> verf\u00fcgt und Sie sich w\u00e4hrend Ihres Aufenthalts auspowern k\u00f6nnen?<\/p>\n\n\n\n<p class=\"ls-paragraph has-text-align-center\">Im Ser Sirant k\u00f6nnen Sie Bogenschie\u00dfen, Windsurfen, Kanufahrten, Schnuppertauchen, Running und Trekking in Gruppen organisieren. Der Trumpf unseres Campingplatzes? Sein See nat\u00fcrlich, aber auch sein <strong>Multisportplatz<\/strong> und ein sch\u00f6nes Netz von Wanderwegen.<\/p>\n<\/div>\n\n\n\n<div class=\"wp-block-column is-layout-flow wp-block-column-is-layout-flow\" style=\"flex-basis:30%\">\n<h3 class=\"ls__heading wp-block-heading has-text-align-center\">Buchen Sie Ihre Massage f\u00fcr einen entspannenden Moment<\/h3>\n\n\n\n<p class=\"ls-paragraph has-text-align-center\">Sie stellen sich Ihren Urlaub vor allem als eine Auszeit vor, in der Sie sich entspannen und erholen k\u00f6nnen, eine echte Pause, um neue Kraft zu sch\u00f6pfen?<\/p>\n\n\n\n<p class=\"ls-paragraph has-text-align-center\">Auf dem Ser Sirant, einem Campingplatz mit Animationen in der Region Auvergne-Rh\u00f4ne-Alpes, finden Sie das Gleichgewicht, das Sie zwischen Freizeit und Entspannung brauchen.<\/p>\n\n\n\n<p class=\"ls-paragraph has-text-align-center\">Buchen Sie nach einem Ausflug, einem Angelausflug oder einer Windsurfpartie Ihre Pflanzen\u00f6l- oder Saro-Massage f\u00fcr einen Moment des Wohlbefindens!<\/p>\n<\/div>\n\n\n\n<div class=\"wp-block-column is-layout-flow wp-block-column-is-layout-flow\" style=\"flex-basis:20%\"><\/div>\n<\/div>\n\n\n    <\/div>\n<\/section><section id=\"ls-section-block_7c1e9981f385bc046589fb03585435be\" class=\"ls-section  page-four feuille-droite has-p-t p-t-14 has-p-b p-b-14\" >\n        <div class=\"container container--full\">\n        \n\n<div class=\"wp-block-columns is-layout-flex wp-container-core-columns-is-layout-9d6595d7 wp-block-columns-is-layout-flex\">\n<div class=\"wp-block-column is-layout-flow wp-block-column-is-layout-flow\" style=\"flex-basis:25%\"><\/div>\n\n\n\n<div class=\"wp-block-column is-layout-flow wp-block-column-is-layout-flow\" style=\"flex-basis:50%\">\n<h3 class=\"ls__heading wp-block-heading has-text-align-center\">Naturaktivit\u00e4ten in der N\u00e4he des Campingplatzes<\/h3>\n\n\n\n<p class=\"ls-paragraph has-text-align-center\">Der <a href=\"\/\">Campingplatz in Saint-Th\u00e9offrey<\/a> wird Sie auch durch seine <strong>Lage am See<\/strong> und durch die zahlreichen Aktivit\u00e4ten, die man in unmittelbarer N\u00e4he aus\u00fcben kann, begeistern: <\/p>\n\n\n\n<p class=\"ls-paragraph has-text-align-center\">Aber auch Rafting und Canyoning auf dem Fluss Bonne oder die Himalaya-Stege \u00fcber dem Wasser!<\/p>\n\n\n\n<p class=\"ls-paragraph has-text-align-center\">Die Wassersportbasen am Lac Laffrey bieten Rudern, Tretbootfahren, Windsurfen und Kurse f\u00fcr angehende S\u00fc\u00dfwassermatrosen an &#8230; Ran an die Segel und Ruder!<\/p>\n<\/div>\n\n\n\n<div class=\"wp-block-column is-layout-flow wp-block-column-is-layout-flow\" style=\"flex-basis:25%\">\n<figure class=\"wp-block-image size-large feuille\"><img decoding=\"async\" width=\"605\" height=\"1024\" src=\"https:\/\/www.campingsersirant.fr\/wp-content\/uploads\/2022\/12\/feuille-605x1024.jpg\" alt=\"Blatt\" class=\"wp-image-1151\" srcset=\"https:\/\/www.campingsersirant.fr\/wp-content\/uploads\/2022\/12\/feuille-605x1024.jpg 605w, https:\/\/www.campingsersirant.fr\/wp-content\/uploads\/2022\/12\/feuille-177x300.jpg 177w, https:\/\/www.campingsersirant.fr\/wp-content\/uploads\/2022\/12\/feuille-768x1300.jpg 768w, https:\/\/www.campingsersirant.fr\/wp-content\/uploads\/2022\/12\/feuille-908x1536.jpg 908w, https:\/\/www.campingsersirant.fr\/wp-content\/uploads\/2022\/12\/feuille-1210x2048.jpg 1210w, https:\/\/www.campingsersirant.fr\/wp-content\/uploads\/2022\/12\/feuille.jpg 1365w\" sizes=\"(max-width: 605px) 100vw, 605px\" \/><\/figure>\n<\/div>\n<\/div>\n\n\n    <\/div>\n<\/section><section id=\"ls-section-block_f34613de98862fb8c4116802134e2290\" class=\"ls-section  page-maillage has-p-t p-t-14 has-p-b p-b-14\" >\n        <div class=\"container container--wide\">\n        \n\n<div id=\"ls-heading ls-titre-div-block_2b33da69255edfaccfc10e3fc67fb183\" class=\"ls-titre-div aligncenter h2-like\" >\n    Entdecken Sie das Restaurant, den See und die Dienstleistungen unseres Campingplatzes.<\/div>\n\n\n<div id=\"ls-maillage-block_85cf453c54a804c0f8f92c3bb81584e1\" class=\"ls-maillage cta-style-normal has-p-t p-t-8\" data-rows=\"3\">\n    <div class=\"wp-block-columns\"><div class=\"wp-block-column\">\n\n<a href=\"https:\/\/www.campingsersirant.fr\/de\/camping-seeufer-saint-theoffrey\/\" target=\"\" rel=\"noopener\" class=\"ls-cta__link\">\n\n\t<div class=\"ls-cta__image\"><img decoding=\"async\" src=\"https:\/\/www.campingsersirant.fr\/wp-content\/uploads\/2022\/11\/camping-ser-sirant-sports-aquatiques-en-isere-768x576.jpg\" alt=\"camping ser sirant\"><\/div>\n\t<div class=\"ls-cta__title\">\n\t\tSeeufer\t<\/div>\n\n\t\t\n<\/a><\/div><div class=\"wp-block-column\">\n\n<a href=\"https:\/\/www.campingsersirant.fr\/de\/restaurant-saint-theoffrey\/\" target=\"\" rel=\"noopener\" class=\"ls-cta__link\">\n\n\t<div class=\"ls-cta__image\"><img decoding=\"async\" src=\"https:\/\/www.campingsersirant.fr\/wp-content\/uploads\/2022\/11\/restaurant-ser-sirant-768x526.jpg\" alt=\"restaurant camping dordogne\"><\/div>\n\t<div class=\"ls-cta__title\">\n\t\tRestaurant\t<\/div>\n\n\t\t\n<\/a><\/div><div class=\"wp-block-column\">\n\n<a href=\"https:\/\/www.campingsersirant.fr\/de\/camping-familie-heilige-offrey\/\" target=\"\" rel=\"noopener\" class=\"ls-cta__link\">\n\n\t<div class=\"ls-cta__image\"><img decoding=\"async\" src=\"https:\/\/www.campingsersirant.fr\/wp-content\/uploads\/2022\/12\/services-768x512.jpg\" alt=\"camping ser sirant avec de nombreux services\"><\/div>\n\t<div class=\"ls-cta__title\">\n\t\tDienste\t<\/div>\n\n\t\t\n<\/a><\/div><\/div><\/div>\n\n    <\/div>\n<\/section>","protected":false},"excerpt":{"rendered":"","protected":false},"author":1,"featured_media":2049,"parent":0,"menu_order":0,"comment_status":"closed","ping_status":"closed","template":"","meta":{"_acf_changed":false,"footnotes":""},"sujet":[],"class_list":["post-1567","page","type-page","status-publish","has-post-thumbnail","hentry"],"acf":[],"yoast_head":"<!-- This site is optimized with the Yoast SEO plugin v25.3 - https:\/\/yoast.com\/wordpress\/plugins\/seo\/ -->\n<title>Camping animations Saint-Th\u00e9offrey | Camping Aktivit\u00e4ten in der Auvergne<\/title>\n<meta name=\"robots\" content=\"index, follow, max-snippet:-1, max-image-preview:large, max-video-preview:-1\" \/>\n<link rel=\"canonical\" href=\"https:\/\/www.campingsersirant.fr\/de\/zeltplatz-animationen-saint-theoffrey\/\" \/>\n<meta property=\"og:locale\" content=\"de_DE\" \/>\n<meta property=\"og:type\" content=\"article\" \/>\n<meta property=\"og:title\" content=\"Camping animations Saint-Th\u00e9offrey | Camping Aktivit\u00e4ten in der Auvergne\" \/>\n<meta property=\"og:url\" content=\"https:\/\/www.campingsersirant.fr\/de\/zeltplatz-animationen-saint-theoffrey\/\" \/>\n<meta property=\"og:site_name\" content=\"Camping Ser Sirant\" \/>\n<meta property=\"article:modified_time\" content=\"2025-01-16T11:25:33+00:00\" \/>\n<meta property=\"og:image\" content=\"https:\/\/www.campingsersirant.fr\/wp-content\/uploads\/2025\/01\/activites-ban.webp\" \/>\n\t<meta property=\"og:image:width\" content=\"1920\" \/>\n\t<meta property=\"og:image:height\" content=\"725\" \/>\n\t<meta property=\"og:image:type\" content=\"image\/webp\" \/>\n<meta name=\"twitter:card\" content=\"summary_large_image\" \/>\n<meta name=\"twitter:label1\" content=\"Gesch\u00e4tzte Lesezeit\" \/>\n\t<meta name=\"twitter:data1\" content=\"4\u00a0Minuten\" \/>\n<script type=\"application\/ld+json\" class=\"yoast-schema-graph\">{\"@context\":\"https:\/\/schema.org\",\"@graph\":[{\"@type\":\"WebPage\",\"@id\":\"https:\/\/www.campingsersirant.fr\/de\/zeltplatz-animationen-saint-theoffrey\/\",\"url\":\"https:\/\/www.campingsersirant.fr\/de\/zeltplatz-animationen-saint-theoffrey\/\",\"name\":\"Camping animations Saint-Th\u00e9offrey | Camping Aktivit\u00e4ten in der Auvergne\",\"isPartOf\":{\"@id\":\"https:\/\/www.campingsersirant.fr\/#website\"},\"primaryImageOfPage\":{\"@id\":\"https:\/\/www.campingsersirant.fr\/de\/zeltplatz-animationen-saint-theoffrey\/#primaryimage\"},\"image\":{\"@id\":\"https:\/\/www.campingsersirant.fr\/de\/zeltplatz-animationen-saint-theoffrey\/#primaryimage\"},\"thumbnailUrl\":\"https:\/\/www.campingsersirant.fr\/wp-content\/uploads\/2025\/01\/activites-ban.webp\",\"datePublished\":\"2022-12-12T10:17:36+00:00\",\"dateModified\":\"2025-01-16T11:25:33+00:00\",\"breadcrumb\":{\"@id\":\"https:\/\/www.campingsersirant.fr\/de\/zeltplatz-animationen-saint-theoffrey\/#breadcrumb\"},\"inLanguage\":\"de\",\"potentialAction\":[{\"@type\":\"ReadAction\",\"target\":[\"https:\/\/www.campingsersirant.fr\/de\/zeltplatz-animationen-saint-theoffrey\/\"]}]},{\"@type\":\"ImageObject\",\"inLanguage\":\"de\",\"@id\":\"https:\/\/www.campingsersirant.fr\/de\/zeltplatz-animationen-saint-theoffrey\/#primaryimage\",\"url\":\"https:\/\/www.campingsersirant.fr\/wp-content\/uploads\/2025\/01\/activites-ban.webp\",\"contentUrl\":\"https:\/\/www.campingsersirant.fr\/wp-content\/uploads\/2025\/01\/activites-ban.webp\",\"width\":1920,\"height\":725},{\"@type\":\"BreadcrumbList\",\"@id\":\"https:\/\/www.campingsersirant.fr\/de\/zeltplatz-animationen-saint-theoffrey\/#breadcrumb\",\"itemListElement\":[{\"@type\":\"ListItem\",\"position\":1,\"name\":\"Camping Ser Sirant\",\"item\":\"https:\/\/www.campingsersirant.fr\/de\/\"},{\"@type\":\"ListItem\",\"position\":2,\"name\":\"Campingplatz mit Animationen in Saint-Th\u00e9offrey\"}]},{\"@type\":\"WebSite\",\"@id\":\"https:\/\/www.campingsersirant.fr\/#website\",\"url\":\"https:\/\/www.campingsersirant.fr\/\",\"name\":\"Camping Ser Sirant\",\"description\":\"\",\"publisher\":{\"@id\":\"https:\/\/www.campingsersirant.fr\/#organization\"},\"potentialAction\":[{\"@type\":\"SearchAction\",\"target\":{\"@type\":\"EntryPoint\",\"urlTemplate\":\"https:\/\/www.campingsersirant.fr\/?s={search_term_string}\"},\"query-input\":{\"@type\":\"PropertyValueSpecification\",\"valueRequired\":true,\"valueName\":\"search_term_string\"}}],\"inLanguage\":\"de\"},{\"@type\":\"Organization\",\"@id\":\"https:\/\/www.campingsersirant.fr\/#organization\",\"name\":\"Camping Ser Sirant\",\"url\":\"https:\/\/www.campingsersirant.fr\/\",\"logo\":{\"@type\":\"ImageObject\",\"inLanguage\":\"de\",\"@id\":\"https:\/\/www.campingsersirant.fr\/#\/schema\/logo\/image\/\",\"url\":\"https:\/\/www.campingsersirant.fr\/wp-content\/uploads\/2022\/11\/logo-camping-ser-sirant.png\",\"contentUrl\":\"https:\/\/www.campingsersirant.fr\/wp-content\/uploads\/2022\/11\/logo-camping-ser-sirant.png\",\"width\":262,\"height\":186,\"caption\":\"Camping Ser Sirant\"},\"image\":{\"@id\":\"https:\/\/www.campingsersirant.fr\/#\/schema\/logo\/image\/\"}}]}<\/script>\n<!-- \/ Yoast SEO plugin. -->","yoast_head_json":{"title":"Camping animations Saint-Th\u00e9offrey | Camping Aktivit\u00e4ten in der Auvergne","robots":{"index":"index","follow":"follow","max-snippet":"max-snippet:-1","max-image-preview":"max-image-preview:large","max-video-preview":"max-video-preview:-1"},"canonical":"https:\/\/www.campingsersirant.fr\/de\/zeltplatz-animationen-saint-theoffrey\/","og_locale":"de_DE","og_type":"article","og_title":"Camping animations Saint-Th\u00e9offrey | Camping Aktivit\u00e4ten in der Auvergne","og_url":"https:\/\/www.campingsersirant.fr\/de\/zeltplatz-animationen-saint-theoffrey\/","og_site_name":"Camping Ser Sirant","article_modified_time":"2025-01-16T11:25:33+00:00","og_image":[{"width":1920,"height":725,"url":"https:\/\/www.campingsersirant.fr\/wp-content\/uploads\/2025\/01\/activites-ban.webp","type":"image\/webp"}],"twitter_card":"summary_large_image","twitter_misc":{"Gesch\u00e4tzte Lesezeit":"4\u00a0Minuten"},"schema":{"@context":"https:\/\/schema.org","@graph":[{"@type":"WebPage","@id":"https:\/\/www.campingsersirant.fr\/de\/zeltplatz-animationen-saint-theoffrey\/","url":"https:\/\/www.campingsersirant.fr\/de\/zeltplatz-animationen-saint-theoffrey\/","name":"Camping animations Saint-Th\u00e9offrey | Camping Aktivit\u00e4ten in der Auvergne","isPartOf":{"@id":"https:\/\/www.campingsersirant.fr\/#website"},"primaryImageOfPage":{"@id":"https:\/\/www.campingsersirant.fr\/de\/zeltplatz-animationen-saint-theoffrey\/#primaryimage"},"image":{"@id":"https:\/\/www.campingsersirant.fr\/de\/zeltplatz-animationen-saint-theoffrey\/#primaryimage"},"thumbnailUrl":"https:\/\/www.campingsersirant.fr\/wp-content\/uploads\/2025\/01\/activites-ban.webp","datePublished":"2022-12-12T10:17:36+00:00","dateModified":"2025-01-16T11:25:33+00:00","breadcrumb":{"@id":"https:\/\/www.campingsersirant.fr\/de\/zeltplatz-animationen-saint-theoffrey\/#breadcrumb"},"inLanguage":"de","potentialAction":[{"@type":"ReadAction","target":["https:\/\/www.campingsersirant.fr\/de\/zeltplatz-animationen-saint-theoffrey\/"]}]},{"@type":"ImageObject","inLanguage":"de","@id":"https:\/\/www.campingsersirant.fr\/de\/zeltplatz-animationen-saint-theoffrey\/#primaryimage","url":"https:\/\/www.campingsersirant.fr\/wp-content\/uploads\/2025\/01\/activites-ban.webp","contentUrl":"https:\/\/www.campingsersirant.fr\/wp-content\/uploads\/2025\/01\/activites-ban.webp","width":1920,"height":725},{"@type":"BreadcrumbList","@id":"https:\/\/www.campingsersirant.fr\/de\/zeltplatz-animationen-saint-theoffrey\/#breadcrumb","itemListElement":[{"@type":"ListItem","position":1,"name":"Camping Ser Sirant","item":"https:\/\/www.campingsersirant.fr\/de\/"},{"@type":"ListItem","position":2,"name":"Campingplatz mit Animationen in Saint-Th\u00e9offrey"}]},{"@type":"WebSite","@id":"https:\/\/www.campingsersirant.fr\/#website","url":"https:\/\/www.campingsersirant.fr\/","name":"Camping Ser Sirant","description":"","publisher":{"@id":"https:\/\/www.campingsersirant.fr\/#organization"},"potentialAction":[{"@type":"SearchAction","target":{"@type":"EntryPoint","urlTemplate":"https:\/\/www.campingsersirant.fr\/?s={search_term_string}"},"query-input":{"@type":"PropertyValueSpecification","valueRequired":true,"valueName":"search_term_string"}}],"inLanguage":"de"},{"@type":"Organization","@id":"https:\/\/www.campingsersirant.fr\/#organization","name":"Camping Ser Sirant","url":"https:\/\/www.campingsersirant.fr\/","logo":{"@type":"ImageObject","inLanguage":"de","@id":"https:\/\/www.campingsersirant.fr\/#\/schema\/logo\/image\/","url":"https:\/\/www.campingsersirant.fr\/wp-content\/uploads\/2022\/11\/logo-camping-ser-sirant.png","contentUrl":"https:\/\/www.campingsersirant.fr\/wp-content\/uploads\/2022\/11\/logo-camping-ser-sirant.png","width":262,"height":186,"caption":"Camping Ser Sirant"},"image":{"@id":"https:\/\/www.campingsersirant.fr\/#\/schema\/logo\/image\/"}}]}},"_links":{"self":[{"href":"https:\/\/www.campingsersirant.fr\/de\/wp-json\/wp\/v2\/pages\/1567","targetHints":{"allow":["GET"]}}],"collection":[{"href":"https:\/\/www.campingsersirant.fr\/de\/wp-json\/wp\/v2\/pages"}],"about":[{"href":"https:\/\/www.campingsersirant.fr\/de\/wp-json\/wp\/v2\/types\/page"}],"author":[{"embeddable":true,"href":"https:\/\/www.campingsersirant.fr\/de\/wp-json\/wp\/v2\/users\/1"}],"replies":[{"embeddable":true,"href":"https:\/\/www.campingsersirant.fr\/de\/wp-json\/wp\/v2\/comments?post=1567"}],"version-history":[{"count":7,"href":"https:\/\/www.campingsersirant.fr\/de\/wp-json\/wp\/v2\/pages\/1567\/revisions"}],"predecessor-version":[{"id":2056,"href":"https:\/\/www.campingsersirant.fr\/de\/wp-json\/wp\/v2\/pages\/1567\/revisions\/2056"}],"wp:featuredmedia":[{"embeddable":true,"href":"https:\/\/www.campingsersirant.fr\/de\/wp-json\/wp\/v2\/media\/2049"}],"wp:attachment":[{"href":"https:\/\/www.campingsersirant.fr\/de\/wp-json\/wp\/v2\/media?parent=1567"}],"wp:term":[{"taxonomy":"sujet","embeddable":true,"href":"https:\/\/www.campingsersirant.fr\/de\/wp-json\/wp\/v2\/sujet?post=1567"}],"curies":[{"name":"wp","href":"https:\/\/api.w.org\/{rel}","templated":true}]}}